{"id":3558,"date":"2025-10-18T20:19:44","date_gmt":"2025-10-18T18:19:44","guid":{"rendered":"https:\/\/sdg2033.world\/vision-mission\/"},"modified":"2026-05-05T10:26:50","modified_gmt":"2026-05-05T08:26:50","slug":"vision-mission","status":"publish","type":"page","link":"https:\/\/sdg2033.world\/de\/vision-mission\/","title":{"rendered":"Vision &amp; Mission"},"content":{"rendered":"<div class=\"et_pb_section_0 et_pb_section et_section_regular et_block_section\" id=\"vision\">\n<div class=\"et_pb_row_0 et_pb_row et_pb_equal_columns et_pb_gutters1 et_block_row\">\n<div class=\"et_pb_column_0 et_pb_column et_pb_column_2_5 et_block_column et_pb_css_mix_blend_mode_passthrough\">\n<div class=\"et_pb_image_0 et_pb_image et_animated et_pb_module et_block_module\"><span class=\"et_pb_image_wrap\"><img loading=\"lazy\" decoding=\"async\" src=\"https:\/\/sdg2033.world\/wp-content\/uploads\/2026\/04\/sdg_heart_sp.jpg\" width=\"1024\" height=\"1264\" srcset=\"https:\/\/sdg2033.world\/wp-content\/uploads\/2026\/04\/sdg_heart_sp.jpg 1024w, https:\/\/sdg2033.world\/wp-content\/uploads\/2026\/04\/sdg_heart_sp-980x1210.jpg 980w, https:\/\/sdg2033.world\/wp-content\/uploads\/2026\/04\/sdg_heart_sp-480x593.jpg 480w\" sizes=\"(min-width: 0px) and (max-width: 480px) 480px, (min-width: 481px) and (max-width: 980px) 980px, (min-width: 981px) 1024px, 100vw\" class=\"wp-image-2918\" title=\"Soli Deo Gloria 2033\" alt=\"Soli Deo Gloria 2033\" \/><\/span><\/div>\n<\/div>\n\n<div class=\"et_pb_column_1 et_pb_column et_pb_column_3_5 et-last-child et_block_column et_pb_css_mix_blend_mode_passthrough vertikal-zentrieren\">\n<div class=\"et_pb_text_0 et_pb_text et_pb_bg_layout_light et_animated et_pb_module et_block_module et_pb_text_align_center preset--module--divi-text--default\"><div class=\"et_pb_text_inner\"><h1>Vision &amp; Mission<\/h1>\n<\/div><\/div>\n\n<div class=\"et_pb_text_1 et_pb_text et_pb_bg_layout_light et_animated et_pb_module et_block_module et_pb_text_align_center preset--module--divi-text--default\"><div class=\"et_pb_text_inner\"><h2>Soli Deo Gloria 2033<\/h2>\n<\/div><\/div>\n<\/div>\n<\/div>\n<\/div>\n\n<div class=\"et_pb_section_1 et_pb_section et_section_regular et_block_section\">\n<div class=\"et_pb_row_1 et_pb_row et_block_row\">\n<div class=\"et_pb_column_2 et_pb_column et_pb_column_4_4 et-last-child et_block_column et_pb_css_mix_blend_mode_passthrough\">\n<div class=\"et_pb_text_2 et_pb_text et_pb_bg_layout_light et_animated et_pb_module et_block_module et_pb_text_align_center preset--module--divi-text--default\"><div class=\"et_pb_text_inner\"><h2>Vision &amp; Mission<\/h2>\n<\/div><\/div>\n\n<div class=\"et_pb_text_3 et_pb_text et_pb_bg_layout_light et_animated et_pb_module et_block_module et_pb_text_align_center preset--module--divi-text--default\"><div class=\"et_pb_text_inner\"><p><strong>Soli Deo Gloria 2033' will inspirieren, mobilisieren, verbinden, bef\u00e4higen und das Bewusstsein f\u00fcr kulturell bedeutsame Feiern zum 2000. Jahrestag der Auferstehung Jesu Christi im Jahr 2033 zur Ehre Gottes sch\u00e4rfen.<\/strong><\/p>\n<\/div><\/div>\n<\/div>\n<\/div>\n\n<div class=\"et_pb_row_2 et_pb_row et_block_row\" id=\"goals\">\n<div class=\"et_pb_column_3 et_pb_column et_pb_column_4_4 et-last-child et_block_column et_pb_css_mix_blend_mode_passthrough\">\n<div class=\"et_pb_text_4 et_pb_text et_pb_bg_layout_light et_animated et_pb_module et_block_module et_pb_text_align_center preset--module--divi-text--default\"><div class=\"et_pb_text_inner\"><h2>Ziele &amp; Werte<\/h2>\n<\/div><\/div>\n\n<div class=\"et_pb_text_5 et_pb_text et_pb_bg_layout_light et_animated et_pb_module et_block_module et_pb_text_align_center preset--module--divi-text--default\"><div class=\"et_pb_text_inner\"><p>Feiern von 2000. Jahren Auferstehung Jesu zu Gottes Ehre<\/p>\n<p>Weltweite Einheit unter Christen trotz theologischer Unterschiede<\/p>\n<p>Den gl\u00e4ubigen Leib Christi als Zeugnis f\u00fcr die Welt sichtbar machen<\/p>\n<\/div><\/div>\n<\/div>\n<\/div>\n\n<div class=\"et_pb_row_3 et_pb_row et_block_row\" id=\"base\">\n<div class=\"et_pb_column_4 et_pb_column et_pb_column_4_4 et-last-child et_block_column et_pb_css_mix_blend_mode_passthrough\">\n<div class=\"et_pb_text_6 et_pb_text et_pb_bg_layout_light et_animated et_pb_module et_block_module et_pb_text_align_center preset--module--divi-text--default\"><div class=\"et_pb_text_inner\"><h2>Geistliche Grundlage<\/h2>\n<\/div><\/div>\n\n<div class=\"et_pb_text_7 et_pb_text et_pb_bg_layout_light et_animated et_pb_module et_block_module et_pb_text_align_center preset--module--divi-text--default\"><div class=\"et_pb_text_inner\"><p>Wenn du mit deinem Mund bekennst, dass Jesus der Herr ist, und glaubst in deinem Herzen, dass ihn Gott von den Toten auferweckt hat, so wirst du gerettet.<\/p>\n<h4>R\u00f6mer 10,9<\/h4>\n<\/div><\/div>\n\n<div class=\"et_pb_text_8 et_pb_text et_pb_bg_layout_light et_animated et_pb_module et_block_module et_pb_text_align_center preset--module--divi-text--default\"><div class=\"et_pb_text_inner\"><p>\u2026damit die Welt erkenne, dass du mich gesandt hast und sie liebst, wie du mich liebst.<\/p>\n<h4>Johannes 17,23b<\/h4>\n<\/div><\/div>\n<\/div>\n<\/div>\n\n<div class=\"et_pb_row_4 et_pb_row et_block_row\" id=\"significance\">\n<div class=\"et_pb_column_5 et_pb_column et_pb_column_4_4 et-last-child et_block_column et_pb_css_mix_blend_mode_passthrough\">\n<div class=\"et_pb_text_9 et_pb_text et_pb_bg_layout_light et_animated et_pb_module et_block_module et_pb_text_align_center preset--module--divi-text--default\"><div class=\"et_pb_text_inner\"><h2>Jubil\u00e4um 2033<\/h2>\n<h3>2000 Jahre seit der Auferstehung<\/h3>\n<\/div><\/div>\n\n<div class=\"et_pb_text_10 et_pb_text et_pb_bg_layout_light et_animated et_pb_module et_block_module et_pb_text_align_center preset--module--divi-text--default\"><div class=\"et_pb_text_inner\"><p>Wir betrachten die leibliche Auferstehung Jesu Christi als das bedeutendste Ereignis der gesamten Weltgeschichte. Gott hat den Tod besiegt und damit die G\u00fcltigkeit von Jesu S\u00fchnetod f\u00fcr die Ewigkeit best\u00e4tigt. Damit wurden jahrhundertealte Prophezeiungen best\u00e4tigt und nach der Himmelfahrt Jesu wurde durch die Aussendung des Heiligen Geistes zu Pfingsten die weltweite Kirche Jesu gegr\u00fcndet, die sich bis heute \u00fcber die ganze Welt ausbreitet. Diese Kirche ist der Leib Jesu, der ihn als sein Haupt ehrt und in Einheit feiert.<br \/>\u00dcber eine Milliarde Menschen weltweit glauben, dass Jesus der Herr aller Dinge ist und dass er von den Toten auferstanden ist - nach R\u00f6mer 10:9 sind sie Gl\u00e4ubige, die f\u00fcr die Ewigkeit gerettet sind. Daher sind sie trotz aller Unterschiede in der konkreten Auspr\u00e4gung ihres Glaubens als der Leib Jesu Christi, der das Haupt aller ist, geeint.    <\/p>\n<\/div><\/div>\n<\/div>\n<\/div>\n\n<div class=\"et_pb_row_5 et_pb_row et_block_row\" id=\"name\">\n<div class=\"et_pb_column_6 et_pb_column et_pb_column_4_4 et-last-child et_block_column et_pb_css_mix_blend_mode_passthrough\">\n<div class=\"et_pb_text_11 et_pb_text et_pb_bg_layout_light et_animated et_pb_module et_block_module et_pb_text_align_center preset--module--divi-text--default\"><div class=\"et_pb_text_inner\"><h2>Der Name<\/h2>\n<\/div><\/div>\n\n<div class=\"et_pb_text_12 et_pb_text et_pb_bg_layout_light et_animated et_pb_module et_block_module et_pb_text_align_center preset--module--divi-text--default\"><div class=\"et_pb_text_inner\"><h3>Soli Deo Gloria\" bedeutet \"Ehre sei Gott allein\".<\/h3>\n<\/div><\/div>\n\n<div class=\"et_pb_text_13 et_pb_text et_pb_bg_layout_light et_animated et_pb_module et_block_module et_pb_text_align_center preset--module--divi-text--default\"><div class=\"et_pb_text_inner\"><p>Nur Gott geb\u00fchrt Ehre und Anbetung \u2013 besonders am Jahrestag der Auferstehung. Es geht allein um Gottes Ehre, nicht um Organisationen oder Menschen. <\/p>\n<p>'Soli Deo Gloria' ist Latein - eine Sprache, die die ersten Christen im R\u00f6mischen Reich vereinte, vergleichbar mit dem heutigen Englisch.<br \/>Unsere Initiative ist nicht auf unsere Sprache und Kultur ausgerichtet. Das bringen wir dadurch zum Ausdruck, dass unser Name nicht aus einer der heute gesprochenen Sprachen stammt. Stattdessen soll jede Feier in ihrem eigenen kulturellen Kontext bedeutungsvoll sein - so entsteht ein sch\u00f6ner Blumenstrau\u00df f\u00fcr unseren Herrn.  <\/p>\n<p>Selbst der Name der Initiative ist nicht wichtig \u2013 er kann im Laufe der Zeit sogar ge\u00e4ndert werden, wenn dies angemessen erscheint.<\/p>\n<\/div><\/div>\n<\/div>\n<\/div>\n\n<div class=\"et_pb_row_6 et_pb_row et_block_row\" id=\"origin\">\n<div class=\"et_pb_column_7 et_pb_column et_pb_column_4_4 et-last-child et_block_column et_pb_css_mix_blend_mode_passthrough\">\n<div class=\"et_pb_text_14 et_pb_text et_pb_bg_layout_light et_animated et_pb_module et_block_module et_pb_text_align_center preset--module--divi-text--default\"><div class=\"et_pb_text_inner\"><h2>Der Ursprung<\/h2>\n<\/div><\/div>\n\n<div class=\"et_pb_text_15 et_pb_text et_pb_bg_layout_light et_animated et_pb_module et_block_module et_pb_text_align_center preset--module--divi-text--default\"><div class=\"et_pb_text_inner\"><p>Im Jahr 2010 hatte Dr. Andreas Bartels die Vision, den 2000. Jahrestag der Auferstehung Jesu Christi weltweit zu feiern, aber er sp\u00fcrte, dass Gott ihn bat, bis 10 Jahre vor dem Ereignis zu warten, um damit zu beginnen. Also plante und dachte er nur im Geheimen und wartete bis 2023, als er und seine Frau Elisabeth ihre ersten informellen Kontakte mit der WEA kn\u00fcpften. Im Jahr 2024 kam Dr. Detlef Bl\u00f6cher von DMGint als Berater hinzu. 2024 kamen durch Gottes F\u00fchrung w\u00e4hrend der Jahreskonferenz der Deutschen Evangelischen Allianz Jochen Bubeck und Frank Bossert sowie sp\u00e4ter Dieter Trefz (Kontaktmission) zur Steuerungsgruppe hinzu. Es wurden erste Treffen abgehalten, an denen auch Mitarbeiter von OpenDoors teilnahmen, und es fanden Treffen mit Olivier Fleury von JC2033 statt, der ebenfalls in diesem Bereich t\u00e4tig ist.    <\/p>\n<\/div><\/div>\n<\/div>\n<\/div>\n\n<div class=\"et_pb_row_7 et_pb_row et_block_row\" id=\"faq\">\n<div class=\"et_pb_column_8 et_pb_column et_pb_column_4_4 et-last-child et_block_column et_pb_css_mix_blend_mode_passthrough\">\n<div class=\"et_pb_text_16 et_pb_text et_pb_bg_layout_light et_animated et_pb_module et_block_module et_pb_text_align_center preset--module--divi-text--default\"><div class=\"et_pb_text_inner\"><h2>FAQ<\/h2>\n<\/div><\/div>\n\n<div class=\"et_pb_accordion_0 et_pb_accordion et_pb_module et_block_module\">\n<div class=\"et_pb_accordion_item_0 et_pb_accordion_item et_pb_toggle et_pb_module et_pb_toggle_open et_block_module\"><h5 class=\"et_pb_toggle_title\">Platzhalter<\/h5><\/div>\n\n<div class=\"et_pb_accordion_item_1 et_pb_accordion_item et_pb_toggle et_pb_module et_pb_toggle_close et_block_module\"><h5 class=\"et_pb_toggle_title\">Warum feiern wir im Jahr 2033?<\/h5><div class=\"et_pb_toggle_content\"><p>Die meisten Christen glauben, dass im Jahr 2033 gerade 2000 Jahre vergangen sein werden seit der Auferstehung Jesu Christi als dem wichtigsten Ereignis der Weltgeschichte. Wir m\u00f6chten nicht \u00fcber das genaue Datum diskutieren, sondern laden jeden Gl\u00e4ubigen ein, irgendwie mit zu feiern und dies der Welt zu zeigen, um Gott all die Ehre zu geben, die Er verdient. <\/p>\n<\/div><\/div>\n\n<div class=\"et_pb_accordion_item_2 et_pb_accordion_item et_pb_toggle et_pb_module et_pb_toggle_close et_block_module\"><h5 class=\"et_pb_toggle_title\">Globale Feier oder globale Feiern?<\/h5><div class=\"et_pb_toggle_content\"><p>Wir werden oft gefragt, wo die Feier stattfinden wird. Die Antwort ist: auf der ganzen Welt, denn es wird viele kleine und gro\u00dfe Feiern geben. <\/p>\n<p>Da all diese Feiern in Christus vereint sind und viele auf der Feier-Weltkarte registriert sind, k\u00f6nnte die Summe all dieser Feiern auch als \u201eglobale Feier\u201c bezeichnet werden.<\/p>\n<\/div><\/div>\n\n<div class=\"et_pb_accordion_item_3 et_pb_accordion_item et_pb_toggle et_pb_module et_pb_toggle_close et_block_module\"><h5 class=\"et_pb_toggle_title\">K\u00f6nnen wir auch im Jahr 2030 feiern?<\/h5><div class=\"et_pb_toggle_content\"><p>Ja nat\u00fcrlich. Einige Gruppen w\u00e4hlen auch schon 2030 zum feiern \u2013 das soll uns nicht trennen. Jeder ist willkommen, f\u00fcr die Welt sichtbar zu sein.<\/p>\n<p>Nur R\u00f6mer 10,9 ist wichtig. Jeder, der Jesus als Herrn bekennt und an seine Auferstehung glaubt, ist herzlich eingeladen, sich zu registrieren. Es gibt auch die M\u00f6glichkeit, das Datum der Feier einzugeben, um zu zeigen, wann Sie feiern werden.  <\/p>\n<p>In den Jahren 2030 und 2033 werden Christen weltweit 2000 Jahre seit der Auferstehung Jesu Christi gedenken. Einige Traditionen z\u00e4hlen ab dem Jahr 30, andere ab dem Jahr 33. Diese unterschiedlichen Perspektiven sollten uns nicht spalten, sondern uns daran erinnern, dass der Fokus nicht auf dem Datum liegt, sondern auf dem lebendigen Herrn selbst.  <\/p>\n<\/div><\/div>\n\n<div class=\"et_pb_accordion_item_4 et_pb_accordion_item et_pb_toggle et_pb_module et_pb_toggle_close et_block_module\"><h5 class=\"et_pb_toggle_title\">K\u00f6nnen wir Pfingsten st\u00e4rker als Ostern feiern?<\/h5><div class=\"et_pb_toggle_content\"><p>Es steht dir frei, sich bei der Feier mehr auf Pfingsten zu konzentrieren. Wenn du an die leibliche Auferstehung glaubst und Jesus als Herrn bekennst, mach bitte mit und registriere auch deine Feier auf der Karte. <\/p>\n<\/div><\/div>\n\n<div class=\"et_pb_accordion_item_5 et_pb_accordion_item et_pb_toggle et_pb_module et_pb_toggle_close et_block_module\"><h5 class=\"et_pb_toggle_title\">Warum sollten wir uns heute schon f\u00fcr die Weltkarte registrieren?<\/h5><div class=\"et_pb_toggle_content\"><p>Du musst deine Feier jetzt noch nicht im Detail planen. Registriere aber bitte heute schon zumindest die <strong>Stadt<\/strong> und die <strong>ungef\u00e4hre Anzahl<\/strong> der Gl\u00e4ubigen bei deiner Feier! Warum?<br \/>1. Um den <strong>globalen Leib Christi f\u00fcr die Welt sichtbar zu machen<\/strong>, lass sie schon Jahre vor dem Ereignis sehen, wie viele Gl\u00e4ubige es weltweit gibt.<br \/>2. <strong>Lokale Vernetzung<\/strong> kann heute beginnen, wenn du f\u00fcr Suchende und Christen um dich herum sichtbar bist \u2013 und du siehst, wo andere sind.  <\/p>\n<\/div><\/div>\n\n<div class=\"et_pb_accordion_item_6 et_pb_accordion_item et_pb_toggle et_pb_module et_pb_toggle_close et_block_module\"><h5 class=\"et_pb_toggle_title\">Wer sollte sich auf der Karte registrieren?<\/h5><div class=\"et_pb_toggle_content\"><p>Einzelpersonen oder Familien k\u00f6nnen sich ebenso anmelden wie Kirchen oder Organisationen, die kleine oder gro\u00dfe Veranstaltungen planen. Jesus sieht uns alle, aber die Welt soll uns auch sehen. <\/p>\n<\/div><\/div>\n\n<div class=\"et_pb_accordion_item_7 et_pb_accordion_item et_pb_toggle et_pb_module et_pb_toggle_close et_block_module\"><h5 class=\"et_pb_toggle_title\">Kann ich anonym bleiben?<\/h5><div class=\"et_pb_toggle_content\"><p>Ja \u2013 wenn du nicht auf \u201e\u00f6ffentliche Veranstaltung\u201c klickst, werden deine Daten nicht ver\u00f6ffentlicht, aber du wirst mit deinen Leuten trotzdem als Gl\u00e4ubige gez\u00e4hlt. Wenn du nur privat feiern m\u00f6chtest oder auf irgendeine Weise verfolgt wirst, wird dies ernst genommen. <\/p>\n<\/div><\/div>\n\n<div class=\"et_pb_accordion_item_8 et_pb_accordion_item et_pb_toggle et_pb_module et_pb_toggle_close et_block_module\"><h5 class=\"et_pb_toggle_title\">Ich glaube nicht an Jesus als auferstandenen Herrn - kann ich mich auf der Karte eintragen?<\/h5><div class=\"et_pb_toggle_content\"><p>Wenn du nicht glaubst, dass Jesus leiblich von den Toten auferstanden ist und wenn du ihn nicht als deinen Herrn bekennst, darfst du Ostern gern als traditionellen Feiertag feiern, aber registriere dies bitte nicht auf der Karte.<br \/>P.S. Bitte lies die Bibel und spich mit Nachfolgern Jesu. Vielleicht wird das dein Leben ver\u00e4ndern \u2013 sogar f\u00fcr die Ewigkeit. <\/p>\n<\/div><\/div>\n\n<div class=\"et_pb_accordion_item_9 et_pb_accordion_item et_pb_toggle et_pb_module et_pb_toggle_close et_block_module\"><h5 class=\"et_pb_toggle_title\">Geh\u00f6rt Soli Deo Gloria 2033 einer bestimmten Konfession an?<\/h5><div class=\"et_pb_toggle_content\"><p>Nein, es ist \u00fcberkonfessionell. Der Fokus liegt auf der Ehre Jesu Christi. <\/p>\n<\/div><\/div>\n\n<div class=\"et_pb_accordion_item_10 et_pb_accordion_item et_pb_toggle et_pb_module et_pb_toggle_close et_block_module\"><h5 class=\"et_pb_toggle_title\">Wird Jesus im Jahr 2033 zur\u00fcckkehren?<\/h5><div class=\"et_pb_toggle_content\"><p>That is solely in God's hands. We don\u00b4t participate in any speculations about his return. Our task is to celebrate and bear witness to Jesus.  <\/p>\n<\/div><\/div>\n<\/div>\n<\/div>\n<\/div>\n<\/div>","protected":false},"excerpt":{"rendered":"","protected":false},"author":1,"featured_media":0,"parent":0,"menu_order":0,"comment_status":"closed","ping_status":"closed","template":"","meta":{"_acf_changed":false,"footnotes":""},"class_list":["post-3558","page","type-page","status-publish","hentry"],"acf":[],"_links":{"self":[{"href":"https:\/\/sdg2033.world\/de\/wp-json\/wp\/v2\/pages\/3558","targetHints":{"allow":["GET"]}}],"collection":[{"href":"https:\/\/sdg2033.world\/de\/wp-json\/wp\/v2\/pages"}],"about":[{"href":"https:\/\/sdg2033.world\/de\/wp-json\/wp\/v2\/types\/page"}],"author":[{"embeddable":true,"href":"https:\/\/sdg2033.world\/de\/wp-json\/wp\/v2\/users\/1"}],"replies":[{"embeddable":true,"href":"https:\/\/sdg2033.world\/de\/wp-json\/wp\/v2\/comments?post=3558"}],"version-history":[{"count":0,"href":"https:\/\/sdg2033.world\/de\/wp-json\/wp\/v2\/pages\/3558\/revisions"}],"wp:attachment":[{"href":"https:\/\/sdg2033.world\/de\/wp-json\/wp\/v2\/media?parent=3558"}],"curies":[{"name":"wp","href":"https:\/\/api.w.org\/{rel}","templated":true}]}}