{"id":2391,"date":"2025-10-20T12:09:53","date_gmt":"2025-10-20T10:09:53","guid":{"rendered":"https:\/\/sdg2033.bereishit.de\/amigos\/"},"modified":"2026-05-05T11:54:29","modified_gmt":"2026-05-05T09:54:29","slug":"amigos","status":"publish","type":"page","link":"https:\/\/sdg2033.world\/es\/amigos\/","title":{"rendered":"Amigos"},"content":{"rendered":"<div class=\"et_pb_section_0 et_pb_section et_section_regular et_block_section\">\n<div class=\"et_pb_row_0 et_pb_row et_pb_equal_columns et_pb_gutters1 et_block_row\">\n<div class=\"et_pb_column_0 et_pb_column et_pb_column_2_5 et_block_column et_pb_css_mix_blend_mode_passthrough\">\n<div class=\"et_pb_image_0 et_pb_image et_animated et_pb_module et_block_module\"><span class=\"et_pb_image_wrap\"><img loading=\"lazy\" decoding=\"async\" src=\"https:\/\/sdg2033.world\/wp-content\/uploads\/2026\/04\/sdg_heart_sp.jpg\" width=\"1024\" height=\"1264\" srcset=\"https:\/\/sdg2033.world\/wp-content\/uploads\/2026\/04\/sdg_heart_sp.jpg 1024w, https:\/\/sdg2033.world\/wp-content\/uploads\/2026\/04\/sdg_heart_sp-980x1210.jpg 980w, https:\/\/sdg2033.world\/wp-content\/uploads\/2026\/04\/sdg_heart_sp-480x593.jpg 480w\" sizes=\"(min-width: 0px) and (max-width: 480px) 480px, (min-width: 481px) and (max-width: 980px) 980px, (min-width: 981px) 1024px, 100vw\" class=\"wp-image-2918\" title=\"Soli Deo Gloria 2033\" alt=\"Soli Deo Gloria 2033\" \/><\/span><\/div>\n<\/div>\n\n<div class=\"et_pb_column_1 et_pb_column et_pb_column_3_5 et-last-child et_block_column et_pb_css_mix_blend_mode_passthrough vertikal-zentrieren\">\n<div class=\"et_pb_text_0 et_pb_text et_pb_bg_layout_light et_animated et_pb_module et_block_module et_pb_text_align_center preset--module--divi-text--default\"><div class=\"et_pb_text_inner\"><h1>Amigos<\/h1>\n<\/div><\/div>\n\n<div class=\"et_pb_text_1 et_pb_text et_pb_bg_layout_light et_animated et_pb_module et_block_module et_pb_text_align_center preset--module--divi-text--default\"><div class=\"et_pb_text_inner\"><h2>Soli Deo Gloria 2033<\/h2>\n<\/div><\/div>\n<\/div>\n<\/div>\n<\/div>\n\n<div class=\"et_pb_section_1 et_pb_section et_section_regular et_block_section\">\n<div class=\"et_pb_row_1 et_pb_row et_pb_equal_columns et_block_row\">\n<div class=\"et_pb_column_2 et_pb_column et_pb_column_1_2 et_block_column et_pb_css_mix_blend_mode_passthrough\">\n<div class=\"et_pb_blurb_0 et_pb_blurb et_pb_bg_layout_light et_pb_text_align_center et_pb_blurb_position_top et_pb_module et_block_module\"><div class=\"et_pb_blurb_content\"><div class=\"et_pb_main_blurb_image\"><span class=\"et_pb_image_wrap et_pb_only_image_mode_wrap\"><img loading=\"lazy\" decoding=\"async\" src=\"https:\/\/sdg2033.world\/wp-content\/uploads\/2026\/04\/Botrus-1.jpg\" width=\"200\" height=\"240\" srcset=\"https:\/\/sdg2033.world\/wp-content\/uploads\/2026\/04\/Botrus-1.jpg 200w\" sizes=\"(max-width: 200px) 100vw, 200px\" class=\"et_animated wp-image-3000\" alt=\"Dr. Peirong Lin\" \/><\/span><\/div><div class=\"et_pb_blurb_container\"><h4 class=\"et_pb_module_header\">Rev. Adv. Botrus Mansour <\/h4><div class=\"et_pb_blurb_description\"><p><strong>  Alianza Evang\u00e9lica Mundial<br \/>Secretario General<\/strong><\/p>\n<\/div><\/div><\/div><\/div>\n\n<div class=\"et_pb_text_2 et_pb_text et_pb_bg_layout_light et_animated et_pb_module et_block_module et_pb_text_align_center preset--module--divi-text--default\"><div class=\"et_pb_text_inner\"><p>Estamos muy contentos con esta celebraci\u00f3n y te invito a que registres tu nombre en este mapamundi virtual, para que podamos visualizar nuestra unidad en Cristo. Y reza por ello: alcanzar el Evangelio a todo el mundo en 2033. Que Dios os bendiga.  <\/p>\n<\/div><\/div>\n<\/div>\n\n<div class=\"et_pb_column_3 et_pb_column et_pb_column_1_2 et-last-child et_block_column et_pb_css_mix_blend_mode_passthrough\">\n<div class=\"et_pb_blurb_1 et_pb_blurb et_pb_bg_layout_light et_pb_text_align_center et_pb_blurb_position_top et_pb_module et_block_module\"><div class=\"et_pb_blurb_content\"><div class=\"et_pb_main_blurb_image\"><span class=\"et_pb_image_wrap et_pb_only_image_mode_wrap\"><img loading=\"lazy\" decoding=\"async\" src=\"https:\/\/sdg2033.world\/wp-content\/uploads\/2026\/04\/Reinhard-Schink.jpg\" width=\"200\" height=\"240\" srcset=\"https:\/\/sdg2033.world\/wp-content\/uploads\/2026\/04\/Reinhard-Schink.jpg 200w\" sizes=\"(max-width: 200px) 100vw, 200px\" class=\"et_animated wp-image-3001\" alt=\"Rev. Dr. Frank Hinkelmann\" \/><\/span><\/div><div class=\"et_pb_blurb_container\"><h4 class=\"et_pb_module_header\">Dr. Reinhard Schink<\/h4><div class=\"et_pb_blurb_description\"><p><strong>Alianza Evang\u00e9lica Alemana<br \/><\/strong><strong>Secretario General<\/strong><\/p>\n<p><strong><\/strong><\/p>\n<\/div><\/div><\/div><\/div>\n\n<div class=\"et_pb_text_3 et_pb_text et_pb_bg_layout_light et_animated et_pb_module et_block_module et_pb_text_align_center preset--module--divi-text--default\"><div class=\"et_pb_text_inner\"><p>Al fin y al cabo, cuando nos invitan a una fiesta de cumplea\u00f1os, estamos acostumbrados a decir que s\u00ed. La forma m\u00e1s f\u00e1cil de hacerlo es la siguiente: inscr\u00edbete en el sitio web y haz clic en \"Asistir\u00e9\". Al hacerlo, das testimonio de que Jes\u00fas ha resucitado. <\/p>\n<\/div><\/div>\n<\/div>\n<\/div>\n\n<div class=\"et_pb_row_2 et_pb_row et_pb_equal_columns et_block_row\">\n<div class=\"et_pb_column_4 et_pb_column et_pb_column_1_2 et_block_column et_pb_css_mix_blend_mode_passthrough\">\n<div class=\"et_pb_blurb_2 et_pb_blurb et_pb_bg_layout_light et_pb_text_align_center et_pb_blurb_position_top et_pb_module et_block_module\"><div class=\"et_pb_blurb_content\"><div class=\"et_pb_main_blurb_image\"><span class=\"et_pb_image_wrap et_pb_only_image_mode_wrap\"><img loading=\"lazy\" decoding=\"async\" src=\"https:\/\/sdg2033.world\/wp-content\/uploads\/2026\/04\/Dr.-Peirong-Lin-_200.jpg\" width=\"200\" height=\"240\" srcset=\"https:\/\/sdg2033.world\/wp-content\/uploads\/2026\/04\/Dr.-Peirong-Lin-_200.jpg 200w\" sizes=\"(max-width: 200px) 100vw, 200px\" class=\"et_animated wp-image-3002\" alt=\"Dr. Peirong Lin\" \/><\/span><\/div><div class=\"et_pb_blurb_container\"><h4 class=\"et_pb_module_header\">Dr. Peirong Lin<\/h4><div class=\"et_pb_blurb_description\"><p><strong>  Alianza Evang\u00e9lica Mundial<br \/>Secretario General Adjunto<\/strong><\/p>\n<\/div><\/div><\/div><\/div>\n\n<div class=\"et_pb_text_4 et_pb_text et_pb_bg_layout_light et_animated et_pb_module et_block_module et_pb_text_align_center preset--module--divi-text--default\"><div class=\"et_pb_text_inner\"><p>Creemos que Soli Deo Gloria 2033 puede ser una llamada global a la adoraci\u00f3n, a la unidad, al testimonio. Estamos deseando movernos juntos, rezando, planificando y prepar\u00e1ndonos. 2033 se acerca, pero empieza hoy.  <\/p>\n<\/div><\/div>\n<\/div>\n\n<div class=\"et_pb_column_5 et_pb_column et_pb_column_1_2 et-last-child et_block_column et_pb_css_mix_blend_mode_passthrough\">\n<div class=\"et_pb_blurb_3 et_pb_blurb et_pb_bg_layout_light et_pb_text_align_center et_pb_blurb_position_top et_pb_module et_block_module\"><div class=\"et_pb_blurb_content\"><div class=\"et_pb_main_blurb_image\"><span class=\"et_pb_image_wrap et_pb_only_image_mode_wrap\"><img loading=\"lazy\" decoding=\"async\" src=\"https:\/\/sdg2033.world\/wp-content\/uploads\/2026\/04\/Frank-Hinkelmann.jpg\" width=\"200\" height=\"240\" srcset=\"https:\/\/sdg2033.world\/wp-content\/uploads\/2026\/04\/Frank-Hinkelmann.jpg 200w\" sizes=\"(max-width: 200px) 100vw, 200px\" class=\"et_animated wp-image-3003\" alt=\"Rev. Dr. Frank Hinkelmann\" \/><\/span><\/div><div class=\"et_pb_blurb_container\"><h4 class=\"et_pb_module_header\">Rev. Dr. Frank Hinkelmann<\/h4><div class=\"et_pb_blurb_description\"><p><strong>Alianza Evang\u00e9lica Europea<br \/>Presidente hasta 2025<\/strong><strong> <\/strong><\/p>\n<p><strong><\/strong><\/p>\n<\/div><\/div><\/div><\/div>\n\n<div class=\"et_pb_text_5 et_pb_text et_pb_bg_layout_light et_animated et_pb_module et_block_module et_pb_text_align_center preset--module--divi-text--default\"><div class=\"et_pb_text_inner\"><p>Queremos invitar a la gente de todo el mundo a formar parte de esta iniciativa, llamada \"Soli Deo Gloria 2033\". Ser\u00eda estupendo que t\u00fa tambi\u00e9n formaras parte de ella. <\/p>\n<\/div><\/div>\n<\/div>\n<\/div>\n\n<div class=\"et_pb_row_3 et_pb_row et_pb_equal_columns et_block_row\">\n<div class=\"et_pb_column_6 et_pb_column et_pb_column_1_2 et_block_column et_pb_css_mix_blend_mode_passthrough\">\n<div class=\"et_pb_blurb_4 et_pb_blurb et_pb_bg_layout_light et_pb_text_align_center et_pb_blurb_position_top et_pb_module et_block_module\"><div class=\"et_pb_blurb_content\"><div class=\"et_pb_main_blurb_image\"><span class=\"et_pb_image_wrap et_pb_only_image_mode_wrap\"><img loading=\"lazy\" decoding=\"async\" src=\"https:\/\/sdg2033.world\/wp-content\/uploads\/2026\/04\/Olivier-Fleury-_200.jpg\" width=\"200\" height=\"240\" srcset=\"https:\/\/sdg2033.world\/wp-content\/uploads\/2026\/04\/Olivier-Fleury-_200.jpg 200w\" sizes=\"(max-width: 200px) 100vw, 200px\" class=\"et_animated wp-image-3004\" alt=\"Olivier Fleury\" \/><\/span><\/div><div class=\"et_pb_blurb_container\"><h4 class=\"et_pb_module_header\">Olivier Fleury<\/h4><div class=\"et_pb_blurb_description\"><p><strong>JC2033<\/strong><br \/><strong>Fundador<\/strong><\/p>\n<\/div><\/div><\/div><\/div>\n\n<div class=\"et_pb_text_6 et_pb_text et_pb_bg_layout_light et_animated et_pb_module et_block_module et_pb_text_align_center preset--module--divi-text--default\"><div class=\"et_pb_text_inner\"><p>Tenemos el mismo objetivo: Dar la gloria a Jes\u00fas y asegurarnos de que todos nos unimos y llegamos al mundo.<\/p>\n<\/div><\/div>\n<\/div>\n\n<div class=\"et_pb_column_7 et_pb_column et_pb_column_1_2 et-last-child et_block_column et_pb_css_mix_blend_mode_passthrough\">\n<div class=\"et_pb_blurb_5 et_pb_blurb et_pb_bg_layout_light et_pb_text_align_center et_pb_blurb_position_top et_pb_module et_block_module\"><div class=\"et_pb_blurb_content\"><div class=\"et_pb_main_blurb_image\"><span class=\"et_pb_image_wrap et_pb_only_image_mode_wrap\"><img loading=\"lazy\" decoding=\"async\" src=\"https:\/\/sdg2033.world\/wp-content\/uploads\/2026\/04\/Markus-Rode-_200.jpg\" width=\"200\" height=\"240\" srcset=\"https:\/\/sdg2033.world\/wp-content\/uploads\/2026\/04\/Markus-Rode-_200.jpg 200w\" sizes=\"(max-width: 200px) 100vw, 200px\" class=\"et_animated wp-image-3005\" alt=\"Markus Rode\" \/><\/span><\/div><div class=\"et_pb_blurb_container\"><h4 class=\"et_pb_module_header\">Markus Rode<\/h4><div class=\"et_pb_blurb_description\"><p><strong>Open Doors<br \/>Director Alemania<\/strong><\/p>\n<\/div><\/div><\/div><\/div>\n\n<div class=\"et_pb_text_7 et_pb_text et_pb_bg_layout_light et_animated et_pb_module et_block_module et_pb_text_align_center preset--module--divi-text--default\"><div class=\"et_pb_text_inner\"><p>Durante 2.000 a\u00f1os ha habido persecuci\u00f3n por causa del nombre de Jes\u00fas. Los m\u00e1s de 360 millones de cristianos que actualmente sufren graves persecuciones por profesar a Jes\u00fas son un testimonio del poder de la resurrecci\u00f3n. En este d\u00eda, record\u00e9mosles tambi\u00e9n en la oraci\u00f3n, pues anhelan el retorno de Cristo.  <\/p>\n<\/div><\/div>\n<\/div>\n<\/div>\n\n<div class=\"et_pb_row_4 et_pb_row et_pb_equal_columns et_block_row\">\n<div class=\"et_pb_column_8 et_pb_column et_pb_column_1_2 et_block_column et_pb_css_mix_blend_mode_passthrough\">\n<div class=\"et_pb_blurb_6 et_pb_blurb et_pb_bg_layout_light et_pb_text_align_center et_pb_blurb_position_top et_pb_module et_block_module\"><div class=\"et_pb_blurb_content\"><div class=\"et_pb_main_blurb_image\"><span class=\"et_pb_image_wrap et_pb_only_image_mode_wrap\"><img loading=\"lazy\" decoding=\"async\" src=\"https:\/\/sdg2033.world\/wp-content\/uploads\/2026\/04\/anonym.jpg\" width=\"200\" height=\"240\" srcset=\"https:\/\/sdg2033.world\/wp-content\/uploads\/2026\/04\/anonym.jpg 200w\" sizes=\"(max-width: 200px) 100vw, 200px\" class=\"et_animated wp-image-3006\" \/><\/span><\/div><div class=\"et_pb_blurb_container\"><h4 class=\"et_pb_module_header\">Plantador de iglesias an\u00f3nimo<\/h4><div class=\"et_pb_blurb_description\"><p><strong>Norte de la India<\/strong><\/p>\n<\/div><\/div><\/div><\/div>\n\n<div class=\"et_pb_text_8 et_pb_text et_pb_bg_layout_light et_animated et_pb_module et_block_module et_pb_text_align_center preset--module--divi-text--default\"><div class=\"et_pb_text_inner\"><p>Te animo a que reces y apoyes este incre\u00edble movimiento, en la eternidad te alegrar\u00e1s mucho de haberlo hecho.<\/p>\n<\/div><\/div>\n<\/div>\n\n<div class=\"et_pb_column_9 et_pb_column et_pb_column_1_2 et-last-child et_block_column et_pb_css_mix_blend_mode_passthrough\">\n<div class=\"et_pb_blurb_7 et_pb_blurb et_pb_bg_layout_light et_pb_text_align_center et_pb_blurb_position_top et_pb_module et_block_module\"><div class=\"et_pb_blurb_content\"><div class=\"et_pb_main_blurb_image\"><span class=\"et_pb_image_wrap et_pb_only_image_mode_wrap\"><img loading=\"lazy\" decoding=\"async\" src=\"https:\/\/sdg2033.world\/wp-content\/uploads\/2026\/04\/Pastor-Kokole-Idringi-_200.jpg\" width=\"200\" height=\"240\" srcset=\"https:\/\/sdg2033.world\/wp-content\/uploads\/2026\/04\/Pastor-Kokole-Idringi-_200.jpg 200w\" sizes=\"(max-width: 200px) 100vw, 200px\" class=\"et_animated wp-image-3007\" alt=\"Pastor Kokole Idring&#039;i\" \/><\/span><\/div><div class=\"et_pb_blurb_container\"><h4 class=\"et_pb_module_header\">Pastor Kokole Idring'i<\/h4><div class=\"et_pb_blurb_description\"><p><strong>Iglesia Evang\u00e9lica CECA20<\/strong><br \/><strong>Presidente, Congo<\/strong><\/p>\n<\/div><\/div><\/div><\/div>\n\n<div class=\"et_pb_text_9 et_pb_text et_pb_bg_layout_light et_animated et_pb_module et_block_module et_pb_text_align_center preset--module--divi-text--default\"><div class=\"et_pb_text_inner\"><p>Yo, Kocole Idring'i Jean-Pierre, celebro la Resurrecci\u00f3n de Jesucristo, pues es mi esperanza de vida eterna. Mediante la resurrecci\u00f3n, Jes\u00fas es declarado Hijo de Dios con poder, seg\u00fan Romanos 1:4. Mediante esta misma resurrecci\u00f3n, Jes\u00fas ha derrotado finalmente al mundo, a Satan\u00e1s y a todos sus seguidores.  <\/p>\n<\/div><\/div>\n<\/div>\n<\/div>\n<\/div>","protected":false},"excerpt":{"rendered":"","protected":false},"author":1,"featured_media":0,"parent":0,"menu_order":0,"comment_status":"closed","ping_status":"closed","template":"","meta":{"_acf_changed":false,"footnotes":""},"class_list":["post-2391","page","type-page","status-publish","hentry"],"acf":[],"_links":{"self":[{"href":"https:\/\/sdg2033.world\/es\/wp-json\/wp\/v2\/pages\/2391","targetHints":{"allow":["GET"]}}],"collection":[{"href":"https:\/\/sdg2033.world\/es\/wp-json\/wp\/v2\/pages"}],"about":[{"href":"https:\/\/sdg2033.world\/es\/wp-json\/wp\/v2\/types\/page"}],"author":[{"embeddable":true,"href":"https:\/\/sdg2033.world\/es\/wp-json\/wp\/v2\/users\/1"}],"replies":[{"embeddable":true,"href":"https:\/\/sdg2033.world\/es\/wp-json\/wp\/v2\/comments?post=2391"}],"version-history":[{"count":0,"href":"https:\/\/sdg2033.world\/es\/wp-json\/wp\/v2\/pages\/2391\/revisions"}],"wp:attachment":[{"href":"https:\/\/sdg2033.world\/es\/wp-json\/wp\/v2\/media?parent=2391"}],"curies":[{"name":"wp","href":"https:\/\/api.w.org\/{rel}","templated":true}]}}