{"id":3606,"date":"2026-04-08T23:52:26","date_gmt":"2026-04-08T21:52:26","guid":{"rendered":"https:\/\/sdg2033.world\/mis-celebraciones\/"},"modified":"2026-05-05T11:54:41","modified_gmt":"2026-05-05T09:54:41","slug":"mis-celebraciones","status":"publish","type":"page","link":"https:\/\/sdg2033.world\/es\/mis-celebraciones\/","title":{"rendered":"Mis celebraciones"},"content":{"rendered":"<div class=\"et_pb_section_0 et_pb_section et_section_regular et_block_section\">\n<div class=\"et_pb_row_0 et_pb_row et_pb_equal_columns et_pb_gutters1 et_block_row\">\n<div class=\"et_pb_column_0 et_pb_column et_pb_column_2_5 et_block_column et_pb_css_mix_blend_mode_passthrough\">\n<div class=\"et_pb_image_0 et_pb_image et_animated et_pb_module et_block_module\"><span class=\"et_pb_image_wrap\"><img loading=\"lazy\" decoding=\"async\" src=\"https:\/\/sdg2033.world\/wp-content\/uploads\/2026\/04\/sdg_heart_sp.jpg\" width=\"1024\" height=\"1264\" srcset=\"https:\/\/sdg2033.world\/wp-content\/uploads\/2026\/04\/sdg_heart_sp.jpg 1024w, https:\/\/sdg2033.world\/wp-content\/uploads\/2026\/04\/sdg_heart_sp-980x1210.jpg 980w, https:\/\/sdg2033.world\/wp-content\/uploads\/2026\/04\/sdg_heart_sp-480x593.jpg 480w\" sizes=\"(min-width: 0px) and (max-width: 480px) 480px, (min-width: 481px) and (max-width: 980px) 980px, (min-width: 981px) 1024px, 100vw\" class=\"wp-image-2918\" title=\"Soli Deo Gloria 2033\" alt=\"Soli Deo Gloria 2033\" \/><\/span><\/div>\n<\/div>\n\n<div class=\"et_pb_column_1 et_pb_column et_pb_column_3_5 et-last-child et_block_column et_pb_css_mix_blend_mode_passthrough vertikal-zentrieren\">\n<div class=\"et_pb_text_0 et_pb_text et_pb_bg_layout_light et_animated et_pb_module et_block_module et_pb_text_align_center preset--module--divi-text--default\"><div class=\"et_pb_text_inner\"><h1>Mis celebraciones<\/h1>\n<\/div><\/div>\n\n<div class=\"et_pb_text_1 et_pb_text et_pb_bg_layout_light et_animated et_pb_module et_block_module et_pb_text_align_center preset--module--divi-text--default\"><div class=\"et_pb_text_inner\"><h2>Soli Deo Gloria 2033<\/h2>\n<\/div><\/div>\n<\/div>\n<\/div>\n<\/div>\n\n\n\n<div class=\"et_pb_section_2 et_pb_section et_section_regular et_flex_section\"><div class=\"et_pb_row_3 et_pb_row et_flex_row et-interaction-target-xf3lfhvk80\" data-interaction-target=\"xf3lfhvk80\"><div class=\"et_pb_column_4 et_pb_column et-last-child et_flex_column et_pb_css_mix_blend_mode_passthrough et_flex_column_24_24 et_flex_column_24_24_tablet et_flex_column_24_24_phone\"><div class=\"de_form_builder_form_0 de_form_builder_form de_fb_form et_pb_contact de_fb_mid_de-form-builderform-0 has-hide-until-loaded et_pb_module et_flex_module\"><form method=\"POST\" enctype=\"multipart\/form-data\" action=\"\" id=\"fb_form_3606-1\" class=\"et_pb_contact fb_form   hide_until_loaded \"  aria-label=\"Accede a tu cuenta\" data-ajax-btn=\"Submitting...\" data-ajax-hide-sub=\"on\" data-reset-form-on-submit=\"false\" data-scrollto-form-after-submit=\"on\" data-scrollto-form-offset=\"100\" data-form-key=\"3606-1\" data-form-id=\"login\" data-form-type=\"login\" data-auto-login=\"off\" data-unique-id=\"login\" data-page-id=\"3606\" style=\"display: none;\"><h2 class=\"form-title\">Accede a tu cuenta<\/h2><div class=\"divi-form-wrapper\"><div class=\"dfb-form-fields et_flex_row\" style=\"flex-wrap:wrap;\"><div class=\"de_form_builder_form_field_0 de_form_builder_form_field de_fb_form_field clearfix et_pb_column_1_2 et_flex_column_12_24 et_pb_column grid_et_pb_column_1_2_12 et_flex_column_24_24_tablet et_flex_column_24_24_phone file_align_left et_pb_module et_flex_column_24_24\"><div class=\"et_pb_module_inner\">        <div id=\"de_fb_user_wrapper\" class=\"field_wrapper search_filter_cont\" data-count=\"50\" role=\"group\" >\n                                    <p class=\"et_pb_contact_field\" data-type=\"input\">\n                    <input type=\"hidden\" name=\"field_title[]\" value=\"Nombre de usuario o correo electr\u00f3nico\"\/><input type=\"hidden\" name=\"field_name[]\" value=\"de_fb_user_login\"\/><input type=\"hidden\" name=\"field_id[]\" value=\"de_fb_user\"\/>                    \t\t\n\n\t\t<input type=\"text\"  name=\"de_fb_user_login\" id=\"de_fb_user\" data-calc_default=\"0\" placeholder=\"Nombre de usuario o correo electr\u00f3nico\"   class=\"divi-form-builder-field input-field \"  value=\"\"  autocomplete=\"on\" aria-label=\"Nombre de usuario o correo electr\u00f3nico\" \/>\n\t\t                <\/p>\n                                <\/div>\n        <\/div><\/div><div class=\"de_form_builder_form_field_1 de_form_builder_form_field de_fb_form_field clearfix et_pb_column_1_2 et_flex_column_12_24 et_pb_column grid_et_pb_column_1_2_12 et_flex_column_24_24_tablet et_flex_column_24_24_phone file_align_left et_pb_module et_flex_column_24_24\"><div class=\"et_pb_module_inner\">        <div id=\"de_fb_password_wrapper\" class=\"field_wrapper search_filter_cont\" data-count=\"50\" role=\"group\" >\n                                    <p class=\"et_pb_contact_field\" data-type=\"password\">\n                    <input type=\"hidden\" name=\"field_title[]\" value=\"Contrase\u00f1a\"\/><input type=\"hidden\" name=\"field_name[]\" value=\"de_fb_user_pass\"\/><input type=\"hidden\" name=\"field_id[]\" value=\"de_fb_password\"\/>                    \t\t\n\n\t\t<input type=\"password\"  name=\"de_fb_user_pass\" id=\"de_fb_password\"  placeholder=\"Contrase\u00f1a *\"   class=\"divi-form-builder-field input-field \" required value=\"\"  data-msg-required=\"Este campo es obligatorio.\" data-required_position=\"bottom\" autocomplete=\"on\" aria-label=\"Contrase\u00f1a\" aria-required=\"true\" \/>\n\t <span class=\"dfb_input_icon input_password\"><\/span> \t\t<div class=\"dfb_remember_forgot_password\">\n\t\t\t\t\t<a href=\"https:\/\/sdg2033.world\/es\/wp-login.php?itsec-hb-token=flow&#038;action=lostpassword\" class=\"dfb_forgot_password\">\u00bfHas olvidado la contrase\u00f1a?<\/a>\n\t\t\t\t\t<\/div>\n\t\t\t                <\/p>\n                                <\/div>\n        <\/div><\/div><\/div><\/div><input type=\"hidden\" value=\"3606-1\" name=\"form_key\"><input type=\"hidden\" value=\"login\" name=\"unique_id\"><input type=\"hidden\" value=\"off\" name=\"enable_payment\"><input type=\"hidden\" value=\"3606\" name=\"dfb_page_id\"><input type=\"hidden\" name=\"fb_nonce\" class=\"fb_nonce\" value=\"bd79b43cb8\"><div class=\"et_contact_bottom_container\"><div class=\"submit-container\"><input type=\"text\" name=\"form_type_confirm\" style=\"display:none!important;\" tabindex=\"-1\" autocomplete=\"off\"><div class=\"de_fb_submit_container et_pb_button_fullwidth\"><div class=\"divi-form-submit-container\"><button class=\"divi-form-submit et_pb_button et_pb_button_fullwidth de_fb_ajax_submit et_pb_button_fullwidth\" type=\"submit\" aria-label=\"Iniciar sesi\u00f3n\">Iniciar sesi\u00f3n<\/button><\/div><input type=\"hidden\" name=\"form_type\" value=\"login\"><input type=\"hidden\" name=\"divi-form-submit\" value=\"yes\"><input type=\"hidden\" name=\"form_id\" value=\"login\"><input type=\"hidden\" name=\"form_display_type\" value=\"in_page\"><\/div><\/div><\/div><\/form><script>\n(typeof jQuery !== 'undefined' ? function(cb){ jQuery(document).ready(function(){ cb(jQuery); }); } : function(){ \/* jQuery missing: skip jQuery-dependent init *\/ })(function($){\n    if ($('.message_success').length > 0) {\n        $('#fb_form_3606-1 .form-title').addClass('hidethis');\n        $('#fb_form_3606-1 .df_progressbar_container').addClass('hidethis');\n        $('#fb_form_3606-1 .divi-form-wrapper').addClass('hidethis');\n        $('#fb_form_3606-1 .submit-container').addClass('hidethis');\n        $('#fb_form_3606-1 .bloom_subscribe').addClass('hidethis');\n        $('#fb_form_3606-1 .de_fb_payment_area').addClass('hidethis');\n    }\n});\n<\/script>\n            <script>\njQuery(document).ready(function($) {\n    \/\/ Wait for jQuery validation plugin to be loaded\n    if (typeof $.validator === 'undefined') {\n        console.error('jQuery Validation plugin not loaded');\n        return;\n    }\n    \n    let old_url = jQuery.validator.methods.url;\n    \n    jQuery.validator.addMethod('url', function(value, element) {\n        if (old_url.call(this, value, element)) {\n            return true;\n        }\n        \n        if (value && !value.startsWith('http:\/\/') && !value.startsWith('https:\/\/')) {\n            return old_url.call(this, 'http:\/\/' + value, element);\n        }\n        \n        return false;\n    }, \"Please enter a valid URL\");\n\n    (function($){\n    var trim = function(s){ return (s || '').trim(); };\n    $.validator.methods.email = function (value, element) {\n        if (this.optional(element)) return true;\n        var v = trim(value);\n        return \/^[^\\s@]+@([^\\s@]+\\.)+[^\\s@]{2,}$\/.test(v);\n    };\n    })(jQuery);\n\n    $.validator.setDefaults({\n        highlight: function(element) {\n            $(element).addClass('input-error');\n            $(element).closest('.et_pb_contact_field').addClass('input-field-error');\n        },\n        unhighlight: function(element) {\n            $(element).removeClass('input-error');\n            $(element).removeAttr('aria-describedby');\n            $(element).closest('.et_pb_contact_field').removeClass('input-field-error');\n            $(element).closest('.et_pb_contact_field').find('label.error').remove();\n        }\n    });\n\n    $('#fb_form_3606-1').validate({\n        normalizer: function(value) {\n            return String(value ?? '').trim();\n        },\n        errorPlacement: function(error, element) {\n            var inputType = String(element.attr('type') || '').toLowerCase();\n            if (inputType === 'checkbox' || inputType === 'radio') {\n                \/\/ Checkbox\/radio required messaging is rendered by the wrapper-based custom flow.\n                \/\/ Skip jQuery Validate's inline label to avoid duplicate default messages.\n                return;\n            }\n            var fieldId = element.attr('id');\n            var errorId = fieldId ? fieldId + '_error' : null;\n            if (errorId) {\n                error.attr('id', errorId).attr('role', 'alert').attr('aria-live', 'polite');\n                element.attr('aria-describedby', errorId);\n            }\n            var message_position = element.attr('data-required_position');\n            if ( message_position == 'top' ) {\n                element.before(error);\n            } else {\n                element.after(error);\n            }\n        }\n    });\n\n    if ($('.de_fb_autocomplete').length > 0 && typeof init_autocomplete_fields == 'function') {\n        init_autocomplete_fields();\n    }\n});\n\nif ( window.history.replaceState ) {\n  window.history.replaceState( null, null, window.location.href );\n}\n\nif ( typeof form_grid_columns === 'function' ) {\n    form_grid_columns();\n}\n<\/script>\n        <\/div><div class=\"et_pb_text_4 et_pb_text et_pb_bg_layout_light et_pb_module et_flex_module preset--module--divi-text--default\" data-interaction-trigger=\"kt52r3f3zn\"><div class=\"et_pb_text_inner\"><h3>\u00bfNo tienes cuenta? Reg\u00edstrate aqu\u00ed. <\/h3>\n<\/div><\/div><\/div><\/div><div class=\"et_pb_row_4 et_pb_row et_flex_row et-interaction-target-km1y3vefxw\" data-interaction-target=\"km1y3vefxw\"><div class=\"et_pb_column_5 et_pb_column et-last-child et_flex_column et_pb_css_mix_blend_mode_passthrough et_flex_column_24_24 et_flex_column_24_24_tablet et_flex_column_24_24_phone\"><div class=\"de_form_builder_form_1 de_form_builder_form de_fb_form et_pb_contact de_fb_mid_de-form-builderform-1 has-hide-until-loaded et_pb_module et_flex_module\"><form method=\"POST\" enctype=\"multipart\/form-data\" action=\"\" id=\"fb_form_3606-2\" class=\"et_pb_contact fb_form   hide_until_loaded \"  aria-label=\"Register for free to add your celebration!\" data-ajax-btn=\"Submitting...\" data-ajax-hide-sub=\"on\" data-reset-form-on-submit=\"false\" data-scrollto-form-after-submit=\"on\" data-scrollto-form-offset=\"100\" data-form-key=\"3606-2\" data-form-id=\"register\" data-form-type=\"register\" data-auto-login=\"on\" data-unique-id=\"register\" data-page-id=\"3606\" style=\"display: none;\"><h2 class=\"form-title\">Register for free to add your celebration!<\/h2><div class=\"divi-form-wrapper\"><div class=\"dfb-form-fields et_flex_row\" style=\"flex-wrap:wrap;\"><div class=\"de_form_builder_form_field_2 de_form_builder_form_field de_fb_form_field clearfix et_pb_column_1_2 et_flex_column_12_24 et_pb_column grid_et_pb_column_1_2_12 et_flex_column_24_24_tablet et_flex_column_24_24_phone file_align_left et_pb_module et_flex_column_24_24\"><div class=\"et_pb_module_inner\">        <div id=\"de_fb_username_wrapper\" class=\"field_wrapper search_filter_cont\" data-count=\"50\" role=\"group\" >\n                                    <p class=\"et_pb_contact_field\" data-type=\"input\">\n                    <input type=\"hidden\" name=\"field_title[]\" value=\"Nombre de usuario\"\/><input type=\"hidden\" name=\"field_name[]\" value=\"de_fb_user_login\"\/><input type=\"hidden\" name=\"field_id[]\" value=\"de_fb_username\"\/>                    \t\t\n\n\t\t<input type=\"text\"  name=\"de_fb_user_login\" id=\"de_fb_username\" data-calc_default=\"0\" placeholder=\"Nombre de usuario *\"   class=\"divi-form-builder-field input-field \" required value=\"\"  data-msg-required=\"Este campo es obligatorio.\" data-required_position=\"bottom\" autocomplete=\"on\" aria-label=\"Nombre de usuario\" aria-required=\"true\" \/>\n\t\t                <\/p>\n                                <\/div>\n        <\/div><\/div><div class=\"de_form_builder_form_field_3 de_form_builder_form_field de_fb_form_field clearfix et_pb_column_1_2 et_flex_column_12_24 et_pb_column grid_et_pb_column_1_2_12 et_flex_column_24_24_tablet et_flex_column_24_24_phone file_align_left et_pb_module et_flex_column_24_24\"><div class=\"et_pb_module_inner\">        <div id=\"de_fb_email_wrapper\" class=\"field_wrapper search_filter_cont\" data-count=\"50\" role=\"group\" >\n                                    <p class=\"et_pb_contact_field\" data-type=\"email\">\n                    <input type=\"hidden\" name=\"field_title[]\" value=\"Correo electr\u00f3nico\"\/><input type=\"hidden\" name=\"field_name[]\" value=\"de_fb_user_email\"\/><input type=\"hidden\" name=\"field_id[]\" value=\"de_fb_email\"\/>                    \t\t\n\n\t\t<input type=\"email\"  name=\"de_fb_user_email\" id=\"de_fb_email\"  placeholder=\"Correo electr\u00f3nico *\"   class=\"divi-form-builder-field input-field \" required value=\"\"  data-msg-required=\"Este campo es obligatorio.\" data-required_position=\"bottom\" data-msg-email=\"Introduce la direcci\u00f3n de correo electr\u00f3nico correcta.\" autocomplete=\"on\" aria-label=\"Correo electr\u00f3nico\" aria-required=\"true\" \/>\n\t\t                <\/p>\n                                <\/div>\n        <\/div><\/div><div class=\"de_form_builder_form_field_4 de_form_builder_form_field de_fb_form_field clearfix et_pb_column_1_2 et_flex_column_12_24 et_pb_column grid_et_pb_column_1_2_12 et_flex_column_24_24_tablet et_flex_column_24_24_phone file_align_left et_pb_module et_flex_column_24_24\"><div class=\"et_pb_module_inner\">        <div id=\"de_fb_password_wrapper\" class=\"field_wrapper search_filter_cont\" data-count=\"50\" role=\"group\" >\n                                    <p class=\"et_pb_contact_field\" data-type=\"password\">\n                    <input type=\"hidden\" name=\"field_title[]\" value=\"Contrase\u00f1a\"\/><input type=\"hidden\" name=\"field_name[]\" value=\"de_fb_user_pass\"\/><input type=\"hidden\" name=\"field_id[]\" value=\"de_fb_password\"\/>                    \t\t\n\n\t\t<input type=\"password\"  name=\"de_fb_user_pass\" id=\"de_fb_password\"  placeholder=\"Contrase\u00f1a *\"   class=\"divi-form-builder-field input-field \" required value=\"\"  data-msg-required=\"Este campo es obligatorio.\" data-required_position=\"bottom\" autocomplete=\"on\" aria-label=\"Contrase\u00f1a\" aria-required=\"true\" \/>\n\t <span class=\"dfb_input_icon input_password\"><\/span> \t                <\/p>\n                                <\/div>\n        <\/div><\/div><\/div><\/div><input type=\"hidden\" value=\"https:\/\/sdg2033.world\/es\/anade-tu-celebracion\/\" name=\"redirect_url_after_submission\"><input type=\"hidden\" value=\"3606-2\" name=\"form_key\"><input type=\"hidden\" value=\"register\" name=\"unique_id\"><input type=\"hidden\" value=\"off\" name=\"enable_payment\"><input type=\"hidden\" value=\"3606\" name=\"dfb_page_id\"><input type=\"hidden\" name=\"fb_nonce\" class=\"fb_nonce\" value=\"bd79b43cb8\"><input type=\"hidden\" name=\"is_user_edit\" value=\"off\"><div class=\"et_contact_bottom_container\"><div class=\"submit-container\"><input type=\"text\" name=\"form_type_confirm\" style=\"display:none!important;\" tabindex=\"-1\" autocomplete=\"off\"><div class=\"de_fb_submit_container et_pb_button_fullwidth\"><div class=\"divi-form-submit-container\"><button class=\"divi-form-submit et_pb_button et_pb_button_fullwidth de_fb_ajax_submit et_pb_button_fullwidth\" type=\"submit\" aria-label=\"Register your account\">Register your account<\/button><\/div><input type=\"hidden\" name=\"form_type\" value=\"register\"><input type=\"hidden\" name=\"divi-form-submit\" value=\"yes\"><input type=\"hidden\" name=\"form_id\" value=\"register\"><input type=\"hidden\" name=\"form_display_type\" value=\"in_page\"><\/div><\/div><\/div><\/form><script>\n(typeof jQuery !== 'undefined' ? function(cb){ jQuery(document).ready(function(){ cb(jQuery); }); } : function(){ \/* jQuery missing: skip jQuery-dependent init *\/ })(function($){\n    if ($('.message_success').length > 0) {\n        $('#fb_form_3606-2 .form-title').addClass('hidethis');\n        $('#fb_form_3606-2 .df_progressbar_container').addClass('hidethis');\n        $('#fb_form_3606-2 .divi-form-wrapper').addClass('hidethis');\n        $('#fb_form_3606-2 .submit-container').addClass('hidethis');\n        $('#fb_form_3606-2 .bloom_subscribe').addClass('hidethis');\n        $('#fb_form_3606-2 .de_fb_payment_area').addClass('hidethis');\n    }\n});\n<\/script>\n            <script>\njQuery(document).ready(function($) {\n    \/\/ Wait for jQuery validation plugin to be loaded\n    if (typeof $.validator === 'undefined') {\n        console.error('jQuery Validation plugin not loaded');\n        return;\n    }\n    \n    let old_url = jQuery.validator.methods.url;\n    \n    jQuery.validator.addMethod('url', function(value, element) {\n        if (old_url.call(this, value, element)) {\n            return true;\n        }\n        \n        if (value && !value.startsWith('http:\/\/') && !value.startsWith('https:\/\/')) {\n            return old_url.call(this, 'http:\/\/' + value, element);\n        }\n        \n        return false;\n    }, \"Please enter a valid URL\");\n\n    (function($){\n    var trim = function(s){ return (s || '').trim(); };\n    $.validator.methods.email = function (value, element) {\n        if (this.optional(element)) return true;\n        var v = trim(value);\n        return \/^[^\\s@]+@([^\\s@]+\\.)+[^\\s@]{2,}$\/.test(v);\n    };\n    })(jQuery);\n\n    $.validator.setDefaults({\n        highlight: function(element) {\n            $(element).addClass('input-error');\n            $(element).closest('.et_pb_contact_field').addClass('input-field-error');\n        },\n        unhighlight: function(element) {\n            $(element).removeClass('input-error');\n            $(element).removeAttr('aria-describedby');\n            $(element).closest('.et_pb_contact_field').removeClass('input-field-error');\n            $(element).closest('.et_pb_contact_field').find('label.error').remove();\n        }\n    });\n\n    $('#fb_form_3606-2').validate({\n        normalizer: function(value) {\n            return String(value ?? '').trim();\n        },\n        errorPlacement: function(error, element) {\n            var inputType = String(element.attr('type') || '').toLowerCase();\n            if (inputType === 'checkbox' || inputType === 'radio') {\n                \/\/ Checkbox\/radio required messaging is rendered by the wrapper-based custom flow.\n                \/\/ Skip jQuery Validate's inline label to avoid duplicate default messages.\n                return;\n            }\n            var fieldId = element.attr('id');\n            var errorId = fieldId ? fieldId + '_error' : null;\n            if (errorId) {\n                error.attr('id', errorId).attr('role', 'alert').attr('aria-live', 'polite');\n                element.attr('aria-describedby', errorId);\n            }\n            var message_position = element.attr('data-required_position');\n            if ( message_position == 'top' ) {\n                element.before(error);\n            } else {\n                element.after(error);\n            }\n        }\n    });\n\n    if ($('.de_fb_autocomplete').length > 0 && typeof init_autocomplete_fields == 'function') {\n        init_autocomplete_fields();\n    }\n});\n\nif ( window.history.replaceState ) {\n  window.history.replaceState( null, null, window.location.href );\n}\n\nif ( typeof form_grid_columns === 'function' ) {\n    form_grid_columns();\n}\n<\/script>\n        <\/div><div class=\"et_pb_text_5 et_pb_text et_pb_bg_layout_light et_pb_module et_flex_module preset--module--divi-text--default\" data-interaction-trigger=\"670v8vwthz\"><div class=\"et_pb_text_inner\"><h3>\u00bfYa est\u00e1s registrado? Inicia sesi\u00f3n aqu\u00ed. <\/h3>\n<\/div><\/div><\/div><\/div><\/div>","protected":false},"excerpt":{"rendered":"","protected":false},"author":1,"featured_media":0,"parent":0,"menu_order":0,"comment_status":"closed","ping_status":"closed","template":"","meta":{"_acf_changed":false,"footnotes":""},"class_list":["post-3606","page","type-page","status-publish","hentry"],"acf":[],"_links":{"self":[{"href":"https:\/\/sdg2033.world\/es\/wp-json\/wp\/v2\/pages\/3606","targetHints":{"allow":["GET"]}}],"collection":[{"href":"https:\/\/sdg2033.world\/es\/wp-json\/wp\/v2\/pages"}],"about":[{"href":"https:\/\/sdg2033.world\/es\/wp-json\/wp\/v2\/types\/page"}],"author":[{"embeddable":true,"href":"https:\/\/sdg2033.world\/es\/wp-json\/wp\/v2\/users\/1"}],"replies":[{"embeddable":true,"href":"https:\/\/sdg2033.world\/es\/wp-json\/wp\/v2\/comments?post=3606"}],"version-history":[{"count":0,"href":"https:\/\/sdg2033.world\/es\/wp-json\/wp\/v2\/pages\/3606\/revisions"}],"wp:attachment":[{"href":"https:\/\/sdg2033.world\/es\/wp-json\/wp\/v2\/media?parent=3606"}],"curies":[{"name":"wp","href":"https:\/\/api.w.org\/{rel}","templated":true}]}}