{"id":3669,"date":"2025-10-18T20:19:44","date_gmt":"2025-10-18T18:19:44","guid":{"rendered":"https:\/\/sdg2033.world\/vision-y-mision\/"},"modified":"2026-05-05T11:54:34","modified_gmt":"2026-05-05T09:54:34","slug":"vision-y-mision","status":"publish","type":"page","link":"https:\/\/sdg2033.world\/es\/vision-y-mision\/","title":{"rendered":"Visi\u00f3n y Misi\u00f3n"},"content":{"rendered":"<div class=\"et_pb_section_0 et_pb_section et_section_regular et_block_section\" id=\"vision\">\n<div class=\"et_pb_row_0 et_pb_row et_pb_equal_columns et_pb_gutters1 et_block_row\">\n<div class=\"et_pb_column_0 et_pb_column et_pb_column_2_5 et_block_column et_pb_css_mix_blend_mode_passthrough\">\n<div class=\"et_pb_image_0 et_pb_image et_animated et_pb_module et_block_module\"><span class=\"et_pb_image_wrap\"><img loading=\"lazy\" decoding=\"async\" src=\"https:\/\/sdg2033.world\/wp-content\/uploads\/2026\/04\/sdg_heart_sp.jpg\" width=\"1024\" height=\"1264\" srcset=\"https:\/\/sdg2033.world\/wp-content\/uploads\/2026\/04\/sdg_heart_sp.jpg 1024w, https:\/\/sdg2033.world\/wp-content\/uploads\/2026\/04\/sdg_heart_sp-980x1210.jpg 980w, https:\/\/sdg2033.world\/wp-content\/uploads\/2026\/04\/sdg_heart_sp-480x593.jpg 480w\" sizes=\"(min-width: 0px) and (max-width: 480px) 480px, (min-width: 481px) and (max-width: 980px) 980px, (min-width: 981px) 1024px, 100vw\" class=\"wp-image-2918\" title=\"Soli Deo Gloria 2033\" alt=\"Soli Deo Gloria 2033\" \/><\/span><\/div>\n<\/div>\n\n<div class=\"et_pb_column_1 et_pb_column et_pb_column_3_5 et-last-child et_block_column et_pb_css_mix_blend_mode_passthrough vertikal-zentrieren\">\n<div class=\"et_pb_text_0 et_pb_text et_pb_bg_layout_light et_animated et_pb_module et_block_module et_pb_text_align_center preset--module--divi-text--default\"><div class=\"et_pb_text_inner\"><h1>Visi\u00f3n y Misi\u00f3n<\/h1>\n<\/div><\/div>\n\n<div class=\"et_pb_text_1 et_pb_text et_pb_bg_layout_light et_animated et_pb_module et_block_module et_pb_text_align_center preset--module--divi-text--default\"><div class=\"et_pb_text_inner\"><h2>Soli Deo Gloria 2033<\/h2>\n<\/div><\/div>\n<\/div>\n<\/div>\n<\/div>\n\n<div class=\"et_pb_section_1 et_pb_section et_section_regular et_block_section\">\n<div class=\"et_pb_row_1 et_pb_row et_block_row\">\n<div class=\"et_pb_column_2 et_pb_column et_pb_column_4_4 et-last-child et_block_column et_pb_css_mix_blend_mode_passthrough\">\n<div class=\"et_pb_text_2 et_pb_text et_pb_bg_layout_light et_animated et_pb_module et_block_module et_pb_text_align_center preset--module--divi-text--default\"><div class=\"et_pb_text_inner\"><h2>Visi\u00f3n y Misi\u00f3n<\/h2>\n<\/div><\/div>\n\n<div class=\"et_pb_text_3 et_pb_text et_pb_bg_layout_light et_animated et_pb_module et_block_module et_pb_text_align_center preset--module--divi-text--default\"><div class=\"et_pb_text_inner\"><p><strong>Soli Deo Gloria 2033\" pretende inspirar, movilizar, conectar, capacitar y concienciar sobre las celebraciones culturalmente significativas del 2000 aniversario de la resurrecci\u00f3n de Jes\u00fas en 2033, para gloria de Dios.<\/strong><\/p>\n<\/div><\/div>\n<\/div>\n<\/div>\n\n<div class=\"et_pb_row_2 et_pb_row et_block_row\" id=\"goals\">\n<div class=\"et_pb_column_3 et_pb_column et_pb_column_4_4 et-last-child et_block_column et_pb_css_mix_blend_mode_passthrough\">\n<div class=\"et_pb_text_4 et_pb_text et_pb_bg_layout_light et_animated et_pb_module et_block_module et_pb_text_align_center preset--module--divi-text--default\"><div class=\"et_pb_text_inner\"><h2>Objetivos y valores<\/h2>\n<\/div><\/div>\n\n<div class=\"et_pb_text_5 et_pb_text et_pb_bg_layout_light et_animated et_pb_module et_block_module et_pb_text_align_center preset--module--divi-text--default\"><div class=\"et_pb_text_inner\"><p>Celebrando el 2000 aniversario de la Resurrecci\u00f3n de Jesucristo para gloria de Dios<\/p>\n<p>Unidad mundial entre los cristianos a pesar de las diferencias teol\u00f3gicas<\/p>\n<p>Hacer visible el cuerpo de Cristo creyente como testimonio ante el mundo<\/p>\n<\/div><\/div>\n<\/div>\n<\/div>\n\n<div class=\"et_pb_row_3 et_pb_row et_block_row\" id=\"base\">\n<div class=\"et_pb_column_4 et_pb_column et_pb_column_4_4 et-last-child et_block_column et_pb_css_mix_blend_mode_passthrough\">\n<div class=\"et_pb_text_6 et_pb_text et_pb_bg_layout_light et_animated et_pb_module et_block_module et_pb_text_align_center preset--module--divi-text--default\"><div class=\"et_pb_text_inner\"><h2>N\u00facleo espiritual<\/h2>\n<\/div><\/div>\n\n<div class=\"et_pb_text_7 et_pb_text et_pb_bg_layout_light et_animated et_pb_module et_block_module et_pb_text_align_center preset--module--divi-text--default\"><div class=\"et_pb_text_inner\"><p>Si confiesas con tu boca que Jes\u00fas es el Se\u00f1or y crees en tu coraz\u00f3n que Dios le resucit\u00f3 de entre los muertos, te salvar\u00e1s.<\/p>\n<h4>Romanos 10:9<\/h4>\n<\/div><\/div>\n\n<div class=\"et_pb_text_8 et_pb_text et_pb_bg_layout_light et_animated et_pb_module et_block_module et_pb_text_align_center preset--module--divi-text--default\"><div class=\"et_pb_text_inner\"><p>...para que el mundo sepa que t\u00fa me has enviado y que los amas como me amas a m\u00ed.<\/p>\n<h4>Juan 17:23b<\/h4>\n<\/div><\/div>\n<\/div>\n<\/div>\n\n<div class=\"et_pb_row_4 et_pb_row et_block_row\" id=\"significance\">\n<div class=\"et_pb_column_5 et_pb_column et_pb_column_4_4 et-last-child et_block_column et_pb_css_mix_blend_mode_passthrough\">\n<div class=\"et_pb_text_9 et_pb_text et_pb_bg_layout_light et_animated et_pb_module et_block_module et_pb_text_align_center preset--module--divi-text--default\"><div class=\"et_pb_text_inner\"><h2>Aniversario 2033<\/h2>\n<h3>2000 a\u00f1os desde la resurrecci\u00f3n<\/h3>\n<\/div><\/div>\n\n<div class=\"et_pb_text_10 et_pb_text et_pb_bg_layout_light et_animated et_pb_module et_block_module et_pb_text_align_center preset--module--divi-text--default\"><div class=\"et_pb_text_inner\"><p>Consideramos la Resurrecci\u00f3n f\u00edsica de Jesucristo como el acontecimiento m\u00e1s significativo de toda la historia del mundo. Dios venci\u00f3 a la muerte y confirm\u00f3 as\u00ed la validez de la muerte expiatoria de Jes\u00fas para la eternidad. Esto confirm\u00f3 profec\u00edas de siglos de antig\u00fcedad y, tras la ascensi\u00f3n de Jes\u00fas, se fund\u00f3 la iglesia mundial de Jes\u00fas mediante el env\u00edo del Esp\u00edritu Santo en Pentecost\u00e9s, que sigue extendi\u00e9ndose por todo el mundo hasta nuestros d\u00edas. Esta iglesia es el cuerpo de Jes\u00fas, que le honra como su cabeza y celebra en unidad.<br \/>M\u00e1s de mil millones de personas en todo el mundo creen que Jes\u00fas es el Se\u00f1or de todo y que resucit\u00f3 de entre los muertos; seg\u00fan Romanos 10:9, son creyentes que est\u00e1n salvados para la eternidad. Como resultado, a pesar de todas las diferencias en la expresi\u00f3n concreta de su fe, est\u00e1n unidos como el cuerpo de Jesucristo, que es la cabeza de todos.    <\/p>\n<\/div><\/div>\n<\/div>\n<\/div>\n\n<div class=\"et_pb_row_5 et_pb_row et_block_row\" id=\"name\">\n<div class=\"et_pb_column_6 et_pb_column et_pb_column_4_4 et-last-child et_block_column et_pb_css_mix_blend_mode_passthrough\">\n<div class=\"et_pb_text_11 et_pb_text et_pb_bg_layout_light et_animated et_pb_module et_block_module et_pb_text_align_center preset--module--divi-text--default\"><div class=\"et_pb_text_inner\"><h2>El nombre<\/h2>\n<\/div><\/div>\n\n<div class=\"et_pb_text_12 et_pb_text et_pb_bg_layout_light et_animated et_pb_module et_block_module et_pb_text_align_center preset--module--divi-text--default\"><div class=\"et_pb_text_inner\"><h3>Soli Deo Gloria\" significa \"Gloria s\u00f3lo a Dios\".<\/h3>\n<\/div><\/div>\n\n<div class=\"et_pb_text_13 et_pb_text et_pb_bg_layout_light et_animated et_pb_module et_block_module et_pb_text_align_center preset--module--divi-text--default\"><div class=\"et_pb_text_inner\"><p>S\u00f3lo Dios merece honor y adoraci\u00f3n, especialmente en el aniversario de la Resurrecci\u00f3n. Se trata \u00fanicamente de la gloria de Dios, no de organizaciones o personas. <\/p>\n<p>Soli Deo Gloria\" es lat\u00edn, una lengua que uni\u00f3 a los primeros cristianos del Imperio Romano, comparable al ingl\u00e9s actual.<br \/>Nuestra iniciativa no se centra en nuestra lengua y cultura. Lo expresamos con el hecho de que nuestro nombre no procede de ninguna de las lenguas que se hablan hoy en d\u00eda. En lugar de ello, cada celebraci\u00f3n debe ser significativa en su propio contexto cultural, creando as\u00ed un hermoso ramo de flores para nuestro Se\u00f1or.  <\/p>\n<p>Ni siquiera el nombre de la iniciativa es importante, incluso puede cambiarse con el tiempo si se considera oportuno.<\/p>\n<\/div><\/div>\n<\/div>\n<\/div>\n\n<div class=\"et_pb_row_6 et_pb_row et_block_row\" id=\"origin\">\n<div class=\"et_pb_column_7 et_pb_column et_pb_column_4_4 et-last-child et_block_column et_pb_css_mix_blend_mode_passthrough\">\n<div class=\"et_pb_text_14 et_pb_text et_pb_bg_layout_light et_animated et_pb_module et_block_module et_pb_text_align_center preset--module--divi-text--default\"><div class=\"et_pb_text_inner\"><h2>El origen<\/h2>\n<\/div><\/div>\n\n<div class=\"et_pb_text_15 et_pb_text et_pb_bg_layout_light et_animated et_pb_module et_block_module et_pb_text_align_center preset--module--divi-text--default\"><div class=\"et_pb_text_inner\"><p>En 2010, el Dr. Andreas Bartels tuvo la visi\u00f3n de celebrar el 2000 aniversario de la resurrecci\u00f3n de Jes\u00fas a nivel mundial, pero sinti\u00f3 que Dios le ped\u00eda que esperara hasta 10 a\u00f1os antes de que comenzara el evento. As\u00ed que planific\u00f3 y pens\u00f3 s\u00f3lo en secreto y esper\u00f3 hasta 2023, cuando \u00e9l y su esposa Elisabeth establecieron sus primeros contactos informales con la AEM. En 2024, el Dr. Detlef Bl\u00f6cher de DMGint se uni\u00f3 como asesor. En 2024, a trav\u00e9s de la gu\u00eda de Dios durante la conferencia anual de la Alianza Evang\u00e9lica Alemana, Jochen Bubeck y Frank Bossert se unieron al grupo de direcci\u00f3n, as\u00ed como m\u00e1s tarde Dieter Trefz (Kontaktmission). Se celebraron las primeras reuniones, en las que particip\u00f3 el personal de OpenDoors, y se celebraron reuniones con Olivier Fleury, de JC2033, que tambi\u00e9n trabaja en ese \u00e1mbito.    <\/p>\n<\/div><\/div>\n<\/div>\n<\/div>\n\n<div class=\"et_pb_row_7 et_pb_row et_block_row\" id=\"faq\">\n<div class=\"et_pb_column_8 et_pb_column et_pb_column_4_4 et-last-child et_block_column et_pb_css_mix_blend_mode_passthrough\">\n<div class=\"et_pb_text_16 et_pb_text et_pb_bg_layout_light et_animated et_pb_module et_block_module et_pb_text_align_center preset--module--divi-text--default\"><div class=\"et_pb_text_inner\"><h2>PREGUNTAS FRECUENTES<\/h2>\n<\/div><\/div>\n\n<div class=\"et_pb_accordion_0 et_pb_accordion et_pb_module et_block_module\">\n<div class=\"et_pb_accordion_item_0 et_pb_accordion_item et_pb_toggle et_pb_module et_pb_toggle_open et_block_module\"><h5 class=\"et_pb_toggle_title\">ficticia<\/h5><\/div>\n\n<div class=\"et_pb_accordion_item_1 et_pb_accordion_item et_pb_toggle et_pb_module et_pb_toggle_close et_block_module\"><h5 class=\"et_pb_toggle_title\">\u00bfPor qu\u00e9 lo celebramos en 2033?<\/h5><div class=\"et_pb_toggle_content\"><p>La mayor\u00eda de los cristianos creen que en 2033 se cumplir\u00e1n 2000 a\u00f1os de la Resurrecci\u00f3n de Jesucristo como el acontecimiento m\u00e1s importante de la historia del mundo. No queremos discutir sobre la fecha exacta, pero invitamos a todos los creyentes a celebrarlo y mostrarlo al mundo para dar a Dios toda la Gloria que se merece. <\/p>\n<\/div><\/div>\n\n<div class=\"et_pb_accordion_item_2 et_pb_accordion_item et_pb_toggle et_pb_module et_pb_toggle_close et_block_module\"><h5 class=\"et_pb_toggle_title\">\u00bfCelebraci\u00f3n mundial o celebraciones mundiales?<\/h5><div class=\"et_pb_toggle_content\"><p>A menudo nos preguntan d\u00f3nde tendr\u00e1n lugar las celebraciones. La respuesta es: en todo el mundo, porque habr\u00e1 muchas celebraciones grandes y peque\u00f1as. <\/p>\n<p>Puesto que todas estas celebraciones est\u00e1n unidas en Cristo y muchas est\u00e1n registradas en el sitio web de la celebraci\u00f3n, la suma de todas estas celebraciones tambi\u00e9n podr\u00eda denominarse \"celebraci\u00f3n global\".<\/p>\n<\/div><\/div>\n\n<div class=\"et_pb_accordion_item_3 et_pb_accordion_item et_pb_toggle et_pb_module et_pb_toggle_close et_block_module\"><h5 class=\"et_pb_toggle_title\">\u00bfPuedo celebrarlo en 2030?<\/h5><div class=\"et_pb_toggle_content\"><p>S\u00ed, algunos grupos tambi\u00e9n eligen 2030 - todos son bienvenidos a ser visibles para el mundo.<\/p>\n<p>S\u00f3lo es importante Romanos 10:9. Cualquier persona que confiese a Jes\u00fas como Se\u00f1or y crea en su resurrecci\u00f3n puede inscribirse. Tambi\u00e9n existe la opci\u00f3n de introducir la fecha de la celebraci\u00f3n, para indicar cu\u00e1ndo la celebrar\u00e1s.  <\/p>\n<p>En 2030 y 2033, los cristianos de todo el mundo conmemorar\u00e1n los 2000 a\u00f1os de la Resurrecci\u00f3n de Jesucristo. Algunas tradiciones cuentan a partir del a\u00f1o 30, otras a partir del a\u00f1o 33. Estas diferentes perspectivas no deben dividirnos, sino recordarnos que el centro de atenci\u00f3n no es la fecha, sino el propio Se\u00f1or vivo.  <\/p>\n<\/div><\/div>\n\n<div class=\"et_pb_accordion_item_4 et_pb_accordion_item et_pb_toggle et_pb_module et_pb_toggle_close et_block_module\"><h5 class=\"et_pb_toggle_title\">\u00bfPuedo celebrar Pentecost\u00e9s en lugar de Pascua?<\/h5><div class=\"et_pb_toggle_content\"><p>Eres muy bienvenido a centrarte m\u00e1s en Pentecost\u00e9s. Si crees en la resurrecci\u00f3n f\u00edsica y declaras a Jes\u00fas como Se\u00f1or, \u00fanete y registra tu celebraci\u00f3n en el mapa. <\/p>\n<\/div><\/div>\n\n<div class=\"et_pb_accordion_item_5 et_pb_accordion_item et_pb_toggle et_pb_module et_pb_toggle_close et_block_module\"><h5 class=\"et_pb_toggle_title\">\u00bfPor qu\u00e9 inscribirse hoy en el mapamundi?<\/h5><div class=\"et_pb_toggle_content\"><p>No es necesario que planifiques hoy tu celebraci\u00f3n. Pero registra hoy al menos la <strong>ciudad<\/strong> y un <strong>n\u00famero aproximado<\/strong> de bel\u00edevers de tu celebraci\u00f3n. \u00bfPor qu\u00e9?<br \/>1. Para hacer <strong>visible el cuerpo de Cristo global al mundo<\/strong>, que vean a\u00f1os antes del evento, cu\u00e1ntos creyentes hay en todo el mundo.<br \/>2. <strong>La creaci\u00f3n de redes locales<\/strong> puede empezar hoy, cuando seas visible a los buscadores y cristianos de tu alrededor - y veas, d\u00f3nde est\u00e1n los dem\u00e1s.  <\/p>\n<\/div><\/div>\n\n<div class=\"et_pb_accordion_item_6 et_pb_accordion_item et_pb_toggle et_pb_module et_pb_toggle_close et_block_module\"><h5 class=\"et_pb_toggle_title\">\u00bfQui\u00e9n debe inscribirse en el mapa?<\/h5><div class=\"et_pb_toggle_content\"><p>Pueden inscribirse creyentes individuales o familias, as\u00ed como iglesias u organizaciones que planifiquen actos peque\u00f1os o grandes. Jes\u00fas nos ve a todos, pero deja que el mundo nos vea tambi\u00e9n. <\/p>\n<\/div><\/div>\n\n<div class=\"et_pb_accordion_item_7 et_pb_accordion_item et_pb_toggle et_pb_module et_pb_toggle_close et_block_module\"><h5 class=\"et_pb_toggle_title\">\u00bfPuedo permanecer en el anonimato?<\/h5><div class=\"et_pb_toggle_content\"><p>S\u00ed, si no haces clic en \"evento p\u00fablico\", tus datos no ser\u00e1n p\u00fablicos, pero aun as\u00ed se te contar\u00e1 como creyente. Si s\u00f3lo quieres celebrarlo en privado o si te sientes o te persiguen, se tomar\u00e1 en serio. <\/p>\n<\/div><\/div>\n\n<div class=\"et_pb_accordion_item_8 et_pb_accordion_item et_pb_toggle et_pb_module et_pb_toggle_close et_block_module\"><h5 class=\"et_pb_toggle_title\">No creo en Jes\u00fas como Se\u00f1or resucitado, \u00bfpuedo inscribirme en el mapa?<\/h5><div class=\"et_pb_toggle_content\"><p>Si no crees que Jes\u00fas ha resucitado f\u00edsicamente de entre los muertos y si no lo declaras tu Se\u00f1or, puedes celebrar la Pascua como una fiesta tradicional, pero por favor, no lo registres en el mapa.<br \/>P.D. Por favor, lee la Biblia y habla con los seguidores de Jes\u00fas. Tal vez - eso cambie tu vida - incluso eternamente. <\/p>\n<\/div><\/div>\n\n<div class=\"et_pb_accordion_item_9 et_pb_accordion_item et_pb_toggle et_pb_module et_pb_toggle_close et_block_module\"><h5 class=\"et_pb_toggle_title\">\u00bfPertenece Soli Deo Gloria 2033 a alguna confesi\u00f3n en particular?<\/h5><div class=\"et_pb_toggle_content\"><p>No, es interdenominacional. Se centra en la gloria de Jesucristo. <\/p>\n<\/div><\/div>\n\n<div class=\"et_pb_accordion_item_10 et_pb_accordion_item et_pb_toggle et_pb_module et_pb_toggle_close et_block_module\"><h5 class=\"et_pb_toggle_title\">\u00bfVolver\u00e1 Jes\u00fas en 2033?<\/h5><div class=\"et_pb_toggle_content\"><p>Eso est\u00e1 \u00fanicamente en manos de Dios. No participamos en ninguna especulaci\u00f3n sobre su regreso. Nuestra tarea es celebrar y dar testimonio de Jes\u00fas.  <\/p>\n<\/div><\/div>\n<\/div>\n<\/div>\n<\/div>\n<\/div>","protected":false},"excerpt":{"rendered":"","protected":false},"author":1,"featured_media":0,"parent":0,"menu_order":0,"comment_status":"closed","ping_status":"closed","template":"","meta":{"_acf_changed":false,"footnotes":""},"class_list":["post-3669","page","type-page","status-publish","hentry"],"acf":[],"_links":{"self":[{"href":"https:\/\/sdg2033.world\/es\/wp-json\/wp\/v2\/pages\/3669","targetHints":{"allow":["GET"]}}],"collection":[{"href":"https:\/\/sdg2033.world\/es\/wp-json\/wp\/v2\/pages"}],"about":[{"href":"https:\/\/sdg2033.world\/es\/wp-json\/wp\/v2\/types\/page"}],"author":[{"embeddable":true,"href":"https:\/\/sdg2033.world\/es\/wp-json\/wp\/v2\/users\/1"}],"replies":[{"embeddable":true,"href":"https:\/\/sdg2033.world\/es\/wp-json\/wp\/v2\/comments?post=3669"}],"version-history":[{"count":0,"href":"https:\/\/sdg2033.world\/es\/wp-json\/wp\/v2\/pages\/3669\/revisions"}],"wp:attachment":[{"href":"https:\/\/sdg2033.world\/es\/wp-json\/wp\/v2\/media?parent=3669"}],"curies":[{"name":"wp","href":"https:\/\/api.w.org\/{rel}","templated":true}]}}