{"id":2383,"date":"2025-10-20T10:56:05","date_gmt":"2025-10-20T08:56:05","guid":{"rendered":"https:\/\/sdg2033.bereishit.de\/connecter\/"},"modified":"2026-05-05T22:39:46","modified_gmt":"2026-05-05T20:39:46","slug":"connecter","status":"publish","type":"page","link":"https:\/\/sdg2033.world\/fr\/connecter\/","title":{"rendered":"Connecter"},"content":{"rendered":"<div class=\"et_pb_section_0 et_pb_section et_section_regular et_block_section\">\n<div class=\"et_pb_row_0 et_pb_row et_pb_equal_columns et_pb_gutters1 et_block_row\">\n<div class=\"et_pb_column_0 et_pb_column et_pb_column_2_5 et_block_column et_pb_css_mix_blend_mode_passthrough\">\n<div class=\"et_pb_image_0 et_pb_image et_animated et_pb_module et_block_module\"><span class=\"et_pb_image_wrap\"><img loading=\"lazy\" decoding=\"async\" src=\"https:\/\/sdg2033.world\/wp-content\/uploads\/2026\/04\/sdg_heart_sp.jpg\" width=\"1024\" height=\"1264\" srcset=\"https:\/\/sdg2033.world\/wp-content\/uploads\/2026\/04\/sdg_heart_sp.jpg 1024w, https:\/\/sdg2033.world\/wp-content\/uploads\/2026\/04\/sdg_heart_sp-980x1210.jpg 980w, https:\/\/sdg2033.world\/wp-content\/uploads\/2026\/04\/sdg_heart_sp-480x593.jpg 480w\" sizes=\"(min-width: 0px) and (max-width: 480px) 480px, (min-width: 481px) and (max-width: 980px) 980px, (min-width: 981px) 1024px, 100vw\" class=\"wp-image-2918\" title=\"Soli Deo Gloria 2033\" alt=\"Soli Deo Gloria 2033\" \/><\/span><\/div>\n<\/div>\n\n<div class=\"et_pb_column_1 et_pb_column et_pb_column_3_5 et-last-child et_block_column et_pb_css_mix_blend_mode_passthrough vertikal-zentrieren\">\n<div class=\"et_pb_text_0 et_pb_text et_pb_bg_layout_light et_animated et_pb_module et_block_module et_pb_text_align_center preset--module--divi-text--default\"><div class=\"et_pb_text_inner\"><h1>Connecter<\/h1>\n<\/div><\/div>\n\n<div class=\"et_pb_text_1 et_pb_text et_pb_bg_layout_light et_animated et_pb_module et_block_module et_pb_text_align_center preset--module--divi-text--default\"><div class=\"et_pb_text_inner\"><h2>Soli Deo Gloria 2033<\/h2>\n<\/div><\/div>\n<\/div>\n<\/div>\n<\/div>\n\n<div class=\"et_pb_section_1 et_pb_section et_section_regular et_block_section\">\n<div class=\"et_pb_row_1 et_pb_row et_pb_equal_columns et_block_row\" id=\"pray\">\n<div class=\"et_pb_column_2 et_pb_column et_pb_column_1_2 et_block_column et_pb_css_mix_blend_mode_passthrough\">\n<div class=\"et_pb_blurb_0 et_pb_blurb et_pb_bg_layout_light et_pb_text_align_center et_pb_blurb_position_top et_pb_module et_block_module\"><div class=\"et_pb_blurb_content\"><div class=\"et_pb_main_blurb_image\"><span class=\"et_pb_image_wrap\"><span class=\"et-pb-icon et_animated et_animated\">\uf684<\/span><\/span><\/div><div class=\"et_pb_blurb_container\"><h4 class=\"et_pb_module_header\">Prier<\/h4><div class=\"et_pb_blurb_description\"><p>Veuillez prier pour que SDG2033 soit un outil dans la main de Dieu pour que la c\u00e9l\u00e9bration 2033 soit aussi grande que possible, juste pour SA gloire.<br \/>Si vous \u00eates int\u00e9ress\u00e9 par un groupe de pri\u00e8re, <a href=\"#contact\">faites-le nous savoir.<\/a><\/p>\n<\/div><\/div><\/div><\/div>\n<\/div>\n\n<div class=\"et_pb_column_3 et_pb_column et_pb_column_1_2 et-last-child et_block_column et_pb_css_mix_blend_mode_passthrough\">\n<div class=\"et_pb_blurb_1 et_pb_blurb et_pb_bg_layout_light et_pb_text_align_center et_pb_blurb_position_top et_pb_module et_block_module\"><div class=\"et_pb_blurb_content\"><div class=\"et_pb_main_blurb_image\"><span class=\"et_pb_image_wrap\"><span class=\"et-pb-icon et_animated et_animated\">\uf0a1<\/span><\/span><\/div><div class=\"et_pb_blurb_container\"><h4 class=\"et_pb_module_header\">Partager<\/h4><div class=\"et_pb_blurb_description\"><p>Partagez l'id\u00e9e d\u00e8s maintenant. Dites \u00e0 vos amis du monde entier de se joindre \u00e0 l'initiative, afin que le monde voie combien il y a de croyants dans le Seigneur J\u00e9sus ressuscit\u00e9. <\/p>\n<\/div><\/div><\/div><\/div>\n<\/div>\n<\/div>\n\n<div class=\"et_pb_row_2 et_pb_row et_pb_equal_columns et_block_row\" id=\"involve\">\n<div class=\"et_pb_column_4 et_pb_column et_pb_column_1_2 et_block_column et_pb_css_mix_blend_mode_passthrough\">\n<div class=\"et_pb_blurb_2 et_pb_blurb et_pb_bg_layout_light et_pb_text_align_center et_pb_blurb_position_top et_pb_module et_block_module\"><div class=\"et_pb_blurb_content\"><div class=\"et_pb_main_blurb_image\"><span class=\"et_pb_image_wrap\"><span class=\"et-pb-icon et_animated et_animated\">\uf4be<\/span><\/span><\/div><div class=\"et_pb_blurb_container\"><h4 class=\"et_pb_module_header\">Faire un don<\/h4><div class=\"et_pb_blurb_description\"><p>Si vous souhaitez contribuer \u00e0 la diffusion de l'id\u00e9e de la c\u00e9l\u00e9bration mondiale de \"Soli Deo Gloria 2033\", faites un don pour couvrir les co\u00fbts de cette initiative mondiale.<\/p>\n<p>Veuillez envisager de donner une fois ou r\u00e9guli\u00e8rement un montant de 20.33\u20ac\/$\/... ou m\u00eame 2033\u20ac\/$\/... pour nous aider \u00e0 accomplir ce que le Seigneur nous a appel\u00e9s \u00e0 faire.<\/p>\n<\/div><\/div><\/div><\/div>\n\n<div class=\"et_pb_toggle_0 et_pb_toggle et_pb_toggle_item et_pb_toggle_close et_pb_module et_block_module\"><h5 class=\"et_pb_toggle_title\">Compte bancaire et PayPal<\/h5><div class=\"et_pb_toggle_content clearfix\"><p><strong>Notre compte bancaire actuel<\/strong><\/p>\n<p>VisioM e.V.<br \/>IBAN : DE29 5139 0000 0066 5786 07<br \/>BIC : VBMHDE5FXXX<br \/>Motif du transfert : \"Projet 2033<\/p>\n<p>  <div class=\"paypal-donation-box\" style=\"text-align:left; margin: 0em 0;\">\n      <form id=\"paypalSpende\" action=\"https:\/\/www.paypal.com\/cgi-bin\/webscr\" method=\"post\" target=\"_blank\" style=\"display:inline-block; margin-top:0em;\">\n      <input type=\"hidden\" name=\"cmd\" value=\"_s-xclick\">\n      <input type=\"hidden\" name=\"hosted_button_id\" value=\"Y7PGUNZX7QQWC\">\n      <input type=\"image\" src=\"https:\/\/sdg2033.world\/wp-content\/uploads\/2025\/10\/paypal-button.jpg\" \n             alt=\"Donate now via PayPal\" \n             name=\"submit\" \n             style=\"border: none; max-width: 220px; height: auto; cursor: pointer;\">\n      <img loading=\"lazy\" decoding=\"async\" alt=\"\" border=\"0\" src=\"https:\/\/www.paypalobjects.com\/de_DE\/i\/scr\/pixel.gif\" width=\"1\" height=\"1\">\n    <\/form>\n  <\/div>\n  <br \/>Soutenez SDG2033 via Paypal.<br \/>(Vous pouvez \u00e9galement transf\u00e9rer les frais encourus).<\/p>\n<p>Les dons peuvent \u00eatre d\u00e9duits des imp\u00f4ts en Allemagne.<\/p>\n<\/div><\/div>\n<\/div>\n\n<div class=\"et_pb_column_5 et_pb_column et_pb_column_1_2 et-last-child et_block_column et_pb_css_mix_blend_mode_passthrough\">\n<div class=\"et_pb_blurb_3 et_pb_blurb et_pb_bg_layout_light et_pb_text_align_center et_pb_blurb_position_top et_pb_module et_block_module\" id=\"involve\"><div class=\"et_pb_blurb_content\"><div class=\"et_pb_main_blurb_image\"><span class=\"et_pb_image_wrap\"><span class=\"et-pb-icon et_animated et_animated\">\uf4ce<\/span><\/span><\/div><div class=\"et_pb_blurb_container\"><h4 class=\"et_pb_module_header\">Participez<\/h4><div class=\"et_pb_blurb_description\"><p>Vous pouvez envisager de participer \u00e0 l'initiative elle-m\u00eame en rejoignant l'\u00e9quipe mondiale ou en cr\u00e9ant votre propre initiative nationale ou r\u00e9gionale.<br \/><a href=\"https:\/\/sdg2033.world\/fr\/participez\/\">Parlez-nous et discutons-en<\/a>, si vous pensez que c'est votre vocation.<\/p>\n<\/div><\/div><\/div><\/div>\n<\/div>\n<\/div>\n\n<div class=\"et_pb_row_3 et_pb_row et_block_row\" id=\"contact\">\n<div class=\"et_pb_column_6 et_pb_column et_pb_column_4_4 et-last-child et_block_column et_pb_css_mix_blend_mode_passthrough\">\n<div class=\"et_pb_text_2 et_pb_text et_pb_bg_layout_light et_animated et_pb_module et_block_module et_pb_text_align_center preset--module--divi-text--default\"><div class=\"et_pb_text_inner\"><h2>Contact<\/h2>\n<\/div><\/div>\n\n<div class=\"de_form_builder_form_0 de_form_builder_form de_fb_form et_pb_contact de_fb_mid_de-form-builderform-0 has-hide-until-loaded et_pb_module et_flex_module\"><form method=\"POST\" enctype=\"multipart\/form-data\" action=\"\" id=\"fb_form_2383-1\" class=\"et_pb_contact fb_form   hide_until_loaded \"  data-ajax-btn=\"Nous traitons votre demande...\" data-ajax-hide-sub=\"on\" data-reset-form-on-submit=\"false\" data-scrollto-form-after-submit=\"on\" data-scrollto-form-offset=\"100\" data-form-key=\"2383-1\" data-form-id=\"Contact\" data-form-type=\"contact\" data-auto-login=\"off\" data-unique-id=\"Contact\" data-page-id=\"2383\" style=\"display: none;\"><div class=\"divi-form-wrapper\"><div class=\"dfb-form-fields et_flex_row\" style=\"flex-wrap:wrap;\">\n<div class=\"de_form_builder_form_field_0 de_form_builder_form_field de_fb_form_field clearfix et_pb_column_4_4 et_flex_column_24_24 et_pb_column grid_et_pb_column_4_4_12 et_flex_column_24_24_tablet et_flex_column_24_24_phone file_align_left et_pb_module\"><div class=\"et_pb_module_inner\">        <div id=\"de_fb_first_name_wrapper\" class=\"field_wrapper search_filter_cont\" data-count=\"100\" role=\"group\" >\n                                    <p class=\"et_pb_contact_field\" data-type=\"input\">\n                    <input type=\"hidden\" name=\"field_title[]\" value=\"Pr\u00e9nom\"\/><input type=\"hidden\" name=\"field_name[]\" value=\"de_fb_first_name\"\/><input type=\"hidden\" name=\"field_id[]\" value=\"de_fb_first_name\"\/>                    \t\t\n\n\t\t<input type=\"text\"  name=\"de_fb_first_name\" id=\"de_fb_first_name\" data-calc_default=\"0\" placeholder=\"Pr\u00e9nom *\"   class=\"divi-form-builder-field input-field \" required value=\"\"  data-msg-required=\"Ce champ est obligatoire.\" data-required_position=\"bottom\" autocomplete=\"on\" aria-label=\"Pr\u00e9nom\" aria-required=\"true\" \/>\n\t\t                <\/p>\n                                <\/div>\n        <\/div><\/div>\n\n<div class=\"de_form_builder_form_field_1 de_form_builder_form_field de_fb_form_field clearfix et_pb_column_4_4 et_flex_column_24_24 et_pb_column grid_et_pb_column_4_4_12 et_flex_column_24_24_tablet et_flex_column_24_24_phone file_align_left et_pb_module\"><div class=\"et_pb_module_inner\">        <div id=\"de_fb_last_name_wrapper\" class=\"field_wrapper search_filter_cont\" data-count=\"100\" role=\"group\" >\n                                    <p class=\"et_pb_contact_field\" data-type=\"input\">\n                    <input type=\"hidden\" name=\"field_title[]\" value=\"Nom de famille\"\/><input type=\"hidden\" name=\"field_name[]\" value=\"de_fb_last_name\"\/><input type=\"hidden\" name=\"field_id[]\" value=\"de_fb_last_name\"\/>                    \t\t\n\n\t\t<input type=\"text\"  name=\"de_fb_last_name\" id=\"de_fb_last_name\" data-calc_default=\"0\" placeholder=\"Nom de famille *\"   class=\"divi-form-builder-field input-field \" required value=\"\"  data-msg-required=\"Ce champ est obligatoire.\" data-required_position=\"bottom\" autocomplete=\"on\" aria-label=\"Nom de famille\" aria-required=\"true\" \/>\n\t\t                <\/p>\n                                <\/div>\n        <\/div><\/div>\n\n<div class=\"de_form_builder_form_field_2 de_form_builder_form_field de_fb_form_field clearfix et_pb_column_4_4 et_flex_column_24_24 et_pb_column grid_et_pb_column_4_4_12 et_flex_column_24_24_tablet et_flex_column_24_24_phone file_align_left et_pb_module\"><div class=\"et_pb_module_inner\">        <div id=\"de_fb_email_wrapper\" class=\"field_wrapper search_filter_cont\" data-count=\"100\" role=\"group\" >\n                                    <p class=\"et_pb_contact_field\" data-type=\"email\">\n                    <input type=\"hidden\" name=\"field_title[]\" value=\"Adresse \u00e9lectronique\"\/><input type=\"hidden\" name=\"field_name[]\" value=\"de_fb_email\"\/><input type=\"hidden\" name=\"field_id[]\" value=\"de_fb_email\"\/>                    \t\t\n\n\t\t<input type=\"email\"  name=\"de_fb_email\" id=\"de_fb_email\"  placeholder=\"Courriel *\"   class=\"divi-form-builder-field input-field \" required value=\"\"  data-msg-required=\"Ce champ est obligatoire.\" data-required_position=\"bottom\" data-rule-minlength=\"5\" data-msg-minlength=\"Votre contribution est trop courte.\" data-msg-email=\"Veuillez saisir l&#039;adresse \u00e9lectronique correcte.\" autocomplete=\"on\" aria-label=\"Adresse \u00e9lectronique\" aria-required=\"true\" \/>\n\t\t                <\/p>\n                                <\/div>\n        <\/div><\/div>\n\n<div class=\"de_form_builder_form_field_3 de_form_builder_form_field de_fb_form_field clearfix et_pb_column_4_4 et_flex_column_24_24 et_pb_column grid_et_pb_column_4_4_12 et_flex_column_24_24_tablet et_flex_column_24_24_phone file_align_left et_pb_module\"><div class=\"et_pb_module_inner\">        <div id=\"de_fb_message_wrapper\" class=\"field_wrapper search_filter_cont\" data-count=\"100\" role=\"group\" >\n                                    <p class=\"et_pb_contact_field\" data-type=\"text\">\n                    <input type=\"hidden\" name=\"field_title[]\" value=\"Message\"\/><input type=\"hidden\" name=\"field_name[]\" value=\"de_fb_message\"\/><input type=\"hidden\" name=\"field_id[]\" value=\"de_fb_message\"\/>                    \t\t<textarea name=\"de_fb_message\" id=\"de_fb_message\" class=\"divi-form-builder-field textarea-field\" required placeholder=\"Votre message *\" rows=\"8\"   data-msg-required=\"Ce champ est obligatoire.\" data-required_position=\"bottom\" autocomplete=\"on\" aria-label=\"Message\" aria-required=\"true\"><\/textarea>\n\t\t                <\/p>\n                                <\/div>\n        <\/div><\/div>\n<\/div><\/div><input type=\"hidden\" value=\"2383-1\" name=\"form_key\"><input type=\"hidden\" value=\"Contact\" name=\"unique_id\"><input type=\"hidden\" value=\"off\" name=\"enable_payment\"><input type=\"hidden\" value=\"2383\" name=\"dfb_page_id\"><input type=\"hidden\" name=\"fb_nonce\" class=\"fb_nonce\" value=\"bd79b43cb8\"><div class=\"et_contact_bottom_container\"><div class=\"submit-container\"><input type=\"text\" name=\"form_type_confirm\" style=\"display:none!important;\" tabindex=\"-1\" autocomplete=\"off\"><div class=\"de_fb_submit_container et_pb_button_fullwidth\"><div class=\"divi-form-submit-container\"><button class=\"divi-form-submit et_pb_button et_pb_button_fullwidth de_fb_ajax_submit et_pb_button_fullwidth\" type=\"submit\" aria-label=\"Envoyer un message\">Envoyer un message<\/button><\/div><input type=\"hidden\" name=\"form_type\" value=\"contact\"><input type=\"hidden\" name=\"divi-form-submit\" value=\"yes\"><input type=\"hidden\" name=\"form_id\" value=\"Contact\"><input type=\"hidden\" name=\"form_display_type\" value=\"in_page\"><\/div><\/div><\/div><\/form><script>\n(typeof jQuery !== 'undefined' ? function(cb){ jQuery(document).ready(function(){ cb(jQuery); }); } : function(){ \/* jQuery missing: skip jQuery-dependent init *\/ })(function($){\n    if ($('.message_success').length > 0) {\n        $('#fb_form_2383-1 .form-title').addClass('hidethis');\n        $('#fb_form_2383-1 .df_progressbar_container').addClass('hidethis');\n        $('#fb_form_2383-1 .divi-form-wrapper').addClass('hidethis');\n        $('#fb_form_2383-1 .submit-container').addClass('hidethis');\n        $('#fb_form_2383-1 .bloom_subscribe').addClass('hidethis');\n        $('#fb_form_2383-1 .de_fb_payment_area').addClass('hidethis');\n    }\n});\n<\/script>\n            <script>\njQuery(document).ready(function($) {\n    \/\/ Wait for jQuery validation plugin to be loaded\n    if (typeof $.validator === 'undefined') {\n        console.error('jQuery Validation plugin not loaded');\n        return;\n    }\n    \n    let old_url = jQuery.validator.methods.url;\n    \n    jQuery.validator.addMethod('url', function(value, element) {\n        if (old_url.call(this, value, element)) {\n            return true;\n        }\n        \n        if (value && !value.startsWith('http:\/\/') && !value.startsWith('https:\/\/')) {\n            return old_url.call(this, 'http:\/\/' + value, element);\n        }\n        \n        return false;\n    }, \"Please enter a valid URL\");\n\n    (function($){\n    var trim = function(s){ return (s || '').trim(); };\n    $.validator.methods.email = function (value, element) {\n        if (this.optional(element)) return true;\n        var v = trim(value);\n        return \/^[^\\s@]+@([^\\s@]+\\.)+[^\\s@]{2,}$\/.test(v);\n    };\n    })(jQuery);\n\n    $.validator.setDefaults({\n        highlight: function(element) {\n            $(element).addClass('input-error');\n            $(element).closest('.et_pb_contact_field').addClass('input-field-error');\n        },\n        unhighlight: function(element) {\n            $(element).removeClass('input-error');\n            $(element).removeAttr('aria-describedby');\n            $(element).closest('.et_pb_contact_field').removeClass('input-field-error');\n            $(element).closest('.et_pb_contact_field').find('label.error').remove();\n        }\n    });\n\n    $('#fb_form_2383-1').validate({\n        normalizer: function(value) {\n            return String(value ?? '').trim();\n        },\n        errorPlacement: function(error, element) {\n            var inputType = String(element.attr('type') || '').toLowerCase();\n            if (inputType === 'checkbox' || inputType === 'radio') {\n                \/\/ Checkbox\/radio required messaging is rendered by the wrapper-based custom flow.\n                \/\/ Skip jQuery Validate's inline label to avoid duplicate default messages.\n                return;\n            }\n            var fieldId = element.attr('id');\n            var errorId = fieldId ? fieldId + '_error' : null;\n            if (errorId) {\n                error.attr('id', errorId).attr('role', 'alert').attr('aria-live', 'polite');\n                element.attr('aria-describedby', errorId);\n            }\n            var message_position = element.attr('data-required_position');\n            if ( message_position == 'top' ) {\n                element.before(error);\n            } else {\n                element.after(error);\n            }\n        }\n    });\n\n    if ($('.de_fb_autocomplete').length > 0 && typeof init_autocomplete_fields == 'function') {\n        init_autocomplete_fields();\n    }\n});\n\nif ( window.history.replaceState ) {\n  window.history.replaceState( null, null, window.location.href );\n}\n\nif ( typeof form_grid_columns === 'function' ) {\n    form_grid_columns();\n}\n<\/script>\n        <\/div>\n<\/div>\n<\/div>\n<\/div>","protected":false},"excerpt":{"rendered":"","protected":false},"author":1,"featured_media":0,"parent":0,"menu_order":0,"comment_status":"closed","ping_status":"closed","template":"","meta":{"_acf_changed":false,"footnotes":""},"class_list":["post-2383","page","type-page","status-publish","hentry"],"acf":[],"_links":{"self":[{"href":"https:\/\/sdg2033.world\/fr\/wp-json\/wp\/v2\/pages\/2383","targetHints":{"allow":["GET"]}}],"collection":[{"href":"https:\/\/sdg2033.world\/fr\/wp-json\/wp\/v2\/pages"}],"about":[{"href":"https:\/\/sdg2033.world\/fr\/wp-json\/wp\/v2\/types\/page"}],"author":[{"embeddable":true,"href":"https:\/\/sdg2033.world\/fr\/wp-json\/wp\/v2\/users\/1"}],"replies":[{"embeddable":true,"href":"https:\/\/sdg2033.world\/fr\/wp-json\/wp\/v2\/comments?post=2383"}],"version-history":[{"count":2,"href":"https:\/\/sdg2033.world\/fr\/wp-json\/wp\/v2\/pages\/2383\/revisions"}],"predecessor-version":[{"id":3805,"href":"https:\/\/sdg2033.world\/fr\/wp-json\/wp\/v2\/pages\/2383\/revisions\/3805"}],"wp:attachment":[{"href":"https:\/\/sdg2033.world\/fr\/wp-json\/wp\/v2\/media?parent=2383"}],"curies":[{"name":"wp","href":"https:\/\/api.w.org\/{rel}","templated":true}]}}