{"id":2400,"date":"2025-10-20T12:09:53","date_gmt":"2025-10-20T10:09:53","guid":{"rendered":"https:\/\/sdg2033.bereishit.de\/amis\/"},"modified":"2026-05-05T11:54:28","modified_gmt":"2026-05-05T09:54:28","slug":"amis","status":"publish","type":"page","link":"https:\/\/sdg2033.world\/fr\/amis\/","title":{"rendered":"Amis"},"content":{"rendered":"<div class=\"et_pb_section_0 et_pb_section et_section_regular et_block_section\">\n<div class=\"et_pb_row_0 et_pb_row et_pb_equal_columns et_pb_gutters1 et_block_row\">\n<div class=\"et_pb_column_0 et_pb_column et_pb_column_2_5 et_block_column et_pb_css_mix_blend_mode_passthrough\">\n<div class=\"et_pb_image_0 et_pb_image et_animated et_pb_module et_block_module\"><span class=\"et_pb_image_wrap\"><img loading=\"lazy\" decoding=\"async\" src=\"https:\/\/sdg2033.world\/wp-content\/uploads\/2026\/04\/sdg_heart_sp.jpg\" width=\"1024\" height=\"1264\" srcset=\"https:\/\/sdg2033.world\/wp-content\/uploads\/2026\/04\/sdg_heart_sp.jpg 1024w, https:\/\/sdg2033.world\/wp-content\/uploads\/2026\/04\/sdg_heart_sp-980x1210.jpg 980w, https:\/\/sdg2033.world\/wp-content\/uploads\/2026\/04\/sdg_heart_sp-480x593.jpg 480w\" sizes=\"(min-width: 0px) and (max-width: 480px) 480px, (min-width: 481px) and (max-width: 980px) 980px, (min-width: 981px) 1024px, 100vw\" class=\"wp-image-2918\" title=\"Soli Deo Gloria 2033\" alt=\"Soli Deo Gloria 2033\" \/><\/span><\/div>\n<\/div>\n\n<div class=\"et_pb_column_1 et_pb_column et_pb_column_3_5 et-last-child et_block_column et_pb_css_mix_blend_mode_passthrough vertikal-zentrieren\">\n<div class=\"et_pb_text_0 et_pb_text et_pb_bg_layout_light et_animated et_pb_module et_block_module et_pb_text_align_center preset--module--divi-text--default\"><div class=\"et_pb_text_inner\"><h1>Amis<\/h1>\n<\/div><\/div>\n\n<div class=\"et_pb_text_1 et_pb_text et_pb_bg_layout_light et_animated et_pb_module et_block_module et_pb_text_align_center preset--module--divi-text--default\"><div class=\"et_pb_text_inner\"><h2>Soli Deo Gloria 2033<\/h2>\n<\/div><\/div>\n<\/div>\n<\/div>\n<\/div>\n\n<div class=\"et_pb_section_1 et_pb_section et_section_regular et_block_section\">\n<div class=\"et_pb_row_1 et_pb_row et_pb_equal_columns et_block_row\">\n<div class=\"et_pb_column_2 et_pb_column et_pb_column_1_2 et_block_column et_pb_css_mix_blend_mode_passthrough\">\n<div class=\"et_pb_blurb_0 et_pb_blurb et_pb_bg_layout_light et_pb_text_align_center et_pb_blurb_position_top et_pb_module et_block_module\"><div class=\"et_pb_blurb_content\"><div class=\"et_pb_main_blurb_image\"><span class=\"et_pb_image_wrap et_pb_only_image_mode_wrap\"><img loading=\"lazy\" decoding=\"async\" src=\"https:\/\/sdg2033.world\/wp-content\/uploads\/2026\/04\/Botrus-1.jpg\" width=\"200\" height=\"240\" srcset=\"https:\/\/sdg2033.world\/wp-content\/uploads\/2026\/04\/Botrus-1.jpg 200w\" sizes=\"(max-width: 200px) 100vw, 200px\" class=\"et_animated wp-image-3000\" alt=\"Dr. Peirong Lin\" \/><\/span><\/div><div class=\"et_pb_blurb_container\"><h4 class=\"et_pb_module_header\">R\u00e9v. Adv. Botrus Mansour <\/h4><div class=\"et_pb_blurb_description\"><p><strong>  Alliance \u00e9vang\u00e9lique mondiale<br \/>Secr\u00e9taire g\u00e9n\u00e9ral<\/strong><\/p>\n<\/div><\/div><\/div><\/div>\n\n<div class=\"et_pb_text_2 et_pb_text et_pb_bg_layout_light et_animated et_pb_module et_block_module et_pb_text_align_center preset--module--divi-text--default\"><div class=\"et_pb_text_inner\"><p>Nous nous r\u00e9jouissons de cette c\u00e9l\u00e9bration et je vous invite \u00e0 inscrire votre nom sur cette carte du monde virtuelle, afin que nous puissions visualiser notre unit\u00e9 en Christ. Et priez pour que l'\u00c9vangile atteigne le monde entier d'ici \u00e0 2033. Que Dieu vous b\u00e9nisse.  <\/p>\n<\/div><\/div>\n<\/div>\n\n<div class=\"et_pb_column_3 et_pb_column et_pb_column_1_2 et-last-child et_block_column et_pb_css_mix_blend_mode_passthrough\">\n<div class=\"et_pb_blurb_1 et_pb_blurb et_pb_bg_layout_light et_pb_text_align_center et_pb_blurb_position_top et_pb_module et_block_module\"><div class=\"et_pb_blurb_content\"><div class=\"et_pb_main_blurb_image\"><span class=\"et_pb_image_wrap et_pb_only_image_mode_wrap\"><img loading=\"lazy\" decoding=\"async\" src=\"https:\/\/sdg2033.world\/wp-content\/uploads\/2026\/04\/Reinhard-Schink.jpg\" width=\"200\" height=\"240\" srcset=\"https:\/\/sdg2033.world\/wp-content\/uploads\/2026\/04\/Reinhard-Schink.jpg 200w\" sizes=\"(max-width: 200px) 100vw, 200px\" class=\"et_animated wp-image-3001\" alt=\"Rev. Dr. Frank Hinkelmann\" \/><\/span><\/div><div class=\"et_pb_blurb_container\"><h4 class=\"et_pb_module_header\">Dr. Reinhard Schink<\/h4><div class=\"et_pb_blurb_description\"><p><strong>Alliance \u00e9vang\u00e9lique allemande<br \/><\/strong><strong>Secr\u00e9taire g\u00e9n\u00e9ral<\/strong><\/p>\n<p><strong><\/strong><\/p>\n<\/div><\/div><\/div><\/div>\n\n<div class=\"et_pb_text_3 et_pb_text et_pb_bg_layout_light et_animated et_pb_module et_block_module et_pb_text_align_center preset--module--divi-text--default\"><div class=\"et_pb_text_inner\"><p>Apr\u00e8s tout, lorsque nous sommes invit\u00e9s \u00e0 une f\u00eate d'anniversaire, nous avons l'habitude de dire oui. La mani\u00e8re la plus simple de le faire est la suivante : inscrivez-vous sur le site web et cliquez sur \"Je participerai\". Ce faisant, vous t\u00e9moignez que J\u00e9sus est ressuscit\u00e9. <\/p>\n<\/div><\/div>\n<\/div>\n<\/div>\n\n<div class=\"et_pb_row_2 et_pb_row et_pb_equal_columns et_block_row\">\n<div class=\"et_pb_column_4 et_pb_column et_pb_column_1_2 et_block_column et_pb_css_mix_blend_mode_passthrough\">\n<div class=\"et_pb_blurb_2 et_pb_blurb et_pb_bg_layout_light et_pb_text_align_center et_pb_blurb_position_top et_pb_module et_block_module\"><div class=\"et_pb_blurb_content\"><div class=\"et_pb_main_blurb_image\"><span class=\"et_pb_image_wrap et_pb_only_image_mode_wrap\"><img loading=\"lazy\" decoding=\"async\" src=\"https:\/\/sdg2033.world\/wp-content\/uploads\/2026\/04\/Dr.-Peirong-Lin-_200.jpg\" width=\"200\" height=\"240\" srcset=\"https:\/\/sdg2033.world\/wp-content\/uploads\/2026\/04\/Dr.-Peirong-Lin-_200.jpg 200w\" sizes=\"(max-width: 200px) 100vw, 200px\" class=\"et_animated wp-image-3002\" alt=\"Dr. Peirong Lin\" \/><\/span><\/div><div class=\"et_pb_blurb_container\"><h4 class=\"et_pb_module_header\">Dr. Peirong Lin<\/h4><div class=\"et_pb_blurb_description\"><p><strong>  Alliance \u00e9vang\u00e9lique mondiale<br \/>Secr\u00e9taire g\u00e9n\u00e9ral adjoint<\/strong><\/p>\n<\/div><\/div><\/div><\/div>\n\n<div class=\"et_pb_text_4 et_pb_text et_pb_bg_layout_light et_animated et_pb_module et_block_module et_pb_text_align_center preset--module--divi-text--default\"><div class=\"et_pb_text_inner\"><p>Nous croyons que Soli Deo Gloria 2033 peut \u00eatre un appel mondial \u00e0 l'adoration, \u00e0 l'unit\u00e9 et au t\u00e9moignage. Nous nous r\u00e9jouissons d'avancer ensemble, de prier, de planifier et de pr\u00e9parer. 2033 arrive, mais cela commence aujourd'hui.  <\/p>\n<\/div><\/div>\n<\/div>\n\n<div class=\"et_pb_column_5 et_pb_column et_pb_column_1_2 et-last-child et_block_column et_pb_css_mix_blend_mode_passthrough\">\n<div class=\"et_pb_blurb_3 et_pb_blurb et_pb_bg_layout_light et_pb_text_align_center et_pb_blurb_position_top et_pb_module et_block_module\"><div class=\"et_pb_blurb_content\"><div class=\"et_pb_main_blurb_image\"><span class=\"et_pb_image_wrap et_pb_only_image_mode_wrap\"><img loading=\"lazy\" decoding=\"async\" src=\"https:\/\/sdg2033.world\/wp-content\/uploads\/2026\/04\/Frank-Hinkelmann.jpg\" width=\"200\" height=\"240\" srcset=\"https:\/\/sdg2033.world\/wp-content\/uploads\/2026\/04\/Frank-Hinkelmann.jpg 200w\" sizes=\"(max-width: 200px) 100vw, 200px\" class=\"et_animated wp-image-3003\" alt=\"Rev. Dr. Frank Hinkelmann\" \/><\/span><\/div><div class=\"et_pb_blurb_container\"><h4 class=\"et_pb_module_header\">Rev. Dr. Frank Hinkelmann<\/h4><div class=\"et_pb_blurb_description\"><p><strong>Alliance \u00e9vang\u00e9lique europ\u00e9enne<br \/>Pr\u00e9sident jusqu'en 2025<\/strong><strong> <\/strong><\/p>\n<p><strong><\/strong><\/p>\n<\/div><\/div><\/div><\/div>\n\n<div class=\"et_pb_text_5 et_pb_text et_pb_bg_layout_light et_animated et_pb_module et_block_module et_pb_text_align_center preset--module--divi-text--default\"><div class=\"et_pb_text_inner\"><p>Nous souhaitons inviter des personnes du monde entier \u00e0 participer \u00e0 cette initiative, appel\u00e9e \"Soli Deo Gloria 2033\". Ce serait formidable si vous pouviez \u00e9galement y participer. <\/p>\n<\/div><\/div>\n<\/div>\n<\/div>\n\n<div class=\"et_pb_row_3 et_pb_row et_pb_equal_columns et_block_row\">\n<div class=\"et_pb_column_6 et_pb_column et_pb_column_1_2 et_block_column et_pb_css_mix_blend_mode_passthrough\">\n<div class=\"et_pb_blurb_4 et_pb_blurb et_pb_bg_layout_light et_pb_text_align_center et_pb_blurb_position_top et_pb_module et_block_module\"><div class=\"et_pb_blurb_content\"><div class=\"et_pb_main_blurb_image\"><span class=\"et_pb_image_wrap et_pb_only_image_mode_wrap\"><img loading=\"lazy\" decoding=\"async\" src=\"https:\/\/sdg2033.world\/wp-content\/uploads\/2026\/04\/Olivier-Fleury-_200.jpg\" width=\"200\" height=\"240\" srcset=\"https:\/\/sdg2033.world\/wp-content\/uploads\/2026\/04\/Olivier-Fleury-_200.jpg 200w\" sizes=\"(max-width: 200px) 100vw, 200px\" class=\"et_animated wp-image-3004\" alt=\"Olivier Fleury\" \/><\/span><\/div><div class=\"et_pb_blurb_container\"><h4 class=\"et_pb_module_header\">Olivier Fleury<\/h4><div class=\"et_pb_blurb_description\"><p><strong>JC2033<\/strong><br \/><strong>Fondateur<\/strong><\/p>\n<\/div><\/div><\/div><\/div>\n\n<div class=\"et_pb_text_6 et_pb_text et_pb_bg_layout_light et_animated et_pb_module et_block_module et_pb_text_align_center preset--module--divi-text--default\"><div class=\"et_pb_text_inner\"><p>Nous avons le m\u00eame objectif : rendre gloire \u00e0 J\u00e9sus et faire en sorte que tout le monde se rassemble et atteigne le monde.<\/p>\n<\/div><\/div>\n<\/div>\n\n<div class=\"et_pb_column_7 et_pb_column et_pb_column_1_2 et-last-child et_block_column et_pb_css_mix_blend_mode_passthrough\">\n<div class=\"et_pb_blurb_5 et_pb_blurb et_pb_bg_layout_light et_pb_text_align_center et_pb_blurb_position_top et_pb_module et_block_module\"><div class=\"et_pb_blurb_content\"><div class=\"et_pb_main_blurb_image\"><span class=\"et_pb_image_wrap et_pb_only_image_mode_wrap\"><img loading=\"lazy\" decoding=\"async\" src=\"https:\/\/sdg2033.world\/wp-content\/uploads\/2026\/04\/Markus-Rode-_200.jpg\" width=\"200\" height=\"240\" srcset=\"https:\/\/sdg2033.world\/wp-content\/uploads\/2026\/04\/Markus-Rode-_200.jpg 200w\" sizes=\"(max-width: 200px) 100vw, 200px\" class=\"et_animated wp-image-3005\" alt=\"Markus Rode\" \/><\/span><\/div><div class=\"et_pb_blurb_container\"><h4 class=\"et_pb_module_header\">Markus Rode<\/h4><div class=\"et_pb_blurb_description\"><p><strong>Open Doors<br \/>Directeur Allemagne<\/strong><\/p>\n<\/div><\/div><\/div><\/div>\n\n<div class=\"et_pb_text_7 et_pb_text et_pb_bg_layout_light et_animated et_pb_module et_block_module et_pb_text_align_center preset--module--divi-text--default\"><div class=\"et_pb_text_inner\"><p>Depuis 2000 ans, il y a des pers\u00e9cutions pour le nom de J\u00e9sus. Plus de 360 millions de chr\u00e9tiens souffrant actuellement de graves pers\u00e9cutions parce qu'ils professent J\u00e9sus-Christ t\u00e9moignent de la puissance de la R\u00e9surrection. En ce jour, souvenons-nous aussi d'eux dans la pri\u00e8re, car ils attendent avec impatience le retour du Christ.  <\/p>\n<\/div><\/div>\n<\/div>\n<\/div>\n\n<div class=\"et_pb_row_4 et_pb_row et_pb_equal_columns et_block_row\">\n<div class=\"et_pb_column_8 et_pb_column et_pb_column_1_2 et_block_column et_pb_css_mix_blend_mode_passthrough\">\n<div class=\"et_pb_blurb_6 et_pb_blurb et_pb_bg_layout_light et_pb_text_align_center et_pb_blurb_position_top et_pb_module et_block_module\"><div class=\"et_pb_blurb_content\"><div class=\"et_pb_main_blurb_image\"><span class=\"et_pb_image_wrap et_pb_only_image_mode_wrap\"><img loading=\"lazy\" decoding=\"async\" src=\"https:\/\/sdg2033.world\/wp-content\/uploads\/2026\/04\/anonym.jpg\" width=\"200\" height=\"240\" srcset=\"https:\/\/sdg2033.world\/wp-content\/uploads\/2026\/04\/anonym.jpg 200w\" sizes=\"(max-width: 200px) 100vw, 200px\" class=\"et_animated wp-image-3006\" \/><\/span><\/div><div class=\"et_pb_blurb_container\"><h4 class=\"et_pb_module_header\">Implantateur d'\u00e9glise anonyme<\/h4><div class=\"et_pb_blurb_description\"><p><strong>Inde du Nord<\/strong><\/p>\n<\/div><\/div><\/div><\/div>\n\n<div class=\"et_pb_text_8 et_pb_text et_pb_bg_layout_light et_animated et_pb_module et_block_module et_pb_text_align_center preset--module--divi-text--default\"><div class=\"et_pb_text_inner\"><p>Je vous encourage \u00e0 prier et \u00e0 soutenir ce mouvement incroyable. Dans l'\u00e9ternit\u00e9, vous serez si heureux de l'avoir fait.<\/p>\n<\/div><\/div>\n<\/div>\n\n<div class=\"et_pb_column_9 et_pb_column et_pb_column_1_2 et-last-child et_block_column et_pb_css_mix_blend_mode_passthrough\">\n<div class=\"et_pb_blurb_7 et_pb_blurb et_pb_bg_layout_light et_pb_text_align_center et_pb_blurb_position_top et_pb_module et_block_module\"><div class=\"et_pb_blurb_content\"><div class=\"et_pb_main_blurb_image\"><span class=\"et_pb_image_wrap et_pb_only_image_mode_wrap\"><img loading=\"lazy\" decoding=\"async\" src=\"https:\/\/sdg2033.world\/wp-content\/uploads\/2026\/04\/Pastor-Kokole-Idringi-_200.jpg\" width=\"200\" height=\"240\" srcset=\"https:\/\/sdg2033.world\/wp-content\/uploads\/2026\/04\/Pastor-Kokole-Idringi-_200.jpg 200w\" sizes=\"(max-width: 200px) 100vw, 200px\" class=\"et_animated wp-image-3007\" alt=\"Pastor Kokole Idring&#039;i\" \/><\/span><\/div><div class=\"et_pb_blurb_container\"><h4 class=\"et_pb_module_header\">Pastor Kokole Idring'i<\/h4><div class=\"et_pb_blurb_description\"><p><strong>\u00c9glise \u00e9vang\u00e9lique CECA20<\/strong><br \/><strong>Pr\u00e9sident, Congo<\/strong><\/p>\n<\/div><\/div><\/div><\/div>\n\n<div class=\"et_pb_text_9 et_pb_text et_pb_bg_layout_light et_animated et_pb_module et_block_module et_pb_text_align_center preset--module--divi-text--default\"><div class=\"et_pb_text_inner\"><p>Moi, Kocole Idring'i Jean-Pierre, je c\u00e9l\u00e8bre la R\u00e9surrection de J\u00e9sus-Christ, car elle est mon esp\u00e9rance pour la vie \u00e9ternelle. Par la r\u00e9surrection, J\u00e9sus-Christ est d\u00e9clar\u00e9 Fils de Dieu avec puissance, selon Romains 1:4. Par cette m\u00eame r\u00e9surrection, J\u00e9sus-Christ a finalement vaincu le monde, Satan et tous ses partisans.  <\/p>\n<\/div><\/div>\n<\/div>\n<\/div>\n<\/div>","protected":false},"excerpt":{"rendered":"","protected":false},"author":1,"featured_media":0,"parent":0,"menu_order":0,"comment_status":"closed","ping_status":"closed","template":"","meta":{"_acf_changed":false,"footnotes":""},"class_list":["post-2400","page","type-page","status-publish","hentry"],"acf":[],"_links":{"self":[{"href":"https:\/\/sdg2033.world\/fr\/wp-json\/wp\/v2\/pages\/2400","targetHints":{"allow":["GET"]}}],"collection":[{"href":"https:\/\/sdg2033.world\/fr\/wp-json\/wp\/v2\/pages"}],"about":[{"href":"https:\/\/sdg2033.world\/fr\/wp-json\/wp\/v2\/types\/page"}],"author":[{"embeddable":true,"href":"https:\/\/sdg2033.world\/fr\/wp-json\/wp\/v2\/users\/1"}],"replies":[{"embeddable":true,"href":"https:\/\/sdg2033.world\/fr\/wp-json\/wp\/v2\/comments?post=2400"}],"version-history":[{"count":0,"href":"https:\/\/sdg2033.world\/fr\/wp-json\/wp\/v2\/pages\/2400\/revisions"}],"wp:attachment":[{"href":"https:\/\/sdg2033.world\/fr\/wp-json\/wp\/v2\/media?parent=2400"}],"curies":[{"name":"wp","href":"https:\/\/api.w.org\/{rel}","templated":true}]}}