{"id":3660,"date":"2025-10-18T20:19:44","date_gmt":"2025-10-18T18:19:44","guid":{"rendered":"https:\/\/sdg2033.world\/vision-et-mission\/"},"modified":"2026-05-05T11:54:32","modified_gmt":"2026-05-05T09:54:32","slug":"vision-et-mission","status":"publish","type":"page","link":"https:\/\/sdg2033.world\/fr\/vision-et-mission\/","title":{"rendered":"Vision et mission"},"content":{"rendered":"<div class=\"et_pb_section_0 et_pb_section et_section_regular et_block_section\" id=\"vision\">\n<div class=\"et_pb_row_0 et_pb_row et_pb_equal_columns et_pb_gutters1 et_block_row\">\n<div class=\"et_pb_column_0 et_pb_column et_pb_column_2_5 et_block_column et_pb_css_mix_blend_mode_passthrough\">\n<div class=\"et_pb_image_0 et_pb_image et_animated et_pb_module et_block_module\"><span class=\"et_pb_image_wrap\"><img loading=\"lazy\" decoding=\"async\" src=\"https:\/\/sdg2033.world\/wp-content\/uploads\/2026\/04\/sdg_heart_sp.jpg\" width=\"1024\" height=\"1264\" srcset=\"https:\/\/sdg2033.world\/wp-content\/uploads\/2026\/04\/sdg_heart_sp.jpg 1024w, https:\/\/sdg2033.world\/wp-content\/uploads\/2026\/04\/sdg_heart_sp-980x1210.jpg 980w, https:\/\/sdg2033.world\/wp-content\/uploads\/2026\/04\/sdg_heart_sp-480x593.jpg 480w\" sizes=\"(min-width: 0px) and (max-width: 480px) 480px, (min-width: 481px) and (max-width: 980px) 980px, (min-width: 981px) 1024px, 100vw\" class=\"wp-image-2918\" title=\"Soli Deo Gloria 2033\" alt=\"Soli Deo Gloria 2033\" \/><\/span><\/div>\n<\/div>\n\n<div class=\"et_pb_column_1 et_pb_column et_pb_column_3_5 et-last-child et_block_column et_pb_css_mix_blend_mode_passthrough vertikal-zentrieren\">\n<div class=\"et_pb_text_0 et_pb_text et_pb_bg_layout_light et_animated et_pb_module et_block_module et_pb_text_align_center preset--module--divi-text--default\"><div class=\"et_pb_text_inner\"><h1>Vision et mission<\/h1>\n<\/div><\/div>\n\n<div class=\"et_pb_text_1 et_pb_text et_pb_bg_layout_light et_animated et_pb_module et_block_module et_pb_text_align_center preset--module--divi-text--default\"><div class=\"et_pb_text_inner\"><h2>Soli Deo Gloria 2033<\/h2>\n<\/div><\/div>\n<\/div>\n<\/div>\n<\/div>\n\n<div class=\"et_pb_section_1 et_pb_section et_section_regular et_block_section\">\n<div class=\"et_pb_row_1 et_pb_row et_block_row\">\n<div class=\"et_pb_column_2 et_pb_column et_pb_column_4_4 et-last-child et_block_column et_pb_css_mix_blend_mode_passthrough\">\n<div class=\"et_pb_text_2 et_pb_text et_pb_bg_layout_light et_animated et_pb_module et_block_module et_pb_text_align_center preset--module--divi-text--default\"><div class=\"et_pb_text_inner\"><h2>Vision et mission<\/h2>\n<\/div><\/div>\n\n<div class=\"et_pb_text_3 et_pb_text et_pb_bg_layout_light et_animated et_pb_module et_block_module et_pb_text_align_center preset--module--divi-text--default\"><div class=\"et_pb_text_inner\"><p><strong>Soli Deo Gloria 2033\" vise \u00e0 inspirer, mobiliser, relier, responsabiliser et sensibiliser aux c\u00e9l\u00e9brations culturellement significatives du 2000e anniversaire de la R\u00e9surrection de J\u00e9sus-Christ en 2033, pour la gloire de Dieu.<\/strong><\/p>\n<\/div><\/div>\n<\/div>\n<\/div>\n\n<div class=\"et_pb_row_2 et_pb_row et_block_row\" id=\"goals\">\n<div class=\"et_pb_column_3 et_pb_column et_pb_column_4_4 et-last-child et_block_column et_pb_css_mix_blend_mode_passthrough\">\n<div class=\"et_pb_text_4 et_pb_text et_pb_bg_layout_light et_animated et_pb_module et_block_module et_pb_text_align_center preset--module--divi-text--default\"><div class=\"et_pb_text_inner\"><h2>Objectifs et valeurs<\/h2>\n<\/div><\/div>\n\n<div class=\"et_pb_text_5 et_pb_text et_pb_bg_layout_light et_animated et_pb_module et_block_module et_pb_text_align_center preset--module--divi-text--default\"><div class=\"et_pb_text_inner\"><p>Mes c\u00e9l\u00e9brations du 2000e anniversaire de la R\u00e9surrection de J\u00e9sus-Christ \u00e0 la gloire de Dieu<\/p>\n<p>Unit\u00e9 mondiale entre les chr\u00e9tiens malgr\u00e9 les diff\u00e9rences th\u00e9ologiques<\/p>\n<p>Rendre visible le corps de Christ en tant que t\u00e9moin du monde<\/p>\n<\/div><\/div>\n<\/div>\n<\/div>\n\n<div class=\"et_pb_row_3 et_pb_row et_block_row\" id=\"base\">\n<div class=\"et_pb_column_4 et_pb_column et_pb_column_4_4 et-last-child et_block_column et_pb_css_mix_blend_mode_passthrough\">\n<div class=\"et_pb_text_6 et_pb_text et_pb_bg_layout_light et_animated et_pb_module et_block_module et_pb_text_align_center preset--module--divi-text--default\"><div class=\"et_pb_text_inner\"><h2>Le noyau spirituel<\/h2>\n<\/div><\/div>\n\n<div class=\"et_pb_text_7 et_pb_text et_pb_bg_layout_light et_animated et_pb_module et_block_module et_pb_text_align_center preset--module--divi-text--default\"><div class=\"et_pb_text_inner\"><p>Si vous confessez de votre bouche que J\u00e9sus est Seigneur et si vous croyez dans votre c\u0153ur que Dieu l'a ressuscit\u00e9 des morts, vous serez sauv\u00e9.<\/p>\n<h4>Romains 10:9<\/h4>\n<\/div><\/div>\n\n<div class=\"et_pb_text_8 et_pb_text et_pb_bg_layout_light et_animated et_pb_module et_block_module et_pb_text_align_center preset--module--divi-text--default\"><div class=\"et_pb_text_inner\"><p>... afin que le monde connaisse que tu m'as envoy\u00e9 et que tu les aimes comme tu m'aimes.<\/p>\n<h4>Jean 17:23b<\/h4>\n<\/div><\/div>\n<\/div>\n<\/div>\n\n<div class=\"et_pb_row_4 et_pb_row et_block_row\" id=\"significance\">\n<div class=\"et_pb_column_5 et_pb_column et_pb_column_4_4 et-last-child et_block_column et_pb_css_mix_blend_mode_passthrough\">\n<div class=\"et_pb_text_9 et_pb_text et_pb_bg_layout_light et_animated et_pb_module et_block_module et_pb_text_align_center preset--module--divi-text--default\"><div class=\"et_pb_text_inner\"><h2>Anniversaire 2033<\/h2>\n<h3>2000 ans depuis la r\u00e9surrection<\/h3>\n<\/div><\/div>\n\n<div class=\"et_pb_text_10 et_pb_text et_pb_bg_layout_light et_animated et_pb_module et_block_module et_pb_text_align_center preset--module--divi-text--default\"><div class=\"et_pb_text_inner\"><p>Nous consid\u00e9rons la R\u00e9surrection de J\u00e9sus-Christ comme l'\u00e9v\u00e9nement le plus important de toute l'histoire du monde. Dieu a vaincu la mort et a ainsi confirm\u00e9 la validit\u00e9 de la mort expiatoire de J\u00e9sus pour l'\u00e9ternit\u00e9. Cela a confirm\u00e9 des proph\u00e9ties vieilles de plusieurs si\u00e8cles et, apr\u00e8s l'ascension de J\u00e9sus, l'\u00c9glise mondiale de J\u00e9sus a \u00e9t\u00e9 fond\u00e9e par l'envoi du Saint-Esprit \u00e0 la Pentec\u00f4te, qui continue \u00e0 se r\u00e9pandre dans le monde entier jusqu'\u00e0 aujourd'hui. Cette \u00c9glise est le corps de J\u00e9sus, qui l'honore comme son chef et c\u00e9l\u00e8bre dans l'unit\u00e9.<br \/>Plus d'un milliard de personnes dans le monde croient que J\u00e9sus est le Seigneur de tous et qu'il est ressuscit\u00e9 des morts - selon Romains 10:9, ce sont des croyants qui sont sauv\u00e9s pour l'\u00e9ternit\u00e9. Par cons\u00e9quent, malgr\u00e9 toutes les diff\u00e9rences dans l'expression concr\u00e8te de leur foi, ils sont unis en tant que corps de J\u00e9sus Christ, qui est la t\u00eate de tous.    <\/p>\n<\/div><\/div>\n<\/div>\n<\/div>\n\n<div class=\"et_pb_row_5 et_pb_row et_block_row\" id=\"name\">\n<div class=\"et_pb_column_6 et_pb_column et_pb_column_4_4 et-last-child et_block_column et_pb_css_mix_blend_mode_passthrough\">\n<div class=\"et_pb_text_11 et_pb_text et_pb_bg_layout_light et_animated et_pb_module et_block_module et_pb_text_align_center preset--module--divi-text--default\"><div class=\"et_pb_text_inner\"><h2>Le nom<\/h2>\n<\/div><\/div>\n\n<div class=\"et_pb_text_12 et_pb_text et_pb_bg_layout_light et_animated et_pb_module et_block_module et_pb_text_align_center preset--module--divi-text--default\"><div class=\"et_pb_text_inner\"><h3>Soli Deo Gloria\" signifie \"Gloire \u00e0 Dieu seul\".<\/h3>\n<\/div><\/div>\n\n<div class=\"et_pb_text_13 et_pb_text et_pb_bg_layout_light et_animated et_pb_module et_block_module et_pb_text_align_center preset--module--divi-text--default\"><div class=\"et_pb_text_inner\"><p>Seul Dieu m\u00e9rite d'\u00eatre honor\u00e9 et ador\u00e9, en particulier \u00e0 l'occasion de l'anniversaire de la r\u00e9surrection. Il s'agit uniquement de la gloire de Dieu, et non d'organisations ou de personnes. <\/p>\n<p>Soli Deo Gloria\" est une expression latine - une langue qui unissait les premiers chr\u00e9tiens dans l'Empire romain, comparable \u00e0 l'anglais aujourd'hui.<br \/>Notre initiative n'est pas ax\u00e9e sur notre langue et notre culture. Nous l'exprimons par le fait que notre nom ne provient d'aucune des langues parl\u00e9es aujourd'hui. Au contraire, chaque c\u00e9l\u00e9bration doit \u00eatre significative dans son propre contexte culturel - cr\u00e9ant ainsi un beau bouquet de fleurs pour notre Seigneur.  <\/p>\n<p>Le nom m\u00eame de l'initiative n'est pas important - il peut m\u00eame \u00eatre modifi\u00e9 au fil du temps si cela semble appropri\u00e9.<\/p>\n<\/div><\/div>\n<\/div>\n<\/div>\n\n<div class=\"et_pb_row_6 et_pb_row et_block_row\" id=\"origin\">\n<div class=\"et_pb_column_7 et_pb_column et_pb_column_4_4 et-last-child et_block_column et_pb_css_mix_blend_mode_passthrough\">\n<div class=\"et_pb_text_14 et_pb_text et_pb_bg_layout_light et_animated et_pb_module et_block_module et_pb_text_align_center preset--module--divi-text--default\"><div class=\"et_pb_text_inner\"><h2>L'origine<\/h2>\n<\/div><\/div>\n\n<div class=\"et_pb_text_15 et_pb_text et_pb_bg_layout_light et_animated et_pb_module et_block_module et_pb_text_align_center preset--module--divi-text--default\"><div class=\"et_pb_text_inner\"><p>En 2010, le Dr Andreas Bartels a eu la vision de c\u00e9l\u00e9brer le 2000e anniversaire de la R\u00e9surrection de J\u00e9sus-Christ \u00e0 l'\u00e9chelle mondiale, mais il a senti que Dieu lui demandait d'attendre 10 ans avant l'\u00e9v\u00e9nement pour commencer. Il a donc planifi\u00e9 et r\u00e9fl\u00e9chi en secret et a attendu jusqu'en 2023, date \u00e0 laquelle lui et sa femme Elisabeth ont pris leurs premiers contacts informels avec l'AEM. En 2024, le Dr. Detlef Bl\u00f6cher de la DMGint s'est joint \u00e0 eux en tant que conseiller. En 2024, gr\u00e2ce aux conseils de Dieu lors de la conf\u00e9rence annuelle de l'Alliance \u00e9vang\u00e9lique allemande, Jochen Bubeck et Frank Bossert ont rejoint le groupe de pilotage ainsi que, plus tard, Dieter Trefz (Kontaktmission). Les premi\u00e8res r\u00e9unions ont eu lieu, notamment avec le personnel d'OpenDoors, ainsi qu'avec Olivier Fleury de JC2033, qui travaille \u00e9galement dans ce domaine.    <\/p>\n<\/div><\/div>\n<\/div>\n<\/div>\n\n<div class=\"et_pb_row_7 et_pb_row et_block_row\" id=\"faq\">\n<div class=\"et_pb_column_8 et_pb_column et_pb_column_4_4 et-last-child et_block_column et_pb_css_mix_blend_mode_passthrough\">\n<div class=\"et_pb_text_16 et_pb_text et_pb_bg_layout_light et_animated et_pb_module et_block_module et_pb_text_align_center preset--module--divi-text--default\"><div class=\"et_pb_text_inner\"><h2>FAQ<\/h2>\n<\/div><\/div>\n\n<div class=\"et_pb_accordion_0 et_pb_accordion et_pb_module et_block_module\">\n<div class=\"et_pb_accordion_item_0 et_pb_accordion_item et_pb_toggle et_pb_module et_pb_toggle_open et_block_module\"><h5 class=\"et_pb_toggle_title\">fictif<\/h5><\/div>\n\n<div class=\"et_pb_accordion_item_1 et_pb_accordion_item et_pb_toggle et_pb_module et_pb_toggle_close et_block_module\"><h5 class=\"et_pb_toggle_title\">Pourquoi des c\u00e9l\u00e9brations en 2033 ?<\/h5><div class=\"et_pb_toggle_content\"><p>La plupart des chr\u00e9tiens croient qu'en 2033, 2000 ans se seront \u00e9coul\u00e9s depuis la R\u00e9surrection de J\u00e9sus-Christ, l'\u00e9v\u00e9nement le plus important de l'histoire du monde. Nous ne voulons pas discuter de la date exacte, mais nous invitons tous les croyants \u00e0 c\u00e9l\u00e9brer cet \u00e9v\u00e9nement et \u00e0 le montrer au monde entier pour donner \u00e0 Dieu toute la gloire qu'il m\u00e9rite. <\/p>\n<\/div><\/div>\n\n<div class=\"et_pb_accordion_item_2 et_pb_accordion_item et_pb_toggle et_pb_module et_pb_toggle_close et_block_module\"><h5 class=\"et_pb_toggle_title\">C\u00e9l\u00e9brations mondiales ou c\u00e9l\u00e9brations mondiales ?<\/h5><div class=\"et_pb_toggle_content\"><p>On nous demande souvent o\u00f9 la c\u00e9l\u00e9bration aura lieu. La r\u00e9ponse est : partout dans le monde, car il y aura de nombreuses c\u00e9l\u00e9brations, petites et grandes. <\/p>\n<p>\u00c9tant donn\u00e9 que toutes ces c\u00e9l\u00e9brations sont unies dans le Christ et qu'un grand nombre d'entre elles sont enregistr\u00e9es sur le site web de la c\u00e9l\u00e9bration, la somme de toutes ces c\u00e9l\u00e9brations pourrait \u00e9galement \u00eatre appel\u00e9e une \"c\u00e9l\u00e9bration mondiale\".<\/p>\n<\/div><\/div>\n\n<div class=\"et_pb_accordion_item_3 et_pb_accordion_item et_pb_toggle et_pb_module et_pb_toggle_close et_block_module\"><h5 class=\"et_pb_toggle_title\">Puis-je c\u00e9l\u00e9brer en 2030 ?<\/h5><div class=\"et_pb_toggle_content\"><p>Oui, certains groupes choisissent \u00e9galement 2030 - tout le monde est le bienvenu pour \u00eatre visible aux yeux du monde.<\/p>\n<p>Seul Romains 10:9 est important. Toute personne qui confesse J\u00e9sus comme Seigneur et croit en sa r\u00e9surrection peut s'inscrire. Il y a aussi la possibilit\u00e9 d'entrer la date de la c\u00e9l\u00e9bration, pour montrer, quand vous c\u00e9l\u00e9brerez.  <\/p>\n<p>En 2030 et 2033, les chr\u00e9tiens du monde entier comm\u00e9moreront les 2000 ans de la R\u00e9surrection de J\u00e9sus-Christ. Certaines traditions comptent \u00e0 partir de l'an 30, d'autres \u00e0 partir de l'an 33. Ces diff\u00e9rentes perspectives ne doivent pas nous diviser, mais nous rappeler que l'accent n'est pas mis sur la date, mais sur le Seigneur vivant lui-m\u00eame.  <\/p>\n<\/div><\/div>\n\n<div class=\"et_pb_accordion_item_4 et_pb_accordion_item et_pb_toggle et_pb_module et_pb_toggle_close et_block_module\"><h5 class=\"et_pb_toggle_title\">Puis-je c\u00e9l\u00e9brer la Pentec\u00f4te au lieu de P\u00e2ques ?<\/h5><div class=\"et_pb_toggle_content\"><p>Vous pouvez tout \u00e0 fait vous concentrer sur la Pentec\u00f4te. Si vous croyez en la r\u00e9surrection physique et que vous d\u00e9clarez J\u00e9sus comme Seigneur, n'h\u00e9sitez pas \u00e0 vous joindre \u00e0 nous et \u00e0 inscrire votre c\u00e9l\u00e9bration sur la carte. <\/p>\n<\/div><\/div>\n\n<div class=\"et_pb_accordion_item_5 et_pb_accordion_item et_pb_toggle et_pb_module et_pb_toggle_close et_block_module\"><h5 class=\"et_pb_toggle_title\">Pourquoi s'inscrire aujourd'hui \u00e0 la carte du monde ?<\/h5><div class=\"et_pb_toggle_content\"><p>Vous n'avez pas besoin de planifier votre c\u00e9l\u00e9bration aujourd'hui. Mais enregistrez au moins la <strong>ville<\/strong> et un <strong>nombre approximatif de<\/strong> croyants de votre c\u00e9l\u00e9bration aujourd'hui ! Pourquoi ?<br \/>1. pour rendre le <strong>corps de Christ visible au monde entier<\/strong> et lui permettre de voir, des ann\u00e9es avant l'\u00e9v\u00e9nement, combien de croyants il y a dans le monde.<br \/>2. le <strong>r\u00e9seautage local<\/strong> peut commencer aujourd'hui, lorsque vous \u00eates visible pour les chercheurs et les chr\u00e9tiens autour de vous - et que vous voyez o\u00f9 se trouvent les autres.  <\/p>\n<\/div><\/div>\n\n<div class=\"et_pb_accordion_item_6 et_pb_accordion_item et_pb_toggle et_pb_module et_pb_toggle_close et_block_module\"><h5 class=\"et_pb_toggle_title\">Qui doit s'inscrire sur la carte ?<\/h5><div class=\"et_pb_toggle_content\"><p>Les individus ou les familles peuvent s'inscrire, de m\u00eame que les \u00e9glises ou les organisations qui organisent des \u00e9v\u00e9nements de petite ou de grande envergure. J\u00e9sus nous voit tous, mais laissons le monde nous voir aussi. <\/p>\n<\/div><\/div>\n\n<div class=\"et_pb_accordion_item_7 et_pb_accordion_item et_pb_toggle et_pb_module et_pb_toggle_close et_block_module\"><h5 class=\"et_pb_toggle_title\">Puis-je rester anonyme ?<\/h5><div class=\"et_pb_toggle_content\"><p>Oui - si vous ne cliquez pas sur \"\u00e9v\u00e9nement public\", vos donn\u00e9es ne seront pas publiques, mais vous serez tout de m\u00eame compt\u00e9s parmi les croyants. Si vous souhaitez simplement c\u00e9l\u00e9brer en priv\u00e9 ou si vous vous sentez ou \u00eates pers\u00e9cut\u00e9, cela sera pris au s\u00e9rieux. <\/p>\n<\/div><\/div>\n\n<div class=\"et_pb_accordion_item_8 et_pb_accordion_item et_pb_toggle et_pb_module et_pb_toggle_close et_block_module\"><h5 class=\"et_pb_toggle_title\">Je ne crois pas en J\u00e9sus comme Seigneur ressuscit\u00e9 - puis-je m'inscrire sur la carte ?<\/h5><div class=\"et_pb_toggle_content\"><p>Si vous ne croyez pas que J\u00e9sus est physiquement ressuscit\u00e9 des morts et si vous ne le d\u00e9clarez pas comme votre Seigneur, vous pouvez c\u00e9l\u00e9brer P\u00e2ques comme une f\u00eate traditionnelle, mais ne l'inscrivez pas sur la carte.<br \/>P.S. Lisez la Bible et discutez avec des disciples de J\u00e9sus. Peut-\u00eatre que cela changera votre vie - m\u00eame \u00e9ternellement. <\/p>\n<\/div><\/div>\n\n<div class=\"et_pb_accordion_item_9 et_pb_accordion_item et_pb_toggle et_pb_module et_pb_toggle_close et_block_module\"><h5 class=\"et_pb_toggle_title\">Soli Deo Gloria 2033 appartient-il \u00e0 une confession particuli\u00e8re ?<\/h5><div class=\"et_pb_toggle_content\"><p>Non, elle est interconfessionnelle. L'accent est mis sur la gloire de J\u00e9sus-Christ. <\/p>\n<\/div><\/div>\n\n<div class=\"et_pb_accordion_item_10 et_pb_accordion_item et_pb_toggle et_pb_module et_pb_toggle_close et_block_module\"><h5 class=\"et_pb_toggle_title\">J\u00e9sus reviendra-t-il en 2033 ?<\/h5><div class=\"et_pb_toggle_content\"><p>Cela d\u00e9pend uniquement de Dieu. Nous ne participons pas aux sp\u00e9culations sur son retour. Notre t\u00e2che est de c\u00e9l\u00e9brer et de t\u00e9moigner de J\u00e9sus.  <\/p>\n<\/div><\/div>\n<\/div>\n<\/div>\n<\/div>\n<\/div>","protected":false},"excerpt":{"rendered":"","protected":false},"author":1,"featured_media":0,"parent":0,"menu_order":0,"comment_status":"closed","ping_status":"closed","template":"","meta":{"_acf_changed":false,"footnotes":""},"class_list":["post-3660","page","type-page","status-publish","hentry"],"acf":[],"_links":{"self":[{"href":"https:\/\/sdg2033.world\/fr\/wp-json\/wp\/v2\/pages\/3660","targetHints":{"allow":["GET"]}}],"collection":[{"href":"https:\/\/sdg2033.world\/fr\/wp-json\/wp\/v2\/pages"}],"about":[{"href":"https:\/\/sdg2033.world\/fr\/wp-json\/wp\/v2\/types\/page"}],"author":[{"embeddable":true,"href":"https:\/\/sdg2033.world\/fr\/wp-json\/wp\/v2\/users\/1"}],"replies":[{"embeddable":true,"href":"https:\/\/sdg2033.world\/fr\/wp-json\/wp\/v2\/comments?post=3660"}],"version-history":[{"count":0,"href":"https:\/\/sdg2033.world\/fr\/wp-json\/wp\/v2\/pages\/3660\/revisions"}],"wp:attachment":[{"href":"https:\/\/sdg2033.world\/fr\/wp-json\/wp\/v2\/media?parent=3660"}],"curies":[{"name":"wp","href":"https:\/\/api.w.org\/{rel}","templated":true}]}}