{"id":2099,"date":"2025-10-20T12:09:53","date_gmt":"2025-10-20T10:09:53","guid":{"rendered":"https:\/\/sdg2033.bereishit.de\/miqte\/"},"modified":"2026-05-05T11:54:28","modified_gmt":"2026-05-05T09:54:28","slug":"miqte","status":"publish","type":"page","link":"https:\/\/sdg2033.world\/sq\/miqte\/","title":{"rendered":"Miqt\u00eb"},"content":{"rendered":"<div class=\"et_pb_section_0 et_pb_section et_section_regular et_block_section\">\n<div class=\"et_pb_row_0 et_pb_row et_pb_equal_columns et_pb_gutters1 et_block_row\">\n<div class=\"et_pb_column_0 et_pb_column et_pb_column_2_5 et_block_column et_pb_css_mix_blend_mode_passthrough\">\n<div class=\"et_pb_image_0 et_pb_image et_animated et_pb_module et_block_module\"><span class=\"et_pb_image_wrap\"><img loading=\"lazy\" decoding=\"async\" src=\"https:\/\/sdg2033.world\/wp-content\/uploads\/2026\/04\/sdg_heart_sp.jpg\" width=\"1024\" height=\"1264\" srcset=\"https:\/\/sdg2033.world\/wp-content\/uploads\/2026\/04\/sdg_heart_sp.jpg 1024w, https:\/\/sdg2033.world\/wp-content\/uploads\/2026\/04\/sdg_heart_sp-980x1210.jpg 980w, https:\/\/sdg2033.world\/wp-content\/uploads\/2026\/04\/sdg_heart_sp-480x593.jpg 480w\" sizes=\"(min-width: 0px) and (max-width: 480px) 480px, (min-width: 481px) and (max-width: 980px) 980px, (min-width: 981px) 1024px, 100vw\" class=\"wp-image-2918\" title=\"Soli Deo Gloria 2033\" alt=\"Soli Deo Gloria 2033\" \/><\/span><\/div>\n<\/div>\n\n<div class=\"et_pb_column_1 et_pb_column et_pb_column_3_5 et-last-child et_block_column et_pb_css_mix_blend_mode_passthrough vertikal-zentrieren\">\n<div class=\"et_pb_text_0 et_pb_text et_pb_bg_layout_light et_animated et_pb_module et_block_module et_pb_text_align_center preset--module--divi-text--default\"><div class=\"et_pb_text_inner\"><h1>Miqt\u00eb<\/h1>\n<\/div><\/div>\n\n<div class=\"et_pb_text_1 et_pb_text et_pb_bg_layout_light et_animated et_pb_module et_block_module et_pb_text_align_center preset--module--divi-text--default\"><div class=\"et_pb_text_inner\"><h2>Soli Deo Gloria 2033<\/h2>\n<\/div><\/div>\n<\/div>\n<\/div>\n<\/div>\n\n<div class=\"et_pb_section_1 et_pb_section et_section_regular et_block_section\">\n<div class=\"et_pb_row_1 et_pb_row et_pb_equal_columns et_block_row\">\n<div class=\"et_pb_column_2 et_pb_column et_pb_column_1_2 et_block_column et_pb_css_mix_blend_mode_passthrough\">\n<div class=\"et_pb_blurb_0 et_pb_blurb et_pb_bg_layout_light et_pb_text_align_center et_pb_blurb_position_top et_pb_module et_block_module\"><div class=\"et_pb_blurb_content\"><div class=\"et_pb_main_blurb_image\"><span class=\"et_pb_image_wrap et_pb_only_image_mode_wrap\"><img loading=\"lazy\" decoding=\"async\" src=\"https:\/\/sdg2033.world\/wp-content\/uploads\/2026\/04\/Botrus-1.jpg\" width=\"200\" height=\"240\" srcset=\"https:\/\/sdg2033.world\/wp-content\/uploads\/2026\/04\/Botrus-1.jpg 200w\" sizes=\"(max-width: 200px) 100vw, 200px\" class=\"et_animated wp-image-3000\" alt=\"Dr. Peirong Lin\" \/><\/span><\/div><div class=\"et_pb_blurb_container\"><h4 class=\"et_pb_module_header\">Rev. Adv. Botrus Mansour <\/h4><div class=\"et_pb_blurb_description\"><p><strong>  Aleanca Bot\u00ebrore Ungjillore<br \/>Sekretari i P\u00ebrgjithsh\u00ebm<\/strong><\/p>\n<\/div><\/div><\/div><\/div>\n\n<div class=\"et_pb_text_2 et_pb_text et_pb_bg_layout_light et_animated et_pb_module et_block_module et_pb_text_align_center preset--module--divi-text--default\"><div class=\"et_pb_text_inner\"><p>Ne jemi shum\u00eb t\u00eb lumtur me k\u00ebt\u00eb fest\u00eb dhe ju b\u00ebj thirrje t\u00eb regjistroni emrin tuaj n\u00eb k\u00ebt\u00eb hart\u00eb virtuale t\u00eb bot\u00ebs, n\u00eb m\u00ebnyr\u00eb q\u00eb t\u00eb mund t\u00eb vizualizojm\u00eb unitetin ton\u00eb n\u00eb Krishtin. Dhe lutuni p\u00ebr k\u00ebt\u00eb - duke arritur Ungjillin n\u00eb t\u00eb gjith\u00eb bot\u00ebn deri n\u00eb vitin 2033. Zoti t\u00eb bekoft\u00eb.  <\/p>\n<\/div><\/div>\n<\/div>\n\n<div class=\"et_pb_column_3 et_pb_column et_pb_column_1_2 et-last-child et_block_column et_pb_css_mix_blend_mode_passthrough\">\n<div class=\"et_pb_blurb_1 et_pb_blurb et_pb_bg_layout_light et_pb_text_align_center et_pb_blurb_position_top et_pb_module et_block_module\"><div class=\"et_pb_blurb_content\"><div class=\"et_pb_main_blurb_image\"><span class=\"et_pb_image_wrap et_pb_only_image_mode_wrap\"><img loading=\"lazy\" decoding=\"async\" src=\"https:\/\/sdg2033.world\/wp-content\/uploads\/2026\/04\/Reinhard-Schink.jpg\" width=\"200\" height=\"240\" srcset=\"https:\/\/sdg2033.world\/wp-content\/uploads\/2026\/04\/Reinhard-Schink.jpg 200w\" sizes=\"(max-width: 200px) 100vw, 200px\" class=\"et_animated wp-image-3001\" alt=\"Rev. Dr. Frank Hinkelmann\" \/><\/span><\/div><div class=\"et_pb_blurb_container\"><h4 class=\"et_pb_module_header\">Dr. Reinhard Schink<\/h4><div class=\"et_pb_blurb_description\"><p><strong>Aleanca Ungjillore Gjermane<br \/><\/strong><strong>Sekretari i P\u00ebrgjithsh\u00ebm<\/strong><\/p>\n<p><strong><\/strong><\/p>\n<\/div><\/div><\/div><\/div>\n\n<div class=\"et_pb_text_3 et_pb_text et_pb_bg_layout_light et_animated et_pb_module et_block_module et_pb_text_align_center preset--module--divi-text--default\"><div class=\"et_pb_text_inner\"><p>N\u00eb fund t\u00eb fundit, kur jemi t\u00eb ftuar n\u00eb nj\u00eb fest\u00eb dit\u00eblindjeje, jemi m\u00ebsuar t\u00eb themi po. M\u00ebnyra m\u00eb e leht\u00eb p\u00ebr ta b\u00ebr\u00eb k\u00ebt\u00eb \u00ebsht\u00eb kjo: regjistrohuni n\u00eb faqen e internetit dhe klikoni 'Un\u00eb do t\u00eb marr pjes\u00eb'. Duke vepruar k\u00ebshtu, ju d\u00ebshmoni se Jezusi \u00ebsht\u00eb ringjallur. <\/p>\n<\/div><\/div>\n<\/div>\n<\/div>\n\n<div class=\"et_pb_row_2 et_pb_row et_pb_equal_columns et_block_row\">\n<div class=\"et_pb_column_4 et_pb_column et_pb_column_1_2 et_block_column et_pb_css_mix_blend_mode_passthrough\">\n<div class=\"et_pb_blurb_2 et_pb_blurb et_pb_bg_layout_light et_pb_text_align_center et_pb_blurb_position_top et_pb_module et_block_module\"><div class=\"et_pb_blurb_content\"><div class=\"et_pb_main_blurb_image\"><span class=\"et_pb_image_wrap et_pb_only_image_mode_wrap\"><img loading=\"lazy\" decoding=\"async\" src=\"https:\/\/sdg2033.world\/wp-content\/uploads\/2026\/04\/Dr.-Peirong-Lin-_200.jpg\" width=\"200\" height=\"240\" srcset=\"https:\/\/sdg2033.world\/wp-content\/uploads\/2026\/04\/Dr.-Peirong-Lin-_200.jpg 200w\" sizes=\"(max-width: 200px) 100vw, 200px\" class=\"et_animated wp-image-3002\" alt=\"Dr. Peirong Lin\" \/><\/span><\/div><div class=\"et_pb_blurb_container\"><h4 class=\"et_pb_module_header\">Dr. Peirong Lin<\/h4><div class=\"et_pb_blurb_description\"><p><strong>  Aleanca Ungjillore Bot\u00ebrore<br \/> Z\u00ebvend\u00ebs Sekretar i P\u00ebrgjithsh\u00ebm<\/strong><\/p>\n<\/div><\/div><\/div><\/div>\n\n<div class=\"et_pb_text_4 et_pb_text et_pb_bg_layout_light et_animated et_pb_module et_block_module et_pb_text_align_center preset--module--divi-text--default\"><div class=\"et_pb_text_inner\"><p>Ne besojm\u00eb se Soli Deo Gloria 2033 mund t\u00eb jet\u00eb nj\u00eb thirrje globale p\u00ebr adhurim, p\u00ebr unitet, p\u00ebr d\u00ebshmi. Ne mezi presim t\u00eb l\u00ebvizim s\u00eb bashku, t\u00eb lutemi, t\u00eb planifikojm\u00eb dhe t\u00eb p\u00ebrgatitemi. Viti 2033 po vjen, por fillon sot.<\/p>\n<\/div><\/div>\n<\/div>\n\n<div class=\"et_pb_column_5 et_pb_column et_pb_column_1_2 et-last-child et_block_column et_pb_css_mix_blend_mode_passthrough\">\n<div class=\"et_pb_blurb_3 et_pb_blurb et_pb_bg_layout_light et_pb_text_align_center et_pb_blurb_position_top et_pb_module et_block_module\"><div class=\"et_pb_blurb_content\"><div class=\"et_pb_main_blurb_image\"><span class=\"et_pb_image_wrap et_pb_only_image_mode_wrap\"><img loading=\"lazy\" decoding=\"async\" src=\"https:\/\/sdg2033.world\/wp-content\/uploads\/2026\/04\/Frank-Hinkelmann.jpg\" width=\"200\" height=\"240\" srcset=\"https:\/\/sdg2033.world\/wp-content\/uploads\/2026\/04\/Frank-Hinkelmann.jpg 200w\" sizes=\"(max-width: 200px) 100vw, 200px\" class=\"et_animated wp-image-3003\" alt=\"Rev. Dr. Frank Hinkelmann\" \/><\/span><\/div><div class=\"et_pb_blurb_container\"><h4 class=\"et_pb_module_header\">Rev. Dr. Frank Hinkelmann<\/h4><div class=\"et_pb_blurb_description\"><p><strong>Aleanca Evangjeliste Evropiane<br \/> President deri n\u00eb vitin 2025<\/strong><strong> <\/strong><\/p>\n<p><strong><\/strong><\/p>\n<\/div><\/div><\/div><\/div>\n\n<div class=\"et_pb_text_5 et_pb_text et_pb_bg_layout_light et_animated et_pb_module et_block_module et_pb_text_align_center preset--module--divi-text--default\"><div class=\"et_pb_text_inner\"><p>Ne duam t'i ftojm\u00eb njer\u00ebzit n\u00eb mbar\u00eb bot\u00ebn t\u00eb jen\u00eb pjes\u00eb e k\u00ebsaj nisme, t\u00eb quajtur 'Soli Deo Gloria 2033'. Do t\u00eb ishte shum\u00eb mir\u00eb n\u00ebse edhe ti do t\u00eb mund t\u00eb ishe pjes\u00eb e saj.<\/p>\n<\/div><\/div>\n<\/div>\n<\/div>\n\n<div class=\"et_pb_row_3 et_pb_row et_pb_equal_columns et_block_row\">\n<div class=\"et_pb_column_6 et_pb_column et_pb_column_1_2 et_block_column et_pb_css_mix_blend_mode_passthrough\">\n<div class=\"et_pb_blurb_4 et_pb_blurb et_pb_bg_layout_light et_pb_text_align_center et_pb_blurb_position_top et_pb_module et_block_module\"><div class=\"et_pb_blurb_content\"><div class=\"et_pb_main_blurb_image\"><span class=\"et_pb_image_wrap et_pb_only_image_mode_wrap\"><img loading=\"lazy\" decoding=\"async\" src=\"https:\/\/sdg2033.world\/wp-content\/uploads\/2026\/04\/Olivier-Fleury-_200.jpg\" width=\"200\" height=\"240\" srcset=\"https:\/\/sdg2033.world\/wp-content\/uploads\/2026\/04\/Olivier-Fleury-_200.jpg 200w\" sizes=\"(max-width: 200px) 100vw, 200px\" class=\"et_animated wp-image-3004\" alt=\"Olivier Fleury\" \/><\/span><\/div><div class=\"et_pb_blurb_container\"><h4 class=\"et_pb_module_header\">Olivier Fleury<\/h4><div class=\"et_pb_blurb_description\"><p><strong>JC2033<\/strong><br \/><strong>Themelues<\/strong><\/p>\n<\/div><\/div><\/div><\/div>\n\n<div class=\"et_pb_text_6 et_pb_text et_pb_bg_layout_light et_animated et_pb_module et_block_module et_pb_text_align_center preset--module--divi-text--default\"><div class=\"et_pb_text_inner\"><p>Ne kemi t\u00eb nj\u00ebjtin q\u00ebllim: T\u2019i japim lavdi Jezusit dhe t\u00eb sigurohemi q\u00eb t\u00eb gjith\u00eb t\u00eb bashkohen dhe t\u2019i shtrijn\u00eb dor\u00ebn bot\u00ebs.<\/p>\n<\/div><\/div>\n<\/div>\n\n<div class=\"et_pb_column_7 et_pb_column et_pb_column_1_2 et-last-child et_block_column et_pb_css_mix_blend_mode_passthrough\">\n<div class=\"et_pb_blurb_5 et_pb_blurb et_pb_bg_layout_light et_pb_text_align_center et_pb_blurb_position_top et_pb_module et_block_module\"><div class=\"et_pb_blurb_content\"><div class=\"et_pb_main_blurb_image\"><span class=\"et_pb_image_wrap et_pb_only_image_mode_wrap\"><img loading=\"lazy\" decoding=\"async\" src=\"https:\/\/sdg2033.world\/wp-content\/uploads\/2026\/04\/Markus-Rode-_200.jpg\" width=\"200\" height=\"240\" srcset=\"https:\/\/sdg2033.world\/wp-content\/uploads\/2026\/04\/Markus-Rode-_200.jpg 200w\" sizes=\"(max-width: 200px) 100vw, 200px\" class=\"et_animated wp-image-3005\" alt=\"Markus Rode\" \/><\/span><\/div><div class=\"et_pb_blurb_container\"><h4 class=\"et_pb_module_header\">Markus Hip<\/h4><div class=\"et_pb_blurb_description\"><p><strong>Dyer t\u00eb hapura<br \/>Drejtor Gjermani<\/strong><\/p>\n<\/div><\/div><\/div><\/div>\n\n<div class=\"et_pb_text_7 et_pb_text et_pb_bg_layout_light et_animated et_pb_module et_block_module et_pb_text_align_center preset--module--divi-text--default\"><div class=\"et_pb_text_inner\"><p>P\u00ebr 2,000 vjet ka pasur persekutim p\u00ebr hir t\u00eb emrit t\u00eb Jezusit. M\u00eb shum\u00eb se 360 \u200b\u200bmilion\u00eb t\u00eb krishter\u00eb q\u00eb aktualisht vuajn\u00eb nga p\u00ebrndjekje t\u00eb ashpra sepse pohojn\u00eb se Jezusi \u00ebsht\u00eb nj\u00eb d\u00ebshmi e fuqis\u00eb s\u00eb ringjalljes. N\u00eb k\u00ebt\u00eb dit\u00eb, le t\u2019i kujtojm\u00eb edhe ata n\u00eb lutje, sepse ata mezi presin kthimin e Krishtit.  <\/p>\n<\/div><\/div>\n<\/div>\n<\/div>\n\n<div class=\"et_pb_row_4 et_pb_row et_pb_equal_columns et_block_row\">\n<div class=\"et_pb_column_8 et_pb_column et_pb_column_1_2 et_block_column et_pb_css_mix_blend_mode_passthrough\">\n<div class=\"et_pb_blurb_6 et_pb_blurb et_pb_bg_layout_light et_pb_text_align_center et_pb_blurb_position_top et_pb_module et_block_module\"><div class=\"et_pb_blurb_content\"><div class=\"et_pb_main_blurb_image\"><span class=\"et_pb_image_wrap et_pb_only_image_mode_wrap\"><img loading=\"lazy\" decoding=\"async\" src=\"https:\/\/sdg2033.world\/wp-content\/uploads\/2026\/04\/anonym.jpg\" width=\"200\" height=\"240\" srcset=\"https:\/\/sdg2033.world\/wp-content\/uploads\/2026\/04\/anonym.jpg 200w\" sizes=\"(max-width: 200px) 100vw, 200px\" class=\"et_animated wp-image-3006\" \/><\/span><\/div><div class=\"et_pb_blurb_container\"><h4 class=\"et_pb_module_header\">Mbjell\u00ebs anonim i kishave<\/h4><div class=\"et_pb_blurb_description\"><p><strong>India e Veriut<\/strong><\/p>\n<\/div><\/div><\/div><\/div>\n\n<div class=\"et_pb_text_8 et_pb_text et_pb_bg_layout_light et_animated et_pb_module et_block_module et_pb_text_align_center preset--module--divi-text--default\"><div class=\"et_pb_text_inner\"><p>Ju inkurajoj t\u00eb luteni dhe t\u00eb mb\u00ebshtetni k\u00ebt\u00eb l\u00ebvizje t\u00eb jasht\u00ebzakonshme, n\u00eb p\u00ebrjet\u00ebsi do t\u00eb jeni shum\u00eb t\u00eb lumtur q\u00eb e b\u00ebt\u00eb k\u00ebt\u00eb.<\/p>\n<\/div><\/div>\n<\/div>\n\n<div class=\"et_pb_column_9 et_pb_column et_pb_column_1_2 et-last-child et_block_column et_pb_css_mix_blend_mode_passthrough\">\n<div class=\"et_pb_blurb_7 et_pb_blurb et_pb_bg_layout_light et_pb_text_align_center et_pb_blurb_position_top et_pb_module et_block_module\"><div class=\"et_pb_blurb_content\"><div class=\"et_pb_main_blurb_image\"><span class=\"et_pb_image_wrap et_pb_only_image_mode_wrap\"><img loading=\"lazy\" decoding=\"async\" src=\"https:\/\/sdg2033.world\/wp-content\/uploads\/2026\/04\/Pastor-Kokole-Idringi-_200.jpg\" width=\"200\" height=\"240\" srcset=\"https:\/\/sdg2033.world\/wp-content\/uploads\/2026\/04\/Pastor-Kokole-Idringi-_200.jpg 200w\" sizes=\"(max-width: 200px) 100vw, 200px\" class=\"et_animated wp-image-3007\" alt=\"Pastor Kokole Idring&#039;i\" \/><\/span><\/div><div class=\"et_pb_blurb_container\"><h4 class=\"et_pb_module_header\">Pastor Kokole Idring'i<\/h4><div class=\"et_pb_blurb_description\"><p><strong>Kisha Ungjillore CECA20<\/strong><br \/> <strong>President, Kongo<\/strong><\/p>\n<\/div><\/div><\/div><\/div>\n\n<div class=\"et_pb_text_9 et_pb_text et_pb_bg_layout_light et_animated et_pb_module et_block_module et_pb_text_align_center preset--module--divi-text--default\"><div class=\"et_pb_text_inner\"><p>Un\u00eb, Kocole Idring'i Jean-Pierre, festoj ringjalljen e Jezu Krishtit, sepse \u00ebsht\u00eb shpresa ime p\u00ebr jet\u00ebn e p\u00ebrjetshme. N\u00ebp\u00ebrmjet ringjalljes, Jezusi shpallet Biri i Per\u00ebndis\u00eb me fuqi, sipas Romak\u00ebve 1:4. P\u00ebrmes k\u00ebsaj ringjalljeje, Jezusi m\u00eb n\u00eb fund e ka mposhtur bot\u00ebn, Satanin dhe t\u00eb gjith\u00eb pasuesit e tij.  <\/p>\n<\/div><\/div>\n<\/div>\n<\/div>\n<\/div>","protected":false},"excerpt":{"rendered":"","protected":false},"author":1,"featured_media":0,"parent":0,"menu_order":0,"comment_status":"closed","ping_status":"closed","template":"","meta":{"_acf_changed":false,"footnotes":""},"class_list":["post-2099","page","type-page","status-publish","hentry"],"acf":[],"_links":{"self":[{"href":"https:\/\/sdg2033.world\/sq\/wp-json\/wp\/v2\/pages\/2099","targetHints":{"allow":["GET"]}}],"collection":[{"href":"https:\/\/sdg2033.world\/sq\/wp-json\/wp\/v2\/pages"}],"about":[{"href":"https:\/\/sdg2033.world\/sq\/wp-json\/wp\/v2\/types\/page"}],"author":[{"embeddable":true,"href":"https:\/\/sdg2033.world\/sq\/wp-json\/wp\/v2\/users\/1"}],"replies":[{"embeddable":true,"href":"https:\/\/sdg2033.world\/sq\/wp-json\/wp\/v2\/comments?post=2099"}],"version-history":[{"count":0,"href":"https:\/\/sdg2033.world\/sq\/wp-json\/wp\/v2\/pages\/2099\/revisions"}],"wp:attachment":[{"href":"https:\/\/sdg2033.world\/sq\/wp-json\/wp\/v2\/media?parent=2099"}],"curies":[{"name":"wp","href":"https:\/\/api.w.org\/{rel}","templated":true}]}}