{"id":4820,"date":"2026-05-12T12:16:57","date_gmt":"2026-05-12T10:16:57","guid":{"rendered":"https:\/\/sdg2033.world\/add\/"},"modified":"2026-05-15T11:36:46","modified_gmt":"2026-05-15T09:36:46","slug":"add","status":"publish","type":"page","link":"https:\/\/sdg2033.world\/sq\/add\/","title":{"rendered":"Shtoni fest\u00ebn tuaj"},"content":{"rendered":"<div class=\"et_pb_section_0 et_pb_section et_section_regular et_flex_section\">\n<div class=\"et_pb_row_0 et_pb_row et_flex_row\">\n<div class=\"et_pb_column_0 et_pb_column et-last-child et_flex_column et_pb_css_mix_blend_mode_passthrough et_flex_column_24_24 et_flex_column_24_24_tablet et_flex_column_24_24_phone\">\n<div class=\"et_pb_heading_0 et_pb_heading et_pb_module et_flex_module preset--module--divi-heading--default\"><div class=\"et_pb_heading_container\"><h1 class=\"et_pb_module_header\">You don&#039;t have sufficient permissions to access this content.<\/h1><\/div><\/div>\n\n<div class=\"et_pb_text_0 et_pb_text et_pb_bg_layout_light et_pb_module et_flex_module preset--module--divi-text--default\"><div class=\"et_pb_text_inner\"><p>You don&#039;t have sufficient permissions to access this content.<\/p>\n<\/div><\/div>\n\n<div class=\"de_form_builder_form_0 de_form_builder_form de_fb_form et_pb_contact de_fb_mid_de-form-builderform-0 has-hide-until-loaded et_pb_module et_flex_module\"><form method=\"POST\" enctype=\"multipart\/form-data\" action=\"\" id=\"fb_form_4820-1\" class=\"et_pb_contact fb_form   hide_until_loaded \"  data-ajax-btn=\"Submitting...\" data-ajax-hide-sub=\"off\" data-reset-form-on-submit=\"false\" data-scrollto-form-after-submit=\"on\" data-scrollto-form-offset=\"100\" data-form-key=\"4820-1\" data-form-id=\"add_celebration_fast\" data-form-type=\"celebration\" data-auto-login=\"off\" data-unique-id=\"add_celebration_fast\" data-page-id=\"4820\" style=\"display: none;\"><div class=\"divi-form-wrapper\"><input class=\"df_hiden_post_status\" type=\"hidden\" value=\"publish\" name=\"post_status\"><div class=\"dfb-form-fields et_flex_row\" style=\"flex-wrap:wrap;\">\n<div class=\"de_form_builder_form_field_0 de_form_builder_form_field de_fb_form_field clearfix et_pb_column_4_4 et_flex_column_24_24 et_pb_column grid_et_pb_column_4_4_12 et_flex_column_24_24_tablet et_flex_column_24_24_phone dfb_radio_button file_align_left et_pb_module\"><div class=\"et_pb_module_inner\">        <div id=\"de_fb_signin_wrapper\" class=\"field_wrapper search_filter_cont\" data-count=\"100\" role=\"group\" >\n                                    <p class=\"et_pb_contact_field\" data-type=\"checkbox\">\n                    <input type=\"hidden\" name=\"meta_input[]\" value=\"de_fb_signin\"><input type=\"hidden\" name=\"field_title[]\" value=\"Hyni\"\/>                    <span class=\"et_pb_contact_field_options_wrapper\">\n\t\t\t<span class=\"et_pb_contact_field_options_list \"  data-required_message=\"Kjo fush\u00eb \u00ebsht\u00eb e detyrueshme.\" data-required_position=\"bottom\"><span class=\"et_pb_contact_field_checkbox\">\n\t\t\t\t\t<input type=\"checkbox\" id=\"et_pb_contact_de_fb_signin_1_0\" class=\"divi-form-builder-field checkbox-field\" name=\"de_fb_signin[]\" value=\"Ne do t\u00eb festojm\u00eb ringjalljen e Jezu Krishtit 2033\" checked=\"checked\" data-id=\"Ne do t\u00eb festojm\u00eb ringjalljen e Jezu Krishtit 2033\">\n\t\t\t\t\t<label class=\"et_pb_button\" for=\"et_pb_contact_de_fb_signin_1_0\">\n\t\t\t\t\t\t<i><\/i>\n\t\t\t\t\t\t<span class=\"label_wrapper\">\n\t\t\t\t\t\t\t<span>Ne do t\u00eb festojm\u00eb ringjalljen e Jezu Krishtit 2033<\/span>\n\t\t\t\t\t\t\t\n\t\t\t\t\t\t<\/span>\n\t\t\t\t\t<\/label>\n\t\t\t\t<\/span><\/span>\n\t\t<\/span>                <\/p>\n                                <\/div>\n        <\/div><\/div>\n\n<div class=\"de_form_builder_form_field_1 de_form_builder_form_field de_fb_form_field clearfix et_pb_column_1_2 et_flex_column_12_24 et_pb_column grid_et_pb_column_1_2_12 et_flex_column_24_24_tablet et_flex_column_24_24_phone file_align_left et_pb_module et_flex_column_24_24\"><div class=\"et_pb_module_inner\">        <div id=\"de_fb_numbers_wrapper\" class=\"field_wrapper search_filter_cont\" data-count=\"50\" role=\"group\" >\n                                    <p class=\"et_pb_contact_field\" data-type=\"number\">\n                    <input type=\"hidden\" name=\"meta_input[]\" value=\"de_fb_field_68f147e12a87a\"><input type=\"hidden\" name=\"field_title[]\" value=\"Sa persona\"\/>                    \t\t<input type=\"number\" name=\"de_fb_field_68f147e12a87a\" id=\"de_fb_numbers\"  placeholder=\"Sa persona *\" class=\"divi-form-builder-field input-field\" value=\"\"   step=\"any\" required  data-msg-required=\"Kjo fush\u00eb \u00ebsht\u00eb e detyrueshme.\" data-required_position=\"bottom\" autocomplete=\"on\" aria-label=\"Sa persona\" aria-required=\"true\"\/>\n\t\t                <\/p>\n                                <\/div>\n        <\/div><\/div>\n\n<div class=\"de_form_builder_form_field_2 de_form_builder_form_field de_fb_form_field clearfix et_pb_column_1_2 et_flex_column_12_24 et_pb_column grid_et_pb_column_1_2_12 et_flex_column_24_24_tablet et_flex_column_24_24_phone file_align_left et_pb_module et_flex_column_24_24\"><div class=\"et_pb_module_inner\">        <div id=\"de_fb_place_celebration_wrapper\" class=\"field_wrapper search_filter_cont\" data-count=\"50\" role=\"group\" >\n                                    <p class=\"et_pb_contact_field\" data-type=\"input\">\n                    <input type=\"hidden\" name=\"meta_input[]\" value=\"de_fb_field_68f147912a878\"><input type=\"hidden\" name=\"field_title[]\" value=\"Ku do t\u00eb festojm\u00eb\"\/>                    \t\t\t<input type=\"hidden\" name=\"de_fb_field_68f147912a878[lat]\" class=\"de_fb_lat\" value=\"\" \/>\n\t\t<input type=\"hidden\" name=\"de_fb_field_68f147912a878[lng]\" class=\"de_fb_lng\" value=\"\" \/>\n\t\t<input type=\"hidden\" name=\"de_fb_field_68f147912a878[zoom]\" class=\"de_fb_zoom\" value=\"14\" \/>\n\t\t<input type=\"hidden\" name=\"de_fb_field_68f147912a878[place_id]\" class=\"de_fb_place_id\" value=\"\" \/>\n\t\t<input type=\"hidden\" name=\"de_fb_field_68f147912a878[name]\" class=\"de_fb_name\" value=\"\" \/>\n\t\t<input type=\"hidden\" name=\"de_fb_field_68f147912a878[city]\" class=\"de_fb_city\" value=\"\" \/>\n\t\t<input type=\"hidden\" name=\"de_fb_field_68f147912a878[state]\" class=\"de_fb_state\" value=\"\" \/>\n\t\t<input type=\"hidden\" name=\"de_fb_field_68f147912a878[country]\" class=\"de_fb_country\" value=\"\" \/>\n\t\t<input type=\"hidden\" name=\"de_fb_field_68f147912a878[country_short]\" class=\"de_fb_country_short\" value=\"\" \/>\n\t\t\t\n\n\t\t<input type=\"text\"  name=\"de_fb_field_68f147912a878[address]\" id=\"de_fb_place_celebration\" data-calc_default=\"0\" placeholder=\"Ku do t\u00eb festojm\u00eb *\"   class=\"divi-form-builder-field input-field de_fb_autocomplete\" required value=\"\"  data-msg-required=\"Kjo fush\u00eb \u00ebsht\u00eb e detyrueshme.\" data-required_position=\"bottom\" autocomplete=\"on\" aria-label=\"Ku do t\u00eb festojm\u00eb\" aria-required=\"true\" \/>\n\t\t                <\/p>\n                        <span class=\"df_field_description_text\">Ju lutem shkruani adres\u00ebn e festimit<\/span>        <\/div>\n        <\/div><\/div>\n\n<div class=\"de_form_builder_form_field_3 de_form_builder_form_field de_fb_form_field clearfix et_pb_column_1_2 et_flex_column_12_24 et_pb_column grid_et_pb_column_1_2_12 et_flex_column_24_24_tablet et_flex_column_24_24_phone file_align_left et_pb_module et_flex_column_24_24\"><div class=\"et_pb_module_inner\">        <div id=\"de_fb_email_wrapper\" class=\"field_wrapper search_filter_cont\" data-count=\"50\" role=\"group\" >\n                                    <p class=\"et_pb_contact_field\" data-type=\"email\">\n                    <input type=\"hidden\" name=\"meta_input[]\" value=\"de_fb_field_68f147292a876\"><input type=\"hidden\" name=\"field_title[]\" value=\"Email\"\/>                    \t\t\n\n\t\t<input type=\"email\"  name=\"de_fb_field_68f147292a876\" id=\"de_fb_email\"  placeholder=\"Email *\"   class=\"divi-form-builder-field input-field \" required value=\"\"  data-msg-required=\"Kjo fush\u00eb \u00ebsht\u00eb e detyrueshme.\" data-required_position=\"bottom\" data-msg-email=\"Ju lutem shkruani nj\u00eb adres\u00eb e-mail t\u00eb sakt\u00eb.\" autocomplete=\"on\" aria-label=\"Email\" aria-required=\"true\" \/>\n\t\t                <\/p>\n                                <\/div>\n        <\/div><\/div>\n\n<div class=\"de_form_builder_form_field_4 de_form_builder_form_field de_fb_form_field clearfix et_pb_column_4_4 et_flex_column_24_24 et_pb_column grid_et_pb_column_4_4_12 et_flex_column_24_24_tablet et_flex_column_24_24_phone file_align_left dfb_content_text_field et_pb_module\"><div class=\"et_pb_module_inner\">        <div id=\"de_fb_field_1_wrapper\" class=\"field_wrapper search_filter_cont dfb_content_text_field\" data-count=\"100\" role=\"group\" >\n                                    <p class=\"et_pb_contact_field\" data-type=\"html_content\">\n                    <input type=\"hidden\" name=\"field_title[]\" value=\"\"\/>                    <hr>                <\/p>\n                                <\/div>\n        <\/div><\/div>\n\n\n\n<div class=\"de_form_builder_form_field_6 de_form_builder_form_field de_fb_form_field clearfix et_pb_column_1_2 et_flex_column_12_24 et_pb_column grid_et_pb_column_1_2_12 et_flex_column_24_24_tablet et_flex_column_24_24_phone file_align_left et_pb_module et_flex_column_24_24\"><div class=\"et_pb_module_inner\">        <div id=\"de_fb_first_name_wrapper\" class=\"field_wrapper search_filter_cont\" data-count=\"50\" role=\"group\" >\n                                    <p class=\"et_pb_contact_field\" data-type=\"input\">\n                    <input type=\"hidden\" name=\"meta_input[]\" value=\"de_fb_field_68f14527d64f1\"><input type=\"hidden\" name=\"field_title[]\" value=\"Emri (opsional)\"\/>                    \t\t\n\n\t\t<input type=\"text\"  name=\"de_fb_field_68f14527d64f1\" id=\"de_fb_first_name\" data-calc_default=\"0\" placeholder=\"Emri (opsional)\"   class=\"divi-form-builder-field input-field \"  value=\"\"  autocomplete=\"on\" aria-label=\"Emri (opsional)\" \/>\n\t\t                <\/p>\n                                <\/div>\n        <\/div><\/div>\n\n<div class=\"de_form_builder_form_field_7 de_form_builder_form_field de_fb_form_field clearfix et_pb_column_1_2 et_flex_column_12_24 et_pb_column grid_et_pb_column_1_2_12 et_flex_column_24_24_tablet et_flex_column_24_24_phone file_align_left et_pb_module et_flex_column_24_24\"><div class=\"et_pb_module_inner\">        <div id=\"de_fb_last_name_2_wrapper\" class=\"field_wrapper search_filter_cont\" data-count=\"50\" role=\"group\" >\n                                    <p class=\"et_pb_contact_field\" data-type=\"input\">\n                    <input type=\"hidden\" name=\"meta_input[]\" value=\"de_fb_field_68f146c72a874\"><input type=\"hidden\" name=\"field_title[]\" value=\"Mbiemri (opsional)\"\/>                    \t\t\n\n\t\t<input type=\"text\"  name=\"de_fb_field_68f146c72a874\" id=\"de_fb_last_name_2\" data-calc_default=\"0\" placeholder=\"Mbiemri (opsional)\"   class=\"divi-form-builder-field input-field \"  value=\"\"  autocomplete=\"on\" aria-label=\"Mbiemri (opsional)\" \/>\n\t\t                <\/p>\n                                <\/div>\n        <\/div><\/div>\n\n<div class=\"de_form_builder_form_field_8 de_form_builder_form_field de_fb_form_field clearfix et_pb_column_1_2 et_flex_column_12_24 et_pb_column grid_et_pb_column_1_2_12 et_flex_column_24_24_tablet et_flex_column_24_24_phone file_align_left et_pb_module et_flex_column_24_24\"><div class=\"et_pb_module_inner\">        <div id=\"de_fb_website_celebration_wrapper\" class=\"field_wrapper search_filter_cont\" data-count=\"50\" role=\"group\" >\n                                    <p class=\"et_pb_contact_field\" data-type=\"input\">\n                    <input type=\"hidden\" name=\"meta_input[]\" value=\"de_fb_field_68f29b55538bc\"><input type=\"hidden\" name=\"field_title[]\" value=\"Faqja e internetit e festimit (opsionale)\"\/>                    \t\t\n\n\t\t<input type=\"text\"  name=\"de_fb_field_68f29b55538bc\" id=\"de_fb_website_celebration\" data-calc_default=\"0\" placeholder=\"Faqja e internetit e festimit (opsionale)\"   class=\"divi-form-builder-field input-field \"  value=\"\"  autocomplete=\"on\" aria-label=\"Faqja e internetit e festimit (opsionale)\" \/>\n\t\t                <\/p>\n                                <\/div>\n        <\/div><\/div>\n\n<div class=\"de_form_builder_form_field_9 de_form_builder_form_field de_fb_form_field clearfix et_pb_column_1_2 et_flex_column_12_24 et_pb_column grid_et_pb_column_1_2_12 et_flex_column_24_24_tablet et_flex_column_24_24_phone dfb_radio_button file_align_left et_pb_module et_flex_column_24_24\"><div class=\"et_pb_module_inner\">        <div id=\"de_fb_newsletter_add_wrapper\" class=\"field_wrapper search_filter_cont\" data-count=\"50\" role=\"group\" >\n                                    <p class=\"et_pb_contact_field\" data-type=\"checkbox\">\n                    <input type=\"hidden\" name=\"meta_input[]\" value=\"de_fb_field_68f147752a877\"><input type=\"hidden\" name=\"field_title[]\" value=\"Dua t\u00eb marr buletinin\"\/>                    <span class=\"et_pb_contact_field_options_wrapper\">\n\t\t\t<span class=\"et_pb_contact_field_options_list \"  data-required_message=\"Kjo fush\u00eb \u00ebsht\u00eb e detyrueshme.\" data-required_position=\"bottom\"><span class=\"et_pb_contact_field_checkbox\">\n\t\t\t\t\t<input type=\"checkbox\" id=\"et_pb_contact_de_fb_newsletter_add_2_0\" class=\"divi-form-builder-field checkbox-field\" name=\"de_fb_field_68f147752a877[]\" value=\"I want to receive the newsletter\" data-id=\"I want to receive the newsletter\">\n\t\t\t\t\t<label class=\"et_pb_button\" for=\"et_pb_contact_de_fb_newsletter_add_2_0\">\n\t\t\t\t\t\t<i><\/i>\n\t\t\t\t\t\t<span class=\"label_wrapper\">\n\t\t\t\t\t\t\t<span>Dua t\u00eb marr buletinin<\/span>\n\t\t\t\t\t\t\t\n\t\t\t\t\t\t<\/span>\n\t\t\t\t\t<\/label>\n\t\t\t\t<\/span><\/span>\n\t\t<\/span>                <\/p>\n                                <\/div>\n        <\/div><\/div>\n\n<div class=\"de_form_builder_form_field_10 de_form_builder_form_field de_fb_form_field clearfix et_pb_column_4_4 et_flex_column_24_24 et_pb_column grid_et_pb_column_4_4_12 et_flex_column_24_24_tablet et_flex_column_24_24_phone file_align_left dfb_content_text_field et_pb_module\"><div class=\"et_pb_module_inner\">        <div id=\"de_fb_processing_info_wrapper\" class=\"field_wrapper search_filter_cont dfb_content_text_field\" data-count=\"100\" role=\"group\" >\n                                    <p class=\"et_pb_contact_field\" data-type=\"html_content\">\n                    <input type=\"hidden\" name=\"field_title[]\" value=\"Informacion mbi p\u00ebrpunimin\"\/>                    <span>Pasi t\u00eb d\u00ebrgohet, formulari do t\u00eb marr\u00eb nj\u00eb moment p\u00ebr t\u00eb p\u00ebrpunuar t\u00eb dh\u00ebnat. M\u00eb pas do t\u00eb ridrejtoheni automatikisht.<\/span>                <\/p>\n                                <\/div>\n        <\/div><\/div>\n<\/div><\/div><input type=\"hidden\" value=\"https:\/\/sdg2033.world\/sq\/my-celebrations\/\" name=\"redirect_url_after_submission\"><input type=\"hidden\" value=\"4820-1\" name=\"form_key\"><input type=\"hidden\" value=\"add_celebration_fast\" name=\"unique_id\"><input type=\"hidden\" value=\"off\" name=\"enable_payment\"><input type=\"hidden\" value=\"4820\" name=\"dfb_page_id\"><input type=\"hidden\" name=\"fb_nonce\" class=\"fb_nonce\" value=\"6f07ff4171\"><div class=\"et_contact_bottom_container\"><div class=\"submit-container\"><input type=\"text\" name=\"form_type_confirm\" style=\"display:none!important;\" tabindex=\"-1\" autocomplete=\"off\"><div class=\"de_fb_submit_container et_pb_button_fullwidth\"><div class=\"divi-form-submit-container\"><button class=\"divi-form-submit et_pb_button et_pb_button_fullwidth  et_pb_button_fullwidth\" type=\"submit\" aria-label=\"Add your celebration\">Add your celebration<\/button><\/div><input type=\"hidden\" name=\"form_type\" value=\"celebration\"><input type=\"hidden\" name=\"divi-form-submit\" value=\"yes\"><input type=\"hidden\" name=\"form_id\" value=\"add_celebration_fast\"><input type=\"hidden\" name=\"form_display_type\" value=\"in_page\"><\/div><\/div><\/div><\/form><script>\njQuery(document).ready(function($) {\n    \/\/ Wait for jQuery validation plugin to be loaded\n    if (typeof $.validator === 'undefined') {\n        console.error('jQuery Validation plugin not loaded');\n        return;\n    }\n    \n    let old_url = jQuery.validator.methods.url;\n    \n    jQuery.validator.addMethod('url', function(value, element) {\n        if (old_url.call(this, value, element)) {\n            return true;\n        }\n        \n        if (value && !value.startsWith('http:\/\/') && !value.startsWith('https:\/\/')) {\n            return old_url.call(this, 'http:\/\/' + value, element);\n        }\n        \n        return false;\n    }, \"Please enter a valid URL\");\n\n    (function($){\n    var trim = function(s){ return (s || '').trim(); };\n    $.validator.methods.email = function (value, element) {\n        if (this.optional(element)) return true;\n        var v = trim(value);\n        return \/^[^\\s@]+@([^\\s@]+\\.)+[^\\s@]{2,}$\/.test(v);\n    };\n    })(jQuery);\n\n    $.validator.setDefaults({\n        highlight: function(element) {\n            $(element).addClass('input-error');\n            $(element).closest('.et_pb_contact_field').addClass('input-field-error');\n        },\n        unhighlight: function(element) {\n            $(element).removeClass('input-error');\n            $(element).removeAttr('aria-describedby');\n            $(element).closest('.et_pb_contact_field').removeClass('input-field-error');\n            $(element).closest('.et_pb_contact_field').find('label.error').remove();\n        }\n    });\n\n    $('#fb_form_4820-1').validate({\n        normalizer: function(value) {\n            return String(value ?? '').trim();\n        },\n        errorPlacement: function(error, element) {\n            var inputType = String(element.attr('type') || '').toLowerCase();\n            if (inputType === 'checkbox' || inputType === 'radio') {\n                \/\/ Checkbox\/radio required messaging is rendered by the wrapper-based custom flow.\n                \/\/ Skip jQuery Validate's inline label to avoid duplicate default messages.\n                return;\n            }\n            var fieldId = element.attr('id');\n            var errorId = fieldId ? fieldId + '_error' : null;\n            if (errorId) {\n                error.attr('id', errorId).attr('role', 'alert').attr('aria-live', 'polite');\n                element.attr('aria-describedby', errorId);\n            }\n            var message_position = element.attr('data-required_position');\n            if ( message_position == 'top' ) {\n                element.before(error);\n            } else {\n                element.after(error);\n            }\n        }\n    });\n\n    if ($('.de_fb_autocomplete').length > 0 && typeof init_autocomplete_fields == 'function') {\n        init_autocomplete_fields();\n    }\n});\n\nif ( window.history.replaceState ) {\n  window.history.replaceState( null, null, window.location.href );\n}\n\nif ( typeof form_grid_columns === 'function' ) {\n    form_grid_columns();\n}\n<\/script>\n        <\/div>\n<\/div>\n<\/div>\n<\/div>","protected":false},"excerpt":{"rendered":"","protected":false},"author":1,"featured_media":0,"parent":0,"menu_order":0,"comment_status":"closed","ping_status":"closed","template":"","meta":{"_acf_changed":false,"footnotes":""},"class_list":["post-4820","page","type-page","status-publish","hentry"],"acf":[],"_links":{"self":[{"href":"https:\/\/sdg2033.world\/sq\/wp-json\/wp\/v2\/pages\/4820","targetHints":{"allow":["GET"]}}],"collection":[{"href":"https:\/\/sdg2033.world\/sq\/wp-json\/wp\/v2\/pages"}],"about":[{"href":"https:\/\/sdg2033.world\/sq\/wp-json\/wp\/v2\/types\/page"}],"author":[{"embeddable":true,"href":"https:\/\/sdg2033.world\/sq\/wp-json\/wp\/v2\/users\/1"}],"replies":[{"embeddable":true,"href":"https:\/\/sdg2033.world\/sq\/wp-json\/wp\/v2\/comments?post=4820"}],"version-history":[{"count":2,"href":"https:\/\/sdg2033.world\/sq\/wp-json\/wp\/v2\/pages\/4820\/revisions"}],"predecessor-version":[{"id":5139,"href":"https:\/\/sdg2033.world\/sq\/wp-json\/wp\/v2\/pages\/4820\/revisions\/5139"}],"wp:attachment":[{"href":"https:\/\/sdg2033.world\/sq\/wp-json\/wp\/v2\/media?parent=4820"}],"curies":[{"name":"wp","href":"https:\/\/api.w.org\/{rel}","templated":true}]}}