{"id":4830,"date":"2025-10-20T12:09:53","date_gmt":"2025-10-20T10:09:53","guid":{"rendered":"https:\/\/sdg2033.world\/friends\/"},"modified":"2026-05-15T11:36:53","modified_gmt":"2026-05-15T09:36:53","slug":"friends","status":"publish","type":"page","link":"https:\/\/sdg2033.world\/sq\/friends\/","title":{"rendered":"Miqt\u00eb"},"content":{"rendered":"<div class=\"et_pb_section_0 et_pb_section et_section_regular et_block_section\"><div class=\"et_pb_row_0 et_pb_row et_flex_row\"><div class=\"et_pb_column_0 et_pb_column et_block_column et_pb_css_mix_blend_mode_passthrough et_flex_column_24_24 et_flex_column_24_24_tablet et_flex_column_24_24_phone\"><div class=\"et_pb_image_0 et_pb_image et_animated et_pb_module et_block_module\"><span class=\"et_pb_image_wrap\"><img loading=\"lazy\" decoding=\"async\" src=\"https:\/\/sdg2033.world\/wp-content\/uploads\/2026\/04\/sdg_heart_sp.jpg\" width=\"1024\" height=\"1264\" srcset=\"https:\/\/sdg2033.world\/wp-content\/uploads\/2026\/04\/sdg_heart_sp.jpg 1024w, https:\/\/sdg2033.world\/wp-content\/uploads\/2026\/04\/sdg_heart_sp-980x1210.jpg 980w, https:\/\/sdg2033.world\/wp-content\/uploads\/2026\/04\/sdg_heart_sp-480x593.jpg 480w\" sizes=\"(min-width: 0px) and (max-width: 480px) 480px, (min-width: 481px) and (max-width: 980px) 980px, (min-width: 981px) 1024px, 100vw\" class=\"wp-image-2918\" title=\"Soli Deo Gloria 2033\" alt=\"Soli Deo Gloria 2033\" \/><\/span><\/div><\/div><div class=\"et_pb_column_1 et_pb_column et-last-child et_flex_column et_pb_css_mix_blend_mode_passthrough et_flex_column_24_24 et_flex_column_24_24_tablet et_flex_column_24_24_phone vertikal-zentrieren\"><div class=\"et_pb_heading_0 et_pb_heading et_animated et_pb_module et_flex_module preset--module--divi-heading--default\"><div class=\"et_pb_heading_container\"><h1 class=\"et_pb_module_header\">You don&#039;t have sufficient permissions to access this content.<\/h1><\/div><\/div><div class=\"et_pb_text_0 et_pb_text et_pb_bg_layout_light et_animated et_pb_module et_block_module preset--module--divi-text--default\"><div class=\"et_pb_text_inner\"><p>You don&#039;t have sufficient permissions to access this content.<\/p>\n<\/div><\/div><\/div><\/div><\/div>\n\n<div class=\"et_pb_section_1 et_pb_section et_section_regular et_block_section\">\n<div class=\"et_pb_row_1 et_pb_row et_grid_row\"><div data-loop-id=\"loop-slvbg309au\" data-loop-index=\"0\" data-post-id=\"4801\" data-term-id=\"0\" data-user-id=\"0\" class=\"et_pb_column_2 et_pb_column et_flex_column et_pb_css_mix_blend_mode_passthrough\" data-loop-item=\"0\">\n<div class=\"et_pb_group_0 et_pb_group et-last-child et_pb_module et_flex_group et_pb_css_mix_blend_mode_passthrough\">\n<div class=\"et_pb_image_1 et_pb_image et_pb_module et_flex_module\"><span class=\"et_pb_image_wrap\"><img loading=\"lazy\" decoding=\"async\" src=\"https:\/\/sdg2033.world\/wp-content\/uploads\/2026\/04\/Botrus-1.jpg\" alt=\"Rev. Adv. Botrus Mansour\" title=\"Rev. Adv. Botrus Mansour\" width=\"200\" height=\"240\" srcset=\"https:\/\/sdg2033.world\/wp-content\/uploads\/2026\/04\/Botrus-1.jpg 200w\" sizes=\"(max-width: 200px) 100vw, 200px\" class=\"wp-image-3000\" \/><\/span><\/div>\n\n<div class=\"et_pb_heading_1 et_pb_heading et_pb_module et_flex_module preset--module--divi-heading--default\"><div class=\"et_pb_heading_container\"><h3 class=\"et_pb_module_header\">Rev. Adv. Botrus Mansour<\/h3><\/div><\/div>\n\n<div class=\"et_pb_text_1 et_pb_text et_pb_bg_layout_light et_pb_module et_flex_module preset--module--divi-text--default\"><div class=\"et_pb_text_inner\"><p>Aleanca Bot\u00ebrore Ungjillore<\/p>\n<\/div><\/div>\n\n<div class=\"et_pb_text_2 et_pb_text et_pb_bg_layout_light et_pb_module et_flex_module preset--module--divi-text--default\"><div class=\"et_pb_text_inner\"><p>Sekretari i P\u00ebrgjithsh\u00ebm<\/p>\n<\/div><\/div>\n\n<div class=\"et_pb_text_3 et_pb_text et_pb_bg_layout_light et_pb_module et_flex_module preset--module--divi-text--default\"><\/div>\n\n<div class=\"et_pb_text_4 et_pb_text et_pb_bg_layout_light et_pb_module et_flex_module preset--module--divi-text--default\"><div class=\"et_pb_text_inner\"><p>Ne jemi shum\u00eb t\u00eb lumtur me k\u00ebt\u00eb fest\u00eb dhe ju b\u00ebj thirrje t\u00eb regjistroni emrin tuaj n\u00eb k\u00ebt\u00eb hart\u00eb virtuale t\u00eb bot\u00ebs, n\u00eb m\u00ebnyr\u00eb q\u00eb t\u00eb mund t\u00eb vizualizojm\u00eb unitetin ton\u00eb n\u00eb Krishtin. Dhe lutuni p\u00ebr k\u00ebt\u00eb - duke arritur Ungjillin n\u00eb t\u00eb gjith\u00eb bot\u00ebn deri n\u00eb vitin 2033. Zoti t\u00eb bekoft\u00eb.  <\/p>\n<\/div><\/div>\n<\/div>\n<\/div><div data-loop-id=\"loop-slvbg309au\" data-loop-index=\"1\" data-post-id=\"4789\" data-term-id=\"0\" data-user-id=\"0\" class=\"et_pb_column_3 et_pb_column et_flex_column et_pb_css_mix_blend_mode_passthrough\" data-loop-item=\"1\">\n<div class=\"et_pb_group_1 et_pb_group et-last-child et_pb_module et_flex_group et_pb_css_mix_blend_mode_passthrough\">\n<div class=\"et_pb_image_2 et_pb_image et_pb_module et_flex_module\"><span class=\"et_pb_image_wrap\"><img loading=\"lazy\" decoding=\"async\" src=\"https:\/\/sdg2033.world\/wp-content\/uploads\/2026\/04\/Reinhard-Schink.jpg\" alt=\"Dr. Reinhard Schink\" title=\"Dr. Reinhard Schink\" width=\"200\" height=\"240\" srcset=\"https:\/\/sdg2033.world\/wp-content\/uploads\/2026\/04\/Reinhard-Schink.jpg 200w\" sizes=\"(max-width: 200px) 100vw, 200px\" class=\"wp-image-3001\" \/><\/span><\/div>\n\n<div class=\"et_pb_heading_2 et_pb_heading et_pb_module et_flex_module preset--module--divi-heading--default\"><div class=\"et_pb_heading_container\"><h3 class=\"et_pb_module_header\">Dr. Reinhard Schink<\/h3><\/div><\/div>\n\n<div class=\"et_pb_text_5 et_pb_text et_pb_bg_layout_light et_pb_module et_flex_module preset--module--divi-text--default\"><div class=\"et_pb_text_inner\"><p>Aleanca Ungjillore Gjermane<\/p>\n<\/div><\/div>\n\n<div class=\"et_pb_text_6 et_pb_text et_pb_bg_layout_light et_pb_module et_flex_module preset--module--divi-text--default\"><div class=\"et_pb_text_inner\"><p>Sekretari i P\u00ebrgjithsh\u00ebm<\/p>\n<\/div><\/div>\n\n<div class=\"et_pb_text_7 et_pb_text et_pb_bg_layout_light et_pb_module et_flex_module preset--module--divi-text--default\"><div class=\"et_pb_text_inner\"><p>Gjermania<\/p>\n<\/div><\/div>\n\n<div class=\"et_pb_text_8 et_pb_text et_pb_bg_layout_light et_pb_module et_flex_module preset--module--divi-text--default\"><div class=\"et_pb_text_inner\"><p>N\u00eb fund t\u00eb fundit, kur jemi t\u00eb ftuar n\u00eb nj\u00eb fest\u00eb dit\u00eblindjeje, jemi m\u00ebsuar t\u00eb themi po. M\u00ebnyra m\u00eb e leht\u00eb p\u00ebr ta b\u00ebr\u00eb k\u00ebt\u00eb \u00ebsht\u00eb kjo: regjistrohuni n\u00eb faqen e internetit dhe klikoni &#039;Un\u00eb do t\u00eb marr pjes\u00eb&#039;. Duke vepruar k\u00ebshtu, ju d\u00ebshmoni se Jezusi \u00ebsht\u00eb ringjallur. <\/p>\n<\/div><\/div>\n<\/div>\n<\/div><div data-loop-id=\"loop-slvbg309au\" data-loop-index=\"2\" data-post-id=\"4803\" data-term-id=\"0\" data-user-id=\"0\" class=\"et_pb_column_4 et_pb_column et_flex_column et_pb_css_mix_blend_mode_passthrough\" data-loop-item=\"2\">\n<div class=\"et_pb_group_2 et_pb_group et-last-child et_pb_module et_flex_group et_pb_css_mix_blend_mode_passthrough\">\n<div class=\"et_pb_image_3 et_pb_image et_pb_module et_flex_module\"><span class=\"et_pb_image_wrap\"><img loading=\"lazy\" decoding=\"async\" src=\"https:\/\/sdg2033.world\/wp-content\/uploads\/2026\/04\/Dr.-Peirong-Lin-_200.jpg\" alt=\"Dr. Peirong Lin\" title=\"Dr. Peirong Lin\" width=\"200\" height=\"240\" srcset=\"https:\/\/sdg2033.world\/wp-content\/uploads\/2026\/04\/Dr.-Peirong-Lin-_200.jpg 200w\" sizes=\"(max-width: 200px) 100vw, 200px\" class=\"wp-image-3002\" \/><\/span><\/div>\n\n<div class=\"et_pb_heading_3 et_pb_heading et_pb_module et_flex_module preset--module--divi-heading--default\"><div class=\"et_pb_heading_container\"><h3 class=\"et_pb_module_header\">Dr. Peirong Lin<\/h3><\/div><\/div>\n\n<div class=\"et_pb_text_9 et_pb_text et_pb_bg_layout_light et_pb_module et_flex_module preset--module--divi-text--default\"><div class=\"et_pb_text_inner\"><p>Aleanca Bot\u00ebrore Ungjillore<\/p>\n<\/div><\/div>\n\n<div class=\"et_pb_text_10 et_pb_text et_pb_bg_layout_light et_pb_module et_flex_module preset--module--divi-text--default\"><div class=\"et_pb_text_inner\"><p>Z\u00ebvend\u00ebs Sekretari i P\u00ebrgjithsh\u00ebm<\/p>\n<\/div><\/div>\n\n<div class=\"et_pb_text_11 et_pb_text et_pb_bg_layout_light et_pb_module et_flex_module preset--module--divi-text--default\"><\/div>\n\n<div class=\"et_pb_text_12 et_pb_text et_pb_bg_layout_light et_pb_module et_flex_module preset--module--divi-text--default\"><div class=\"et_pb_text_inner\"><p>Ne besojm\u00eb se Soli Deo Gloria 2033 mund t\u00eb jet\u00eb nj\u00eb thirrje globale p\u00ebr adhurim, p\u00ebr unitet, p\u00ebr d\u00ebshmi. Ne mezi presim t\u00eb l\u00ebvizim s\u00eb bashku, t\u00eb lutemi, t\u00eb planifikojm\u00eb dhe t\u00eb p\u00ebrgatitemi. Viti 2033 po vjen, por fillon sot.  <\/p>\n<\/div><\/div>\n<\/div>\n<\/div><div data-loop-id=\"loop-slvbg309au\" data-loop-index=\"3\" data-post-id=\"4805\" data-term-id=\"0\" data-user-id=\"0\" class=\"et_pb_column_5 et_pb_column et_flex_column et_pb_css_mix_blend_mode_passthrough\" data-loop-item=\"3\">\n<div class=\"et_pb_group_3 et_pb_group et-last-child et_pb_module et_flex_group et_pb_css_mix_blend_mode_passthrough\">\n<div class=\"et_pb_image_4 et_pb_image et_pb_module et_flex_module\"><span class=\"et_pb_image_wrap\"><img loading=\"lazy\" decoding=\"async\" src=\"https:\/\/sdg2033.world\/wp-content\/uploads\/2026\/04\/Frank-Hinkelmann.jpg\" alt=\"Rev. Dr. Frank Hinkelmann\" title=\"Rev. Dr. Frank Hinkelmann\" width=\"200\" height=\"240\" srcset=\"https:\/\/sdg2033.world\/wp-content\/uploads\/2026\/04\/Frank-Hinkelmann.jpg 200w\" sizes=\"(max-width: 200px) 100vw, 200px\" class=\"wp-image-3003\" \/><\/span><\/div>\n\n<div class=\"et_pb_heading_4 et_pb_heading et_pb_module et_flex_module preset--module--divi-heading--default\"><div class=\"et_pb_heading_container\"><h3 class=\"et_pb_module_header\">Rev. Dr. Frank Hinkelmann<\/h3><\/div><\/div>\n\n<div class=\"et_pb_text_13 et_pb_text et_pb_bg_layout_light et_pb_module et_flex_module preset--module--divi-text--default\"><div class=\"et_pb_text_inner\"><p>Aleanca Evropiane Ungjillore<\/p>\n<\/div><\/div>\n\n<div class=\"et_pb_text_14 et_pb_text et_pb_bg_layout_light et_pb_module et_flex_module preset--module--divi-text--default\"><div class=\"et_pb_text_inner\"><p>President deri n\u00eb vitin 2025<\/p>\n<\/div><\/div>\n\n<div class=\"et_pb_text_15 et_pb_text et_pb_bg_layout_light et_pb_module et_flex_module preset--module--divi-text--default\"><\/div>\n\n<div class=\"et_pb_text_16 et_pb_text et_pb_bg_layout_light et_pb_module et_flex_module preset--module--divi-text--default\"><div class=\"et_pb_text_inner\"><p>Ne duam t&#039;i ftojm\u00eb njer\u00ebzit n\u00eb mbar\u00eb bot\u00ebn t\u00eb jen\u00eb pjes\u00eb e k\u00ebsaj nisme, t\u00eb quajtur &#039;Soli Deo Gloria 2033&#039;. Do t\u00eb ishte shum\u00eb mir\u00eb n\u00ebse edhe ti do t\u00eb mund t\u00eb ishe pjes\u00eb e saj. <\/p>\n<\/div><\/div>\n<\/div>\n<\/div><div data-loop-id=\"loop-slvbg309au\" data-loop-index=\"4\" data-post-id=\"4795\" data-term-id=\"0\" data-user-id=\"0\" class=\"et_pb_column_6 et_pb_column et_flex_column et_pb_css_mix_blend_mode_passthrough\" data-loop-item=\"4\">\n<div class=\"et_pb_group_4 et_pb_group et-last-child et_pb_module et_flex_group et_pb_css_mix_blend_mode_passthrough\">\n<div class=\"et_pb_image_5 et_pb_image et_pb_module et_flex_module\"><span class=\"et_pb_image_wrap\"><img loading=\"lazy\" decoding=\"async\" src=\"https:\/\/sdg2033.world\/wp-content\/uploads\/2026\/04\/Olivier-Fleury-_200.jpg\" alt=\"Olivier Fleury\" title=\"Olivier Fleury\" width=\"200\" height=\"240\" srcset=\"https:\/\/sdg2033.world\/wp-content\/uploads\/2026\/04\/Olivier-Fleury-_200.jpg 200w\" sizes=\"(max-width: 200px) 100vw, 200px\" class=\"wp-image-3004\" \/><\/span><\/div>\n\n<div class=\"et_pb_heading_5 et_pb_heading et_pb_module et_flex_module preset--module--divi-heading--default\"><div class=\"et_pb_heading_container\"><h3 class=\"et_pb_module_header\">Olivier Fleury<\/h3><\/div><\/div>\n\n<div class=\"et_pb_text_17 et_pb_text et_pb_bg_layout_light et_pb_module et_flex_module preset--module--divi-text--default\"><div class=\"et_pb_text_inner\"><p>JC2033<\/p>\n<\/div><\/div>\n\n<div class=\"et_pb_text_18 et_pb_text et_pb_bg_layout_light et_pb_module et_flex_module preset--module--divi-text--default\"><div class=\"et_pb_text_inner\"><p>Themelues<\/p>\n<\/div><\/div>\n\n<div class=\"et_pb_text_19 et_pb_text et_pb_bg_layout_light et_pb_module et_flex_module preset--module--divi-text--default\"><\/div>\n\n<div class=\"et_pb_text_20 et_pb_text et_pb_bg_layout_light et_pb_module et_flex_module preset--module--divi-text--default\"><div class=\"et_pb_text_inner\"><p>Ne kemi t\u00eb nj\u00ebjtin q\u00ebllim: T\u2019i japim lavdi Jezusit dhe t\u00eb sigurohemi q\u00eb t\u00eb gjith\u00eb t\u00eb bashkohen dhe t\u2019i shtrijn\u00eb dor\u00ebn bot\u00ebs.<\/p>\n<\/div><\/div>\n<\/div>\n<\/div><div data-loop-id=\"loop-slvbg309au\" data-loop-index=\"5\" data-post-id=\"4791\" data-term-id=\"0\" data-user-id=\"0\" class=\"et_pb_column_7 et_pb_column et_flex_column et_pb_css_mix_blend_mode_passthrough\" data-loop-item=\"5\">\n<div class=\"et_pb_group_5 et_pb_group et-last-child et_pb_module et_flex_group et_pb_css_mix_blend_mode_passthrough\">\n<div class=\"et_pb_image_6 et_pb_image et_pb_module et_flex_module\"><span class=\"et_pb_image_wrap\"><img loading=\"lazy\" decoding=\"async\" src=\"https:\/\/sdg2033.world\/wp-content\/uploads\/2026\/04\/Markus-Rode-_200.jpg\" alt=\"Markus Rode\" title=\"Markus Rode\" width=\"200\" height=\"240\" srcset=\"https:\/\/sdg2033.world\/wp-content\/uploads\/2026\/04\/Markus-Rode-_200.jpg 200w\" sizes=\"(max-width: 200px) 100vw, 200px\" class=\"wp-image-3005\" \/><\/span><\/div>\n\n<div class=\"et_pb_heading_6 et_pb_heading et_pb_module et_flex_module preset--module--divi-heading--default\"><div class=\"et_pb_heading_container\"><h3 class=\"et_pb_module_header\">Markus Hip<\/h3><\/div><\/div>\n\n<div class=\"et_pb_text_21 et_pb_text et_pb_bg_layout_light et_pb_module et_flex_module preset--module--divi-text--default\"><div class=\"et_pb_text_inner\"><p>Dyer t\u00eb hapura<\/p>\n<\/div><\/div>\n\n<div class=\"et_pb_text_22 et_pb_text et_pb_bg_layout_light et_pb_module et_flex_module preset--module--divi-text--default\"><div class=\"et_pb_text_inner\"><p>Drejtor Gjermani<\/p>\n<\/div><\/div>\n\n<div class=\"et_pb_text_23 et_pb_text et_pb_bg_layout_light et_pb_module et_flex_module preset--module--divi-text--default\"><\/div>\n\n<div class=\"et_pb_text_24 et_pb_text et_pb_bg_layout_light et_pb_module et_flex_module preset--module--divi-text--default\"><div class=\"et_pb_text_inner\"><p>P\u00ebr 2,000 vjet ka pasur persekutim p\u00ebr hir t\u00eb emrit t\u00eb Jezusit. M\u00eb shum\u00eb se 360 \u200b\u200bmilion\u00eb t\u00eb krishter\u00eb q\u00eb aktualisht vuajn\u00eb nga p\u00ebrndjekje t\u00eb ashpra sepse pohojn\u00eb se Jezusi \u00ebsht\u00eb nj\u00eb d\u00ebshmi e fuqis\u00eb s\u00eb ringjalljes. N\u00eb k\u00ebt\u00eb dit\u00eb, le t\u2019i kujtojm\u00eb edhe ata n\u00eb lutje, sepse ata mezi presin kthimin e Krishtit.  <\/p>\n<\/div><\/div>\n<\/div>\n<\/div><div data-loop-id=\"loop-slvbg309au\" data-loop-index=\"6\" data-post-id=\"4782\" data-term-id=\"0\" data-user-id=\"0\" class=\"et_pb_column_8 et_pb_column et_flex_column et_pb_css_mix_blend_mode_passthrough\" data-loop-item=\"6\">\n<div class=\"et_pb_group_6 et_pb_group et-last-child et_pb_module et_flex_group et_pb_css_mix_blend_mode_passthrough\">\n<div class=\"et_pb_image_7 et_pb_image et_pb_module et_flex_module\"><span class=\"et_pb_image_wrap\"><img loading=\"lazy\" decoding=\"async\" src=\"https:\/\/sdg2033.world\/wp-content\/uploads\/2026\/04\/anonym.jpg\" alt=\"Mbjell\u00ebs anonim i kishave\" title=\"Mbjell\u00ebs anonim i kishave\" width=\"200\" height=\"240\" srcset=\"https:\/\/sdg2033.world\/wp-content\/uploads\/2026\/04\/anonym.jpg 200w\" sizes=\"(max-width: 200px) 100vw, 200px\" class=\"wp-image-3006\" \/><\/span><\/div>\n\n<div class=\"et_pb_heading_7 et_pb_heading et_pb_module et_flex_module preset--module--divi-heading--default\"><div class=\"et_pb_heading_container\"><h3 class=\"et_pb_module_header\">Mbjell\u00ebs anonim i kishave<\/h3><\/div><\/div>\n\n<div class=\"et_pb_text_25 et_pb_text et_pb_bg_layout_light et_pb_module et_flex_module preset--module--divi-text--default\"><\/div>\n\n<div class=\"et_pb_text_26 et_pb_text et_pb_bg_layout_light et_pb_module et_flex_module preset--module--divi-text--default\"><\/div>\n\n<div class=\"et_pb_text_27 et_pb_text et_pb_bg_layout_light et_pb_module et_flex_module preset--module--divi-text--default\"><div class=\"et_pb_text_inner\"><p>India e Veriut<\/p>\n<\/div><\/div>\n\n<div class=\"et_pb_text_28 et_pb_text et_pb_bg_layout_light et_pb_module et_flex_module preset--module--divi-text--default\"><div class=\"et_pb_text_inner\"><p>Ju inkurajoj t\u00eb luteni dhe t\u00eb mb\u00ebshtetni k\u00ebt\u00eb l\u00ebvizje t\u00eb jasht\u00ebzakonshme, n\u00eb p\u00ebrjet\u00ebsi do t\u00eb jeni shum\u00eb t\u00eb lumtur q\u00eb e b\u00ebt\u00eb k\u00ebt\u00eb.<\/p>\n<\/div><\/div>\n<\/div>\n<\/div><div data-loop-id=\"loop-slvbg309au\" data-loop-index=\"7\" data-post-id=\"4798\" data-term-id=\"0\" data-user-id=\"0\" class=\"et_pb_column_9 et_pb_column et-last-child et_flex_column et_pb_css_mix_blend_mode_passthrough\" data-loop-item=\"7\">\n<div class=\"et_pb_group_7 et_pb_group et-last-child et_pb_module et_flex_group et_pb_css_mix_blend_mode_passthrough\">\n<div class=\"et_pb_image_8 et_pb_image et_pb_module et_flex_module\"><span class=\"et_pb_image_wrap\"><img loading=\"lazy\" decoding=\"async\" src=\"https:\/\/sdg2033.world\/wp-content\/uploads\/2026\/04\/Pastor-Kokole-Idringi-_200.jpg\" alt=\"Pastor Kokole Idring&#039;i\" title=\"Pastor Kokole Idring&#039;i\" width=\"200\" height=\"240\" srcset=\"https:\/\/sdg2033.world\/wp-content\/uploads\/2026\/04\/Pastor-Kokole-Idringi-_200.jpg 200w\" sizes=\"(max-width: 200px) 100vw, 200px\" class=\"wp-image-3007\" \/><\/span><\/div>\n\n<div class=\"et_pb_heading_8 et_pb_heading et_pb_module et_flex_module preset--module--divi-heading--default\"><div class=\"et_pb_heading_container\"><h3 class=\"et_pb_module_header\">Pastor Kokole Idring&#039;i<\/h3><\/div><\/div>\n\n<div class=\"et_pb_text_29 et_pb_text et_pb_bg_layout_light et_pb_module et_flex_module preset--module--divi-text--default\"><div class=\"et_pb_text_inner\"><p>Kisha Ungjillore CECA20<\/p>\n<\/div><\/div>\n\n<div class=\"et_pb_text_30 et_pb_text et_pb_bg_layout_light et_pb_module et_flex_module preset--module--divi-text--default\"><div class=\"et_pb_text_inner\"><p>Presidenti<\/p>\n<\/div><\/div>\n\n<div class=\"et_pb_text_31 et_pb_text et_pb_bg_layout_light et_pb_module et_flex_module preset--module--divi-text--default\"><div class=\"et_pb_text_inner\"><p>Kongo<\/p>\n<\/div><\/div>\n\n<div class=\"et_pb_text_32 et_pb_text et_pb_bg_layout_light et_pb_module et_flex_module preset--module--divi-text--default\"><div class=\"et_pb_text_inner\"><p>Un\u00eb, Kocole Idring&#039;i Jean-Pierre, festoj ringjalljen e Jezu Krishtit, sepse \u00ebsht\u00eb shpresa ime p\u00ebr jet\u00ebn e p\u00ebrjetshme. N\u00ebp\u00ebrmjet ringjalljes, Jezusi shpallet Biri i Per\u00ebndis\u00eb me fuqi, sipas Romak\u00ebve 1:4. P\u00ebrmes k\u00ebsaj ringjalljeje, Jezusi m\u00eb n\u00eb fund e ka mposhtur bot\u00ebn, Satanin dhe t\u00eb gjith\u00eb pasuesit e tij.  <\/p>\n<\/div><\/div>\n<\/div>\n<\/div><\/div>\n<\/div>","protected":false},"excerpt":{"rendered":"","protected":false},"author":1,"featured_media":0,"parent":0,"menu_order":0,"comment_status":"closed","ping_status":"closed","template":"","meta":{"_acf_changed":false,"footnotes":""},"class_list":["post-4830","page","type-page","status-publish","hentry"],"acf":[],"_links":{"self":[{"href":"https:\/\/sdg2033.world\/sq\/wp-json\/wp\/v2\/pages\/4830","targetHints":{"allow":["GET"]}}],"collection":[{"href":"https:\/\/sdg2033.world\/sq\/wp-json\/wp\/v2\/pages"}],"about":[{"href":"https:\/\/sdg2033.world\/sq\/wp-json\/wp\/v2\/types\/page"}],"author":[{"embeddable":true,"href":"https:\/\/sdg2033.world\/sq\/wp-json\/wp\/v2\/users\/1"}],"replies":[{"embeddable":true,"href":"https:\/\/sdg2033.world\/sq\/wp-json\/wp\/v2\/comments?post=4830"}],"version-history":[{"count":3,"href":"https:\/\/sdg2033.world\/sq\/wp-json\/wp\/v2\/pages\/4830\/revisions"}],"predecessor-version":[{"id":5147,"href":"https:\/\/sdg2033.world\/sq\/wp-json\/wp\/v2\/pages\/4830\/revisions\/5147"}],"wp:attachment":[{"href":"https:\/\/sdg2033.world\/sq\/wp-json\/wp\/v2\/media?parent=4830"}],"curies":[{"name":"wp","href":"https:\/\/api.w.org\/{rel}","templated":true}]}}